{"id":18002,"date":"2022-07-15T08:40:53","date_gmt":"2022-07-15T06:40:53","guid":{"rendered":"http:\/\/www.cittadellaeditrice.com\/munera\/?page_id=18002"},"modified":"2022-07-15T08:40:53","modified_gmt":"2022-07-15T06:40:53","slug":"munera-22022-nicoletta-rangone-intelligenza-artificiale-e-intelligenza-umana-a-supporto-di-una-buona-amministrazione","status":"publish","type":"page","link":"https:\/\/www.cittadellaeditrice.com\/munera\/tutti-gli-articoli\/munera-22022-nicoletta-rangone-intelligenza-artificiale-e-intelligenza-umana-a-supporto-di-una-buona-amministrazione\/","title":{"rendered":"Munera 2\/2022 &#8211; Nicoletta Rangone &gt;&gt; Intelligenza artificiale e intelligenza umana a supporto di una buona amministrazione"},"content":{"rendered":"<p>Gli algoritmi supportano da tempo varie pubbliche amministrazioni italiane, si pensi all\u2019attribuzione di sedi lavorative agli insegnanti, al calcolo delle tariffe di energia e rifiuti da parte dell\u2019autorit\u00e0 indipendente di settore, alle sovvenzioni allo spettacolo, all\u2019e-procurement (ricerca e acquisizione di beni mediante internet) con aggiudicazione al prezzo pi\u00f9 basso.5 Oltre a questi algoritmi estremamente semplici, basati su una logica lineare, emergono applicazioni dell\u2019intelligenza artificiale (IA) a supporto dell\u2019organizzazione, della prestazione di servizi e del<\/p>\n<p>processo decisionale di varie amministrazioni, centrali e locali.<\/p>\n<p>Le applicazioni dell\u2019IA nel settore pubblico (oltre che privato) hanno messo in luce numerosi vantaggi. Si pensi alla possibilit\u00e0 di processare una enorme mole di dati e dunque di arrivare a decisioni particolarmente informate e precise, cos\u00ec come a una programmazione dei controlli mirata alle attivit\u00e0 o imprese a pi\u00f9 alto rischio (che si tratti di controlli sulla manipolazione dei mercati svolti dalle autorit\u00e0 di vigilanza dei mercati finanziari o della rilevazione di anomalie nell\u2019aggiudicazione di appalti pubblici). Ci\u00f2 comporta non solo un risparmio di tempo e di risorse finanziarie, ma anche il raggiungimento di risultati irrealizzabili dalle pubbliche amministrazioni che si affidino alla sola intelligenza umana. Vanno aggiunti, inoltre, i temi centrali dell\u2019eliminazione dell\u2019errore umano e della riduzione delle occasioni di corruzione. Dunque, si pu\u00f2 dire che le nuove tecnologie supportino il diritto a una buona amministrazione.<\/p>\n<p style=\"text-align: center;\"><a title=\"Acquista\" href=\"javascript:formcompra('3471',1);\"><img alt=\"Acquista l'articolo\" src=\"https:\/\/www.cittadellaeditrice.com\/munera\/wp-content\/uploads\/ico_acquista_digitale.jpg\" width=\"54\" height=\"54\" \/><\/a>\n<br \/><a title=\"Acquista\" href=\"javascript:formcompra('3471','1');\"> per continuare a leggere acquista questo articolo<\/a><\/p><p style=\"text-align:center\"><a href=\"https:\/\/www.cittadellaeditrice.com\/digital\/account\/\">Utente biblioteche abbonate: clicca qui \u00bb<\/a><\/p>","protected":false},"excerpt":{"rendered":"<p>Gli algoritmi supportano da tempo varie pubbliche amministrazioni italiane, si pensi all\u2019attribuzione di sedi lavorative agli insegnanti, al calcolo delle tariffe di energia e rifiuti da parte dell\u2019autorit\u00e0 indipendente di settore, alle sovvenzioni allo spettacolo,&#8230;<\/p>\n","protected":false},"author":1,"featured_media":0,"parent":2840,"menu_order":0,"comment_status":"open","ping_status":"open","template":"","meta":[],"categories":[691],"tags":[692,128,21,387],"_links":{"self":[{"href":"https:\/\/www.cittadellaeditrice.com\/munera\/wp-json\/wp\/v2\/pages\/18002"}],"collection":[{"href":"https:\/\/www.cittadellaeditrice.com\/munera\/wp-json\/wp\/v2\/pages"}],"about":[{"href":"https:\/\/www.cittadellaeditrice.com\/munera\/wp-json\/wp\/v2\/types\/page"}],"author":[{"embeddable":true,"href":"https:\/\/www.cittadellaeditrice.com\/munera\/wp-json\/wp\/v2\/users\/1"}],"replies":[{"embeddable":true,"href":"https:\/\/www.cittadellaeditrice.com\/munera\/wp-json\/wp\/v2\/comments?post=18002"}],"version-history":[{"count":1,"href":"https:\/\/www.cittadellaeditrice.com\/munera\/wp-json\/wp\/v2\/pages\/18002\/revisions"}],"predecessor-version":[{"id":18003,"href":"https:\/\/www.cittadellaeditrice.com\/munera\/wp-json\/wp\/v2\/pages\/18002\/revisions\/18003"}],"up":[{"embeddable":true,"href":"https:\/\/www.cittadellaeditrice.com\/munera\/wp-json\/wp\/v2\/pages\/2840"}],"wp:attachment":[{"href":"https:\/\/www.cittadellaeditrice.com\/munera\/wp-json\/wp\/v2\/media?parent=18002"}],"wp:term":[{"taxonomy":"category","embeddable":true,"href":"https:\/\/www.cittadellaeditrice.com\/munera\/wp-json\/wp\/v2\/categories?post=18002"},{"taxonomy":"post_tag","embeddable":true,"href":"https:\/\/www.cittadellaeditrice.com\/munera\/wp-json\/wp\/v2\/tags?post=18002"}],"curies":[{"name":"wp","href":"https:\/\/api.w.org\/{rel}","templated":true}]}}