{"id":17998,"date":"2022-07-15T08:38:49","date_gmt":"2022-07-15T06:38:49","guid":{"rendered":"http:\/\/www.cittadellaeditrice.com\/munera\/?page_id=17998"},"modified":"2022-07-15T08:38:49","modified_gmt":"2022-07-15T06:38:49","slug":"munera-22022-iolanda-piccinini-marco-isceri-intelligenza-artificiale-lavoro-e-futuro-del-sindacato-brevi-riflessioni","status":"publish","type":"page","link":"https:\/\/www.cittadellaeditrice.com\/munera\/tutti-gli-articoli\/munera-22022-iolanda-piccinini-marco-isceri-intelligenza-artificiale-lavoro-e-futuro-del-sindacato-brevi-riflessioni\/","title":{"rendered":"Munera 2\/2022 &#8211; Iolanda Piccinini, Marco Isceri &gt;&gt; Intelligenza artificiale, lavoro e futuro del Sindacato. Brevi riflessioni"},"content":{"rendered":"<p>L\u2019era della digitalizzazione e la connessa dematerializzazione del lavoro umano sono portatrici di questioni cruciali per il giuslavorista: la velocit\u00e0 dei cambiamenti, talora nel senso della sostituzione, talaltra in quello dell\u2019interazione, nel rapporto uomo-macchina; i problemi di qualificazione e disciplina; la necessit\u00e0 di un approccio multidisciplinare di regolamentazione; la tendenza espansiva del Diritto del lavoro \u201coltre\u201d la subordinazione, per citare i pi\u00f9 rilevanti.<\/p>\n<p>I profili che interessano il Diritto del lavoro sono molteplici e si estendono anche alla dimensione europea, come testimoniano sia il Next Generation Eu, sia l\u2019European Pillar of Social Rights sia, infine, l\u2019Agenda sociale europea.<\/p>\n<p>Il World Economic Forum aveva avvertito che non ci sarebbe stato un \u00abperiodo pi\u00f9 promettente o potenzialmente pericoloso\u00bb, riferendosi, quanto all\u2019elemento \u201cpromettente\u201d, alla crescita economica e, venendo al \u201cpericoloso\u201d, al probabile sconvolgimento del mercato del lavoro che avrebbe potuto produrre \u00abnuove disuguaglianze e fossilizzazione sui ruoli\u00bb.<\/p>\n<p>La digitalizzazione e\u0300 stata in grado di innalzare i livelli generali di reddito, ma anche di produrre effetti distorsivi per il lavoro e la persona. Infatti, nel Libro bianco del 2020 della Commissione Europea si legge: \u00abIl coinvolgimento delle parti sociali sar\u00e0 un fattore cruciale per garantire un approccio antropocentrico all\u2019IA sul lavoro\u00bb.<\/p>\n<p>Le prospettive delle relazioni sindacali e della stessa rappresentanza sono numerose: si pensi ai nuovi contenuti di un Sindacato negoziatore, chiamato a contrattare il rapporto di lavoro tramite piattaforma digitale o da remoto oppure a stipulare accordi di welfare aziendale; si pensi, inoltre, al ruolo del Sindacato quale interlocutore privilegiato per la prevenzione dei rischi da ignoto tecnologico e da tecno-stress, per assistere e formare i dipendenti per un loro upskilling e reskilling, per controllare e vigilare sul funzionamento degli algoritmi e per la tutela della privacy dei lavoratori; si pensi, altres\u00ec, a nuove modalit\u00e0 di conflitto collettivo; si pensi, infine, a una nuova funzione del Sindacato quale agente processuale, per una pi\u00f9 efficace tutela giurisdizionale dell\u2019interesse collettivo e di quelli individuali dei lavoratori.<\/p>\n<p>Del resto, e\u0300 noto che il contratto collettivo svolge sempre meno la tradizionale funzione di una contrattazione acquisitiva di miglioramenti economici, mentre si trova spesso ad amministrare rischi e crisi, distribuendo sacrifici e flessibilizzando le tutele. In effetti, da decenni, l\u2019accordo collettivo tende ad essere sempre meno disciplina di rapporti individuali, quanto pi\u00f9 concretamente e direttamente gestione di interessi collettivi. Soprattutto in un futuro \u2013 come quello che oggi e\u0300 gi\u00e0 presente \u2013 il Sindacato e\u0300 chiamato a riscoprire e rilanciare le sue funzioni.<\/p>\n<p style=\"text-align: center;\"><a title=\"Acquista\" href=\"javascript:formcompra('3469',1);\"><img alt=\"Acquista l'articolo\" src=\"https:\/\/www.cittadellaeditrice.com\/munera\/wp-content\/uploads\/ico_acquista_digitale.jpg\" width=\"54\" height=\"54\" \/><\/a>\n<br \/><a title=\"Acquista\" href=\"javascript:formcompra('3469','1');\"> per continuare a leggere acquista questo articolo<\/a><\/p><p style=\"text-align:center\"><a href=\"https:\/\/www.cittadellaeditrice.com\/digital\/account\/\">Utente biblioteche abbonate: clicca qui \u00bb<\/a><\/p>","protected":false},"excerpt":{"rendered":"<p>L\u2019era della digitalizzazione e la connessa dematerializzazione del lavoro umano sono portatrici di questioni cruciali per il giuslavorista: la velocit\u00e0 dei cambiamenti, talora nel senso della sostituzione, talaltra in quello dell\u2019interazione, nel rapporto uomo-macchina; i&#8230;<\/p>\n","protected":false},"author":1,"featured_media":0,"parent":2840,"menu_order":0,"comment_status":"open","ping_status":"open","template":"","meta":[],"categories":[687,686],"tags":[128,21,387,25,688],"_links":{"self":[{"href":"https:\/\/www.cittadellaeditrice.com\/munera\/wp-json\/wp\/v2\/pages\/17998"}],"collection":[{"href":"https:\/\/www.cittadellaeditrice.com\/munera\/wp-json\/wp\/v2\/pages"}],"about":[{"href":"https:\/\/www.cittadellaeditrice.com\/munera\/wp-json\/wp\/v2\/types\/page"}],"author":[{"embeddable":true,"href":"https:\/\/www.cittadellaeditrice.com\/munera\/wp-json\/wp\/v2\/users\/1"}],"replies":[{"embeddable":true,"href":"https:\/\/www.cittadellaeditrice.com\/munera\/wp-json\/wp\/v2\/comments?post=17998"}],"version-history":[{"count":1,"href":"https:\/\/www.cittadellaeditrice.com\/munera\/wp-json\/wp\/v2\/pages\/17998\/revisions"}],"predecessor-version":[{"id":17999,"href":"https:\/\/www.cittadellaeditrice.com\/munera\/wp-json\/wp\/v2\/pages\/17998\/revisions\/17999"}],"up":[{"embeddable":true,"href":"https:\/\/www.cittadellaeditrice.com\/munera\/wp-json\/wp\/v2\/pages\/2840"}],"wp:attachment":[{"href":"https:\/\/www.cittadellaeditrice.com\/munera\/wp-json\/wp\/v2\/media?parent=17998"}],"wp:term":[{"taxonomy":"category","embeddable":true,"href":"https:\/\/www.cittadellaeditrice.com\/munera\/wp-json\/wp\/v2\/categories?post=17998"},{"taxonomy":"post_tag","embeddable":true,"href":"https:\/\/www.cittadellaeditrice.com\/munera\/wp-json\/wp\/v2\/tags?post=17998"}],"curies":[{"name":"wp","href":"https:\/\/api.w.org\/{rel}","templated":true}]}}