{"id":17987,"date":"2022-07-15T07:57:00","date_gmt":"2022-07-15T05:57:00","guid":{"rendered":"http:\/\/www.cittadellaeditrice.com\/munera\/?page_id=17987"},"modified":"2022-07-15T07:57:00","modified_gmt":"2022-07-15T05:57:00","slug":"munera-22022-marta-bertolaso-margherita-daverio-intelligenza-artificiale-e-sapere-scientifico-la-scienza-rimarra-umana","status":"publish","type":"page","link":"https:\/\/www.cittadellaeditrice.com\/munera\/tutti-gli-articoli\/munera-22022-marta-bertolaso-margherita-daverio-intelligenza-artificiale-e-sapere-scientifico-la-scienza-rimarra-umana\/","title":{"rendered":"Munera 2\/2022 &#8211; Marta Bertolaso, Margherita Daverio &gt;&gt; Intelligenza artificiale e sapere scientifico: la scienza rimarr\u00e0 umana?"},"content":{"rendered":"<p>Lo sviluppo tecnologico ha da sempre offerto nuove opportunit\u00e0 di avanzamento scientifico e sociale. In particolare, negli ultimi decenni, la tecnologia si e\u0300 significativamente avvicinata alle scienze della vita, fornendo strumenti per isolare e modificare i sistemi sperimentali in vitro e offrendo potenza computazionale a supporto ed espansione delle nostre capacit\u00e0 cognitive per la comprensione delle caratteristiche dei sistemi viventi complessi attraverso l\u2019introduzione di modelli e simulazioni digitali. Si tratta di metodi che permettono di modificare e riscrivere determinati processi vitali e caratteristiche dell\u2019organismo consentendo ibridazioni pi\u00f9 audaci e fluide tra design artificiale e sistemi naturali. Di pari passo con le notevoli possibilit\u00e0 di cura e miglioramento della vita umana, da simili sviluppi tecno-scientifici sono emerse anche complesse questioni etiche per quanto riguarda l\u2019impatto e l\u2019applicazione degli stessi sviluppi.<\/p>\n<p>In un orizzonte simile, secondo alcuni filosofi e scienziati gli esseri umani stanno diventando sempre pi\u00f9 superflui nel processo di ricerca della conoscenza, poich\u00e9 la pratica scientifica, avvalendosi delle tecnologie pi\u00f9 avanzate, pu\u00f2 essere automatizzata. Pi\u00f9 precisamente, e\u0300 stato sostenuto che lo scopo stesso dell\u2019intelligenza artificiale (IA) oggi non sia semplicemente quello di imitare l\u2019intelligenza umana, bens\u00ec di implementare un processo scientifico totalmente automatizzato.2 Simili affermazioni sollevano un interrogativo: \u00abLa scienza rimarr\u00e0 umana?\u00bb e generano perplessit\u00e0 sia epistemologiche sia etiche, come avremo modo di vedere.<\/p>\n<p>Nel presente contributo metteremo in luce la centralit\u00e0 del fattore umano nella pratica scientifica a partire da una riflessione concreta sull\u2019automazione della scienza, considerandone i caratteri e le implicazioni epistemologiche. Particolare attenzione verr\u00e0 posta sulla rilevanza delle virt\u00f9 nell\u2019ambito della scienza dei dati. L\u2019ipotesi di fondo e\u0300 che l\u2019attuale esplosione di strumenti tecnologici per la ricerca scientifica faccia emergere la necessit\u00e0 di una rinnovata comprensione del carattere umano della scienza.<\/p>\n<p style=\"text-align: center;\"><a title=\"Acquista\" href=\"javascript:formcompra('3464',1);\"><img alt=\"Acquista l'articolo\" src=\"https:\/\/www.cittadellaeditrice.com\/munera\/wp-content\/uploads\/ico_acquista_digitale.jpg\" width=\"54\" height=\"54\" \/><\/a>\n<br \/><a title=\"Acquista\" href=\"javascript:formcompra('3464','1');\"> per continuare a leggere acquista questo articolo<\/a><\/p><p style=\"text-align:center\"><a href=\"https:\/\/www.cittadellaeditrice.com\/digital\/account\/\">Utente biblioteche abbonate: clicca qui \u00bb<\/a><\/p>","protected":false},"excerpt":{"rendered":"<p>Lo sviluppo tecnologico ha da sempre offerto nuove opportunit\u00e0 di avanzamento scientifico e sociale. In particolare, negli ultimi decenni, la tecnologia si e\u0300 significativamente avvicinata alle scienze della vita, fornendo strumenti per isolare e modificare&#8230;<\/p>\n","protected":false},"author":1,"featured_media":0,"parent":2840,"menu_order":0,"comment_status":"open","ping_status":"open","template":"","meta":[],"categories":[683,678],"tags":[128,21,387,300,396],"_links":{"self":[{"href":"https:\/\/www.cittadellaeditrice.com\/munera\/wp-json\/wp\/v2\/pages\/17987"}],"collection":[{"href":"https:\/\/www.cittadellaeditrice.com\/munera\/wp-json\/wp\/v2\/pages"}],"about":[{"href":"https:\/\/www.cittadellaeditrice.com\/munera\/wp-json\/wp\/v2\/types\/page"}],"author":[{"embeddable":true,"href":"https:\/\/www.cittadellaeditrice.com\/munera\/wp-json\/wp\/v2\/users\/1"}],"replies":[{"embeddable":true,"href":"https:\/\/www.cittadellaeditrice.com\/munera\/wp-json\/wp\/v2\/comments?post=17987"}],"version-history":[{"count":1,"href":"https:\/\/www.cittadellaeditrice.com\/munera\/wp-json\/wp\/v2\/pages\/17987\/revisions"}],"predecessor-version":[{"id":17988,"href":"https:\/\/www.cittadellaeditrice.com\/munera\/wp-json\/wp\/v2\/pages\/17987\/revisions\/17988"}],"up":[{"embeddable":true,"href":"https:\/\/www.cittadellaeditrice.com\/munera\/wp-json\/wp\/v2\/pages\/2840"}],"wp:attachment":[{"href":"https:\/\/www.cittadellaeditrice.com\/munera\/wp-json\/wp\/v2\/media?parent=17987"}],"wp:term":[{"taxonomy":"category","embeddable":true,"href":"https:\/\/www.cittadellaeditrice.com\/munera\/wp-json\/wp\/v2\/categories?post=17987"},{"taxonomy":"post_tag","embeddable":true,"href":"https:\/\/www.cittadellaeditrice.com\/munera\/wp-json\/wp\/v2\/tags?post=17987"}],"curies":[{"name":"wp","href":"https:\/\/api.w.org\/{rel}","templated":true}]}}