{"id":17985,"date":"2022-07-15T07:56:03","date_gmt":"2022-07-15T05:56:03","guid":{"rendered":"http:\/\/www.cittadellaeditrice.com\/munera\/?page_id=17985"},"modified":"2022-07-15T07:56:03","modified_gmt":"2022-07-15T05:56:03","slug":"munera-22022-maurizio-naldi-il-problema-della-fairness-nel-machine-learning","status":"publish","type":"page","link":"https:\/\/www.cittadellaeditrice.com\/munera\/tutti-gli-articoli\/munera-22022-maurizio-naldi-il-problema-della-fairness-nel-machine-learning\/","title":{"rendered":"Munera 2\/2022 &#8211; Maurizio Naldi &gt;&gt; Il problema della fairness nel machine learning"},"content":{"rendered":"<p>Possiamo definire la fairness come l\u2019assenza di pregiudizi o favoritismi (o bias) verso un individuo o un gruppo in base alle sue caratteristiche innate o acquisite. Ogni decisione con impatto sociale pu\u00f2 essere affetta da bias, e il problema della fairness esiste da ben prima dell\u2019avvento del machine learning. Tuttavia, l\u2019utilizzo sempre pi\u00f9 massiccio del machine learning in decisioni con un alto impatto sociale ha reso impellente la valutazione della fairness anche nelle decisioni che si avvalgono di tecniche di machine learning. La necessit\u00e0 e\u0300 resa ancora pi\u00f9 grande dalla possibilit\u00e0 che le decisioni supportate da tecniche di machine learning vengano considerate intrinsecamente oggettive, perch\u00e9 realizzate da una macchina mediante un massiccio utilizzo di dati.<b><\/b><\/p>\n<p>L\u2019obiettivo di questo contributo e\u0300 quindi fornire una breve panoramica delle questioni relative alla fairness nel machine learning, soffermandoci in particolare sulle fonti di unfairness (ossia le tipologie di bias) e sulla misura del grado di fairness.<\/p>\n<p style=\"text-align: center;\"><a title=\"Acquista\" href=\"javascript:formcompra('3463',1);\"><img alt=\"Acquista l'articolo\" src=\"https:\/\/www.cittadellaeditrice.com\/munera\/wp-content\/uploads\/ico_acquista_digitale.jpg\" width=\"54\" height=\"54\" \/><\/a>\n<br \/><a title=\"Acquista\" href=\"javascript:formcompra('3463','1');\"> per continuare a leggere acquista questo articolo<\/a><\/p><p style=\"text-align:center\"><a href=\"https:\/\/www.cittadellaeditrice.com\/digital\/account\/\">Utente biblioteche abbonate: clicca qui \u00bb<\/a><\/p>","protected":false},"excerpt":{"rendered":"<p>Possiamo definire la fairness come l\u2019assenza di pregiudizi o favoritismi (o bias) verso un individuo o un gruppo in base alle sue caratteristiche innate o acquisite. Ogni decisione con impatto sociale pu\u00f2 essere affetta da&#8230;<\/p>\n","protected":false},"author":1,"featured_media":0,"parent":2840,"menu_order":0,"comment_status":"open","ping_status":"open","template":"","meta":[],"categories":[679],"tags":[680,682,387,681],"_links":{"self":[{"href":"https:\/\/www.cittadellaeditrice.com\/munera\/wp-json\/wp\/v2\/pages\/17985"}],"collection":[{"href":"https:\/\/www.cittadellaeditrice.com\/munera\/wp-json\/wp\/v2\/pages"}],"about":[{"href":"https:\/\/www.cittadellaeditrice.com\/munera\/wp-json\/wp\/v2\/types\/page"}],"author":[{"embeddable":true,"href":"https:\/\/www.cittadellaeditrice.com\/munera\/wp-json\/wp\/v2\/users\/1"}],"replies":[{"embeddable":true,"href":"https:\/\/www.cittadellaeditrice.com\/munera\/wp-json\/wp\/v2\/comments?post=17985"}],"version-history":[{"count":1,"href":"https:\/\/www.cittadellaeditrice.com\/munera\/wp-json\/wp\/v2\/pages\/17985\/revisions"}],"predecessor-version":[{"id":17986,"href":"https:\/\/www.cittadellaeditrice.com\/munera\/wp-json\/wp\/v2\/pages\/17985\/revisions\/17986"}],"up":[{"embeddable":true,"href":"https:\/\/www.cittadellaeditrice.com\/munera\/wp-json\/wp\/v2\/pages\/2840"}],"wp:attachment":[{"href":"https:\/\/www.cittadellaeditrice.com\/munera\/wp-json\/wp\/v2\/media?parent=17985"}],"wp:term":[{"taxonomy":"category","embeddable":true,"href":"https:\/\/www.cittadellaeditrice.com\/munera\/wp-json\/wp\/v2\/categories?post=17985"},{"taxonomy":"post_tag","embeddable":true,"href":"https:\/\/www.cittadellaeditrice.com\/munera\/wp-json\/wp\/v2\/tags?post=17985"}],"curies":[{"name":"wp","href":"https:\/\/api.w.org\/{rel}","templated":true}]}}