{"id":17705,"date":"2022-03-17T13:59:24","date_gmt":"2022-03-17T12:59:24","guid":{"rendered":"http:\/\/www.cittadellaeditrice.com\/munera\/?page_id=17705"},"modified":"2022-03-17T14:01:42","modified_gmt":"2022-03-17T13:01:42","slug":"munera-12022-mariapia-garavaglia-salute-e-sanita-dopo-la-pandemia-appunti-per-una-resilienza-trasformativa","status":"publish","type":"page","link":"https:\/\/www.cittadellaeditrice.com\/munera\/tutti-gli-articoli\/munera-12022-mariapia-garavaglia-salute-e-sanita-dopo-la-pandemia-appunti-per-una-resilienza-trasformativa\/","title":{"rendered":"Munera 1\/2022 &#8211; Mariapia Garavaglia &gt;&gt; Salute e sanit\u00e0 dopo la pandemia. Appunti per una resilienza trasformativa"},"content":{"rendered":"<p>Se la pandemia e il Piano Nazionale di Ripresa e Resilienza (PNRR) sembrano sollecitare a un impegno che non ha storia, vorrei qui invece ricordare che il nostro Sistema Sanitario Nazionale (SSN) funziona da 43 anni con risultati per alcuni aspetti critici, ma con sostanziali vantaggi per il benessere della comunit\u00e0. COVID-19 ci fatto registrare difficolt\u00e0, inefficienze e ritardi: quali, allora, le lezioni apprese? La premessa per ogni iniziativa di riordino o di riforma, che non sia una controriforma, non pu\u00f2 abbandonare i pilastri costituzionali che garantiscono il diritto alla tutela della salute per tutti i cittadini e le persone presenti in Italia: universalismo, uguaglianza ed equit\u00e0. Soprattutto abbiamo registrato che dignit\u00e0 e libert\u00e0 devono essere a fondamento della organizzazione, perch\u00e9 il SSN deve offrire il massimo della tecnologia nell\u2019intervento puntuale accanto al massimo dell\u2019accompagnamento nelle malattie croniche. La medicina di base costituisce il punto di accesso alle prestazioni del SSN, ma durante la pandemia ha segnalato la sua insufficienza in relazione al numero di medici di fiducia, alla loro non generalizzata disponibilit\u00e0 e reperibilit\u00e0, nonch\u00e9 alla loro scarsa preparazione a eventi straordinari. Poich\u00e9 si tratta di strutturare una risposta che offra continuit\u00e0 terapeutica, risulta evidente che, se la medicina generale non si integra interamente nel sistema pubblico, la convenzione deve cambiare contenuti per consentire la collaborazione in rete con tutte le vecchie e nuove strutture.<\/p>\n<p>Temo, a questo punto, le illusioni suscitate dal PNRR.<\/p>\n<p style=\"text-align: center;\"><a title=\"Acquista\" href=\"javascript:formcompra('3412',1);\"><img alt=\"Acquista l'articolo\" src=\"https:\/\/www.cittadellaeditrice.com\/munera\/wp-content\/uploads\/ico_acquista_digitale.jpg\" width=\"54\" height=\"54\" \/><\/a>\n<br \/><a title=\"Acquista\" href=\"javascript:formcompra('3412','1');\"> per continuare a leggere acquista questo articolo<\/a><\/p><p style=\"text-align:center\"><a href=\"https:\/\/www.cittadellaeditrice.com\/digital\/account\/\">Utente biblioteche abbonate: clicca qui \u00bb<\/a><\/p>","protected":false},"excerpt":{"rendered":"<p>Se la pandemia e il Piano Nazionale di Ripresa e Resilienza (PNRR) sembrano sollecitare a un impegno che non ha storia, vorrei qui invece ricordare che il nostro Sistema Sanitario Nazionale (SSN) funziona da 43&#8230;<\/p>\n","protected":false},"author":1,"featured_media":0,"parent":2840,"menu_order":0,"comment_status":"open","ping_status":"open","template":"","meta":[],"categories":[663],"tags":[577,653,319,657],"_links":{"self":[{"href":"https:\/\/www.cittadellaeditrice.com\/munera\/wp-json\/wp\/v2\/pages\/17705"}],"collection":[{"href":"https:\/\/www.cittadellaeditrice.com\/munera\/wp-json\/wp\/v2\/pages"}],"about":[{"href":"https:\/\/www.cittadellaeditrice.com\/munera\/wp-json\/wp\/v2\/types\/page"}],"author":[{"embeddable":true,"href":"https:\/\/www.cittadellaeditrice.com\/munera\/wp-json\/wp\/v2\/users\/1"}],"replies":[{"embeddable":true,"href":"https:\/\/www.cittadellaeditrice.com\/munera\/wp-json\/wp\/v2\/comments?post=17705"}],"version-history":[{"count":1,"href":"https:\/\/www.cittadellaeditrice.com\/munera\/wp-json\/wp\/v2\/pages\/17705\/revisions"}],"predecessor-version":[{"id":17706,"href":"https:\/\/www.cittadellaeditrice.com\/munera\/wp-json\/wp\/v2\/pages\/17705\/revisions\/17706"}],"up":[{"embeddable":true,"href":"https:\/\/www.cittadellaeditrice.com\/munera\/wp-json\/wp\/v2\/pages\/2840"}],"wp:attachment":[{"href":"https:\/\/www.cittadellaeditrice.com\/munera\/wp-json\/wp\/v2\/media?parent=17705"}],"wp:term":[{"taxonomy":"category","embeddable":true,"href":"https:\/\/www.cittadellaeditrice.com\/munera\/wp-json\/wp\/v2\/categories?post=17705"},{"taxonomy":"post_tag","embeddable":true,"href":"https:\/\/www.cittadellaeditrice.com\/munera\/wp-json\/wp\/v2\/tags?post=17705"}],"curies":[{"name":"wp","href":"https:\/\/api.w.org\/{rel}","templated":true}]}}