{"id":17391,"date":"2021-11-15T15:59:54","date_gmt":"2021-11-15T14:59:54","guid":{"rendered":"http:\/\/www.cittadellaeditrice.com\/munera\/?page_id=17391"},"modified":"2021-11-15T16:26:06","modified_gmt":"2021-11-15T15:26:06","slug":"munera-32021-mariachiara-fincati-non-abbandonarci-alla-tentazione-il-padre-nostro-riscritto","status":"publish","type":"page","link":"https:\/\/www.cittadellaeditrice.com\/munera\/tutti-gli-articoli\/munera-32021-mariachiara-fincati-non-abbandonarci-alla-tentazione-il-padre-nostro-riscritto\/","title":{"rendered":"Munera 3\/2021 &#8211; Mariachiara Fincati &gt;&gt; \u00abNon abbandonarci alla tentazione\u00bb. Il Padre Nostro riscritto"},"content":{"rendered":"<p>Con il giorno di Pasqua \u00e8 entrata in vigore la terza edizione del Messale Romano. Adottato in molte parrocchie gi\u00e0 a partire dall\u2019inizio dell\u2019Avvento 2020, il nuovo Messale ha introdotto, tra le altre cose, due modifiche alla preghiera del Padre Nostro. Testo biblico, prima ancora che liturgico (e liturgico ancor prima che biblico, si potrebbe dire), il Padre Nostro \u00e8 \u2013 come si sa \u2013 la preghiera che Ges\u00f9 stesso d\u00e0 come modello, nel Vangelo secondo Matteo (<i>Mt <\/i>6,9-13), da cui grossomodo proviene la forma liturgica, e in quello secondo Luca (<i>Lc <\/i>11,2-4), dove la preghiera \u00e8 pi\u00f9 breve.<\/p>\n<p>Due sono le modifiche apportate. La prima \u00e8 l\u2019avverbio \u201canche\u201d anteposto a \u00abnoi li rimettiamo (i debiti) ai nostri debitori\u00bb. \u00c8 un\u2019aggiunta dovuta, visto che l\u2019avverbio \u00e8 presente nell\u2019originale greco e nella formula liturgica del Messale Latino. Ci sarebbe piuttosto da chiedersi come mai fosse stato omesso finora. Il senso tuttavia non cambia percettibilmente. <i>En passant<\/i>, va notato che il verbo, nella versione matteana, \u00e8 un perfetto: \u00abnoi li abbiamo rimessi\u00bb; gi\u00e0 nella <i>Didach\u00e9<\/i>, un <i>Insegnamento <\/i>risalente alla met\u00e0 del II secolo, si trova per\u00f2 il presente, comune peraltro alla versione di Luca. \u00c8 questo \u2013 o meglio, \u201cera\u201d questo \u2013 l\u2019unico scostamento della forma liturgica dal testo matteano; scostamento peraltro impercettibile a chi non risalisse al greco, perch\u00e9 la traduzione CEI 2008, come gi\u00e0 la precedente CEI 1974, ha il verbo al presente.<\/p>\n<p>La seconda \u00e8 la pi\u00f9 scottante.<\/p>\n<p style=\"text-align: center;\"><a title=\"Acquista\" href=\"javascript:formcompra('3250',1);\"><img alt=\"Acquista l'articolo\" src=\"https:\/\/www.cittadellaeditrice.com\/munera\/wp-content\/uploads\/ico_acquista_digitale.jpg\" width=\"54\" height=\"54\" \/><\/a>\n<br \/><a title=\"Acquista\" href=\"javascript:formcompra('3250','1');\"> per continuare a leggere acquista questo articolo<\/a><\/p><p style=\"text-align:center\"><a href=\"https:\/\/www.cittadellaeditrice.com\/digital\/account\/\">Utente biblioteche abbonate: clicca qui \u00bb<\/a><\/p>","protected":false},"excerpt":{"rendered":"<p>Con il giorno di Pasqua \u00e8 entrata in vigore la terza edizione del Messale Romano. Adottato in molte parrocchie gi\u00e0 a partire dall\u2019inizio dell\u2019Avvento 2020, il nuovo Messale ha introdotto, tra le altre cose, due&#8230;<\/p>\n","protected":false},"author":1,"featured_media":0,"parent":2840,"menu_order":0,"comment_status":"open","ping_status":"open","template":"","meta":[],"categories":[650],"tags":[13,646,647],"_links":{"self":[{"href":"https:\/\/www.cittadellaeditrice.com\/munera\/wp-json\/wp\/v2\/pages\/17391"}],"collection":[{"href":"https:\/\/www.cittadellaeditrice.com\/munera\/wp-json\/wp\/v2\/pages"}],"about":[{"href":"https:\/\/www.cittadellaeditrice.com\/munera\/wp-json\/wp\/v2\/types\/page"}],"author":[{"embeddable":true,"href":"https:\/\/www.cittadellaeditrice.com\/munera\/wp-json\/wp\/v2\/users\/1"}],"replies":[{"embeddable":true,"href":"https:\/\/www.cittadellaeditrice.com\/munera\/wp-json\/wp\/v2\/comments?post=17391"}],"version-history":[{"count":1,"href":"https:\/\/www.cittadellaeditrice.com\/munera\/wp-json\/wp\/v2\/pages\/17391\/revisions"}],"predecessor-version":[{"id":17392,"href":"https:\/\/www.cittadellaeditrice.com\/munera\/wp-json\/wp\/v2\/pages\/17391\/revisions\/17392"}],"up":[{"embeddable":true,"href":"https:\/\/www.cittadellaeditrice.com\/munera\/wp-json\/wp\/v2\/pages\/2840"}],"wp:attachment":[{"href":"https:\/\/www.cittadellaeditrice.com\/munera\/wp-json\/wp\/v2\/media?parent=17391"}],"wp:term":[{"taxonomy":"category","embeddable":true,"href":"https:\/\/www.cittadellaeditrice.com\/munera\/wp-json\/wp\/v2\/categories?post=17391"},{"taxonomy":"post_tag","embeddable":true,"href":"https:\/\/www.cittadellaeditrice.com\/munera\/wp-json\/wp\/v2\/tags?post=17391"}],"curies":[{"name":"wp","href":"https:\/\/api.w.org\/{rel}","templated":true}]}}