{"id":17379,"date":"2021-11-15T15:51:55","date_gmt":"2021-11-15T14:51:55","guid":{"rendered":"http:\/\/www.cittadellaeditrice.com\/munera\/?page_id=17379"},"modified":"2021-11-15T15:51:55","modified_gmt":"2021-11-15T14:51:55","slug":"munera-32021-raffaele-mellace-il-suono-di-dante","status":"publish","type":"page","link":"https:\/\/www.cittadellaeditrice.com\/munera\/tutti-gli-articoli\/munera-32021-raffaele-mellace-il-suono-di-dante\/","title":{"rendered":"Munera 3\/2021 &#8211; Raffaele Mellace &gt;&gt; Il suono di Dante"},"content":{"rendered":"<p>Che la musica significasse molto per Dante, \u00e8 lui stesso a dircelo. Ne esalta il potere irresistibile nel <i>Convivio <\/i>(II, XIII,24): \u00abLa Musica trae a s\u00e9 gli spiriti umani, che sono vapori del cuore, sicch\u00e9 quasi cessano da ogni operazione: si \u00e8 l\u2019anima intera, quando l\u2019ode, e la virt\u00f9 di tutti quasi corre a lo spirito sensibile che riceve lo suono\u00bb. La dichiara luogo della presenza di Amore nella <i>Vita nova <\/i>(XII,8): \u00abQueste parole [&#8230;] falle adornare di soave armonia ne la quale io sar\u00f2 tutte le volte che far\u00e0 mestiere\u00bb. La frequenta soprattutto nella <i>Commedia<\/i>, con la ben nota sensibilit\u00e0 nell\u2019accordare l\u2019evocazione di qualsiasi fenomeno (dunque, anche quelli musicali) alla condizione spirituale degli interlocutori (dannati, penitenti, beati) e al paesaggio ultraterreno che ne costituisce l\u2019emanazione. Cos\u00ec la musica tace completamente all\u2019<i>Inferno<\/i>, luogo adatto soltanto a sonorit\u00e0 aspre, dolorose, indecenti, presentate gi\u00e0 dal primo, celebre impatto dei due viaggiatori, accolti da un concerto dell\u2019orrore: \u00abQuivi sospiri, pianti e alti guai \/ risonavan per l\u2019aere sanza stelle ecc.\u00bb (<i>Inferno <\/i>III,22-30), vero campionario di suoni disarmonici. Risuona invece ovunque, e \u00abdolcemente\u00bb, nel <i>Purgatorio<\/i>, nel- la memoria dei professionisti (musicisti, liutai, trovatori) che l\u2019hanno praticata in vita: Casella, che accenna a una canzone su testo di Dante (<i>Purgatorio <\/i>II,112-117), Belacqua, Sordello, Arnaut Daniel, e nei canti liturgici intonati dai penitenti ad accompagnare il pellegrinaggio per antonomasia. Infine, \u00e8 simbolo di sublime, estatica armonia la \u00abdolce sinfonia di Paradiso\u00bb (<i>Paradiso <\/i>XXI,59).<\/p>\n<p style=\"text-align: center;\"><a title=\"Acquista\" href=\"javascript:formcompra('3244',1);\"><img alt=\"Acquista l'articolo\" src=\"https:\/\/www.cittadellaeditrice.com\/munera\/wp-content\/uploads\/ico_acquista_digitale.jpg\" width=\"54\" height=\"54\" \/><\/a>\n<br \/><a title=\"Acquista\" href=\"javascript:formcompra('3244','1');\"> per continuare a leggere acquista questo articolo<\/a><\/p><p style=\"text-align:center\"><a href=\"https:\/\/www.cittadellaeditrice.com\/digital\/account\/\">Utente biblioteche abbonate: clicca qui \u00bb<\/a><\/p>","protected":false},"excerpt":{"rendered":"<p>Che la musica significasse molto per Dante, \u00e8 lui stesso a dircelo. Ne esalta il potere irresistibile nel Convivio (II, XIII,24): \u00abLa Musica trae a s\u00e9 gli spiriti umani, che sono vapori del cuore, sicch\u00e9&#8230;<\/p>\n","protected":false},"author":1,"featured_media":0,"parent":2840,"menu_order":0,"comment_status":"open","ping_status":"open","template":"","meta":[],"categories":[79],"tags":[641,640,120,491],"_links":{"self":[{"href":"https:\/\/www.cittadellaeditrice.com\/munera\/wp-json\/wp\/v2\/pages\/17379"}],"collection":[{"href":"https:\/\/www.cittadellaeditrice.com\/munera\/wp-json\/wp\/v2\/pages"}],"about":[{"href":"https:\/\/www.cittadellaeditrice.com\/munera\/wp-json\/wp\/v2\/types\/page"}],"author":[{"embeddable":true,"href":"https:\/\/www.cittadellaeditrice.com\/munera\/wp-json\/wp\/v2\/users\/1"}],"replies":[{"embeddable":true,"href":"https:\/\/www.cittadellaeditrice.com\/munera\/wp-json\/wp\/v2\/comments?post=17379"}],"version-history":[{"count":1,"href":"https:\/\/www.cittadellaeditrice.com\/munera\/wp-json\/wp\/v2\/pages\/17379\/revisions"}],"predecessor-version":[{"id":17380,"href":"https:\/\/www.cittadellaeditrice.com\/munera\/wp-json\/wp\/v2\/pages\/17379\/revisions\/17380"}],"up":[{"embeddable":true,"href":"https:\/\/www.cittadellaeditrice.com\/munera\/wp-json\/wp\/v2\/pages\/2840"}],"wp:attachment":[{"href":"https:\/\/www.cittadellaeditrice.com\/munera\/wp-json\/wp\/v2\/media?parent=17379"}],"wp:term":[{"taxonomy":"category","embeddable":true,"href":"https:\/\/www.cittadellaeditrice.com\/munera\/wp-json\/wp\/v2\/categories?post=17379"},{"taxonomy":"post_tag","embeddable":true,"href":"https:\/\/www.cittadellaeditrice.com\/munera\/wp-json\/wp\/v2\/tags?post=17379"}],"curies":[{"name":"wp","href":"https:\/\/api.w.org\/{rel}","templated":true}]}}