{"id":17371,"date":"2021-11-15T15:44:30","date_gmt":"2021-11-15T14:44:30","guid":{"rendered":"http:\/\/www.cittadellaeditrice.com\/munera\/?page_id=17371"},"modified":"2021-11-15T15:44:30","modified_gmt":"2021-11-15T14:44:30","slug":"munera-32021-pierantonio-frare-la-commedia-unopera-per-noi","status":"publish","type":"page","link":"https:\/\/www.cittadellaeditrice.com\/munera\/tutti-gli-articoli\/munera-32021-pierantonio-frare-la-commedia-unopera-per-noi\/","title":{"rendered":"Munera 3\/2021 &#8211; Pierantonio Frare  &gt;&gt;  La Commedia: un\u2019opera per noi"},"content":{"rendered":"<p>Dante. Cio\u00e8, senza far torto alle altre opere, la <i>Commedia<\/i>. Anzi, la <i>Divina Commedia<\/i>, o addirittura \u201cla divina\u201d, come mi risulta venga spesso chiamata dagli studenti, con ellissi forse pigra, ma significativa. Perch\u00e9 una persona mediamente colta e sana di mente dovrebbe affrontare la lettura di un\u2019opera di settecento anni fa in cui si racconta che un tizio sperduto in una foresta attraversa l\u2019inferno, il purgatorio e il paradiso per giungere alla visione di Dio? Fanfaluche, evidentemente, raccontate in 14.233 versi in terzine, per di pi\u00f9 infarcite di filosofia vetusta e di una cosmologia sorpassata, per non dire ridicola. Non \u00e8 roba per lettori d\u2019oggigiorno, che hanno poco tempo e questioni pi\u00f9 importanti di cui occuparsi.<\/p>\n<p>Eppure. Eppure le scuole, di ogni ordine e grado (s\u00ec, anche quelle dell\u2019infanzia e le primarie, dove maestre fiduciose nei loro alunni hanno il coraggio di proporre una prima conoscenza dell\u2019opera) sono piene di studenti che, nonostante le inevitabili difficolt\u00e0 (o forse proprio a causa di esse) si entusiasmano per il libro di Dante; e cos\u00ec milioni di persone nel mondo, non solo in Italia. Provare a darne la ragione \u00e8 difficile: ciascun lettore si crea, per cos\u00ec dire, la propria <i>Commedia<\/i>.<\/p>\n<p style=\"text-align: center;\"><a title=\"Acquista\" href=\"javascript:formcompra('3240',1);\"><img alt=\"Acquista l'articolo\" src=\"https:\/\/www.cittadellaeditrice.com\/munera\/wp-content\/uploads\/ico_acquista_digitale.jpg\" width=\"54\" height=\"54\" \/><\/a>\n<br \/><a title=\"Acquista\" href=\"javascript:formcompra('3240','1');\"> per continuare a leggere acquista questo articolo<\/a><\/p><p style=\"text-align:center\"><a href=\"https:\/\/www.cittadellaeditrice.com\/digital\/account\/\">Utente biblioteche abbonate: clicca qui \u00bb<\/a><\/p>","protected":false},"excerpt":{"rendered":"<p>Dante. Cio\u00e8, senza far torto alle altre opere, la Commedia. Anzi, la Divina Commedia, o addirittura \u201cla divina\u201d, come mi risulta venga spesso chiamata dagli studenti, con ellissi forse pigra, ma significativa. Perch\u00e9 una persona&#8230;<\/p>\n","protected":false},"author":1,"featured_media":0,"parent":2840,"menu_order":0,"comment_status":"open","ping_status":"open","template":"","meta":[],"categories":[129],"tags":[641,640,120,131],"_links":{"self":[{"href":"https:\/\/www.cittadellaeditrice.com\/munera\/wp-json\/wp\/v2\/pages\/17371"}],"collection":[{"href":"https:\/\/www.cittadellaeditrice.com\/munera\/wp-json\/wp\/v2\/pages"}],"about":[{"href":"https:\/\/www.cittadellaeditrice.com\/munera\/wp-json\/wp\/v2\/types\/page"}],"author":[{"embeddable":true,"href":"https:\/\/www.cittadellaeditrice.com\/munera\/wp-json\/wp\/v2\/users\/1"}],"replies":[{"embeddable":true,"href":"https:\/\/www.cittadellaeditrice.com\/munera\/wp-json\/wp\/v2\/comments?post=17371"}],"version-history":[{"count":1,"href":"https:\/\/www.cittadellaeditrice.com\/munera\/wp-json\/wp\/v2\/pages\/17371\/revisions"}],"predecessor-version":[{"id":17372,"href":"https:\/\/www.cittadellaeditrice.com\/munera\/wp-json\/wp\/v2\/pages\/17371\/revisions\/17372"}],"up":[{"embeddable":true,"href":"https:\/\/www.cittadellaeditrice.com\/munera\/wp-json\/wp\/v2\/pages\/2840"}],"wp:attachment":[{"href":"https:\/\/www.cittadellaeditrice.com\/munera\/wp-json\/wp\/v2\/media?parent=17371"}],"wp:term":[{"taxonomy":"category","embeddable":true,"href":"https:\/\/www.cittadellaeditrice.com\/munera\/wp-json\/wp\/v2\/categories?post=17371"},{"taxonomy":"post_tag","embeddable":true,"href":"https:\/\/www.cittadellaeditrice.com\/munera\/wp-json\/wp\/v2\/tags?post=17371"}],"curies":[{"name":"wp","href":"https:\/\/api.w.org\/{rel}","templated":true}]}}