{"id":16703,"date":"2021-02-09T12:55:03","date_gmt":"2021-02-09T11:55:03","guid":{"rendered":"http:\/\/www.cittadellaeditrice.com\/munera\/?page_id=16703"},"modified":"2021-02-09T12:55:03","modified_gmt":"2021-02-09T11:55:03","slug":"munera-12021-elena-granata-i-boschi-urbani-saranno-le-fabbriche-del-nostro-futuro","status":"publish","type":"page","link":"https:\/\/www.cittadellaeditrice.com\/munera\/tutti-gli-articoli\/munera-12021-elena-granata-i-boschi-urbani-saranno-le-fabbriche-del-nostro-futuro\/","title":{"rendered":"Munera 1\/2021 &#8211; Elena Granata &gt;&gt; I boschi urbani saranno le fabbriche del nostro futuro"},"content":{"rendered":"<p>Siamo culturalmente abituati a ragionare sulle citt\u00e0 a partire dallo spazio, secondo una logica mono-dimensionale. Come se tutto dipendesse dal buon disegno \u2013 in pianta \u2013 di edifici, spazi aperti, verde urbano e servizi. Come se tutto dipendesse da una pianificazione puntuale e da ordinamenti stringenti. Ma le citt\u00e0 \u2013 oggi pi\u00f9 che mai \u2013 hanno molto a che fare pi\u00f9 col \u201ctempo\u201d (con i tempi della citt\u00e0, con il tempo lungo della natura) che con lo spazio e dobbiamo sforzarci di pensare a luoghi e comportamenti in questo modo.\u00a0 I cambiamenti climatici e il loro impatto sulle nostre vite ci chiedono di ripensare in modo radicale alle citt\u00e0, di riportare la natura nei contesti urbani, di investire sulla rigenerazione dei manufatti e degli spazi aperti. Abbiamo gi\u00e0 costruito tanto, abbiamo gi\u00e0 costruito troppo. Oggi serve il coraggio di ripensare le citt\u00e0 a partire dai loro spazi aperti, naturali, condivisi.<\/p>\n<p>Servirebbe quel coraggio politico che ebbero, nella met\u00e0 dell\u2019Ottocento, Frederick Law Olmsted e Calvert Vaux che immaginarono il Central Park di New York, un parco che sembra naturale ma che fu progettato dalla volont\u00e0 umana in ogni suo dettaglio. La citt\u00e0 in quegli anni godeva di uno straordinario sviluppo urbano, erano sorti i primi grattacieli e lo spazio edificabile era un bene davvero scarso e quindi prezioso. La sola idea di rinunciare a quel suolo apparve a tanti una cosa assurda. Ma \u00e8 proprio in quel momento che la citt\u00e0 \u2013 su suggerimento di un\u2019urbanistica attenta al bene comune \u2013 riusc\u00ec a immaginare un gesto straordinario, scegliendo di realizzare un grande parco a disposizione di tutti. Certamente si pensava alla salute delle persone ma, pi\u00f9 in generale, il progetto rispondeva a una moderna idea di benessere collettivo. Il Central Park rappresenta ancora oggi l\u2019opera di bonifica ambientale e di ri-naturalizzazione per antonomasia, da cui possiamo imparare.<\/p>\n<p style=\"text-align: center;\"><a title=\"Acquista\" href=\"javascript:formcompra('3114',1);\"><img alt=\"Acquista l'articolo\" src=\"https:\/\/www.cittadellaeditrice.com\/munera\/wp-content\/uploads\/ico_acquista_digitale.jpg\" width=\"54\" height=\"54\" \/><\/a>\n<br \/><a title=\"Acquista\" href=\"javascript:formcompra('3114','1');\"> per continuare a leggere acquista questo articolo<\/a><\/p><p style=\"text-align:center\"><a href=\"https:\/\/www.cittadellaeditrice.com\/digital\/account\/\">Utente biblioteche abbonate: clicca qui \u00bb<\/a><\/p>","protected":false},"excerpt":{"rendered":"<p>Siamo culturalmente abituati a ragionare sulle citt\u00e0 a partire dallo spazio, secondo una logica mono-dimensionale. Come se tutto dipendesse dal buon disegno \u2013 in pianta \u2013 di edifici, spazi aperti, verde urbano e servizi. Come&#8230;<\/p>\n","protected":false},"author":1,"featured_media":0,"parent":2840,"menu_order":0,"comment_status":"open","ping_status":"open","template":"","meta":[],"categories":[625],"tags":[392,617,616],"_links":{"self":[{"href":"https:\/\/www.cittadellaeditrice.com\/munera\/wp-json\/wp\/v2\/pages\/16703"}],"collection":[{"href":"https:\/\/www.cittadellaeditrice.com\/munera\/wp-json\/wp\/v2\/pages"}],"about":[{"href":"https:\/\/www.cittadellaeditrice.com\/munera\/wp-json\/wp\/v2\/types\/page"}],"author":[{"embeddable":true,"href":"https:\/\/www.cittadellaeditrice.com\/munera\/wp-json\/wp\/v2\/users\/1"}],"replies":[{"embeddable":true,"href":"https:\/\/www.cittadellaeditrice.com\/munera\/wp-json\/wp\/v2\/comments?post=16703"}],"version-history":[{"count":1,"href":"https:\/\/www.cittadellaeditrice.com\/munera\/wp-json\/wp\/v2\/pages\/16703\/revisions"}],"predecessor-version":[{"id":16704,"href":"https:\/\/www.cittadellaeditrice.com\/munera\/wp-json\/wp\/v2\/pages\/16703\/revisions\/16704"}],"up":[{"embeddable":true,"href":"https:\/\/www.cittadellaeditrice.com\/munera\/wp-json\/wp\/v2\/pages\/2840"}],"wp:attachment":[{"href":"https:\/\/www.cittadellaeditrice.com\/munera\/wp-json\/wp\/v2\/media?parent=16703"}],"wp:term":[{"taxonomy":"category","embeddable":true,"href":"https:\/\/www.cittadellaeditrice.com\/munera\/wp-json\/wp\/v2\/categories?post=16703"},{"taxonomy":"post_tag","embeddable":true,"href":"https:\/\/www.cittadellaeditrice.com\/munera\/wp-json\/wp\/v2\/tags?post=16703"}],"curies":[{"name":"wp","href":"https:\/\/api.w.org\/{rel}","templated":true}]}}