{"id":16701,"date":"2021-02-09T12:53:53","date_gmt":"2021-02-09T11:53:53","guid":{"rendered":"http:\/\/www.cittadellaeditrice.com\/munera\/?page_id=16701"},"modified":"2021-02-09T12:53:53","modified_gmt":"2021-02-09T11:53:53","slug":"munera-12021-andrea-giuliacci-la-lotta-al-cambiamento-climatico","status":"publish","type":"page","link":"https:\/\/www.cittadellaeditrice.com\/munera\/tutti-gli-articoli\/munera-12021-andrea-giuliacci-la-lotta-al-cambiamento-climatico\/","title":{"rendered":"Munera 1\/2021 &#8211; Andrea Giuliacci &gt;&gt; La lotta al cambiamento climatico"},"content":{"rendered":"<p>\u00abIl clima non \u00e8 pi\u00f9 quello di un tempo\u00bb. Quante volte abbiamo sentito ripetere questa frase o, magari, l\u2019abbiamo fatta nostra, per lamentarci con amici e parenti del caldo che \u00e8 pi\u00f9 soffocante di un tempo piuttosto che della neve che non imbianca pi\u00f9 le montagne come quando eravamo piccoli? Ma si tratta solo di una sensazione o, davvero, il clima di oggi \u00e8 tanto diverso da quello di ieri? In meteorologia, come in tante altre discipline scientifiche, la risposta non pu\u00f2 che arrivare dai dati, quelli raccolti dai tanti strumenti meteorologici sparsi in tutto il mondo. Termometri, barometri e pluviometri infatti non mentono, non ci regalano opinioni o sensazioni, si limitano a raccogliere dati, giorno dopo giorno, mese dopo mese, anno dopo anno. E dall\u2019analisi di queste lunghe serie di dati si ottiene una sola, inconfutabile verit\u00e0: s\u00ec, il clima sta cambiando, e lo sta facendo a una velocit\u00e0 che non ha eguali nelle ultime migliaia di anni.<\/p>\n<p style=\"text-align: center;\"><a title=\"Acquista\" href=\"javascript:formcompra('3113',1);\"><img alt=\"Acquista l'articolo\" src=\"https:\/\/www.cittadellaeditrice.com\/munera\/wp-content\/uploads\/ico_acquista_digitale.jpg\" width=\"54\" height=\"54\" \/><\/a>\n<br \/><a title=\"Acquista\" href=\"javascript:formcompra('3113','1');\"> per continuare a leggere acquista questo articolo<\/a><\/p><p style=\"text-align:center\"><a href=\"https:\/\/www.cittadellaeditrice.com\/digital\/account\/\">Utente biblioteche abbonate: clicca qui \u00bb<\/a><\/p>","protected":false},"excerpt":{"rendered":"<p>\u00abIl clima non \u00e8 pi\u00f9 quello di un tempo\u00bb. Quante volte abbiamo sentito ripetere questa frase o, magari, l\u2019abbiamo fatta nostra, per lamentarci con amici e parenti del caldo che \u00e8 pi\u00f9 soffocante di un&#8230;<\/p>\n","protected":false},"author":1,"featured_media":0,"parent":2840,"menu_order":0,"comment_status":"open","ping_status":"open","template":"","meta":[],"categories":[624],"tags":[623,617,616],"_links":{"self":[{"href":"https:\/\/www.cittadellaeditrice.com\/munera\/wp-json\/wp\/v2\/pages\/16701"}],"collection":[{"href":"https:\/\/www.cittadellaeditrice.com\/munera\/wp-json\/wp\/v2\/pages"}],"about":[{"href":"https:\/\/www.cittadellaeditrice.com\/munera\/wp-json\/wp\/v2\/types\/page"}],"author":[{"embeddable":true,"href":"https:\/\/www.cittadellaeditrice.com\/munera\/wp-json\/wp\/v2\/users\/1"}],"replies":[{"embeddable":true,"href":"https:\/\/www.cittadellaeditrice.com\/munera\/wp-json\/wp\/v2\/comments?post=16701"}],"version-history":[{"count":1,"href":"https:\/\/www.cittadellaeditrice.com\/munera\/wp-json\/wp\/v2\/pages\/16701\/revisions"}],"predecessor-version":[{"id":16702,"href":"https:\/\/www.cittadellaeditrice.com\/munera\/wp-json\/wp\/v2\/pages\/16701\/revisions\/16702"}],"up":[{"embeddable":true,"href":"https:\/\/www.cittadellaeditrice.com\/munera\/wp-json\/wp\/v2\/pages\/2840"}],"wp:attachment":[{"href":"https:\/\/www.cittadellaeditrice.com\/munera\/wp-json\/wp\/v2\/media?parent=16701"}],"wp:term":[{"taxonomy":"category","embeddable":true,"href":"https:\/\/www.cittadellaeditrice.com\/munera\/wp-json\/wp\/v2\/categories?post=16701"},{"taxonomy":"post_tag","embeddable":true,"href":"https:\/\/www.cittadellaeditrice.com\/munera\/wp-json\/wp\/v2\/tags?post=16701"}],"curies":[{"name":"wp","href":"https:\/\/api.w.org\/{rel}","templated":true}]}}