{"id":16699,"date":"2021-02-09T12:53:07","date_gmt":"2021-02-09T11:53:07","guid":{"rendered":"http:\/\/www.cittadellaeditrice.com\/munera\/?page_id=16699"},"modified":"2021-02-09T12:53:07","modified_gmt":"2021-02-09T11:53:07","slug":"munera-12021-davidia-zucchelli-finanza-sostenibile-una-nuova-consapevolezza","status":"publish","type":"page","link":"https:\/\/www.cittadellaeditrice.com\/munera\/tutti-gli-articoli\/munera-12021-davidia-zucchelli-finanza-sostenibile-una-nuova-consapevolezza\/","title":{"rendered":"Munera 1\/2021 &#8211; Davidia Zucchelli &gt;&gt; Finanza sostenibile. Una nuova consapevolezza"},"content":{"rendered":"<p>L\u2019economia si definisce \u201csostenibile\u201d quando consente di raggiungere lo sviluppo e la crescita nel rispetto dell\u2019umanit\u00e0 e dell\u2019ambiente. La finanza pu\u00f2 essere definita tale quando a sua volta supporta un\u2019economia sostenibile. Sono definizioni evidentemente molto semplificate, ma \u00e8 tuttora difficile riportarne una esaustiva poich\u00e9 si tratta di un tema in divenire, i cui confini non sono ancora chiaramente delineati.<\/p>\n<p>Con questo breve scritto intendo soffermarmi a riflettere sulla posizione assunta dalle banche e dalle istituzioni finanziarie nel processo di trasformazione in atto, tanto nei paesi con economie pi\u00f9 \u201cavanzate\u201d, quanto in quelli che si \u00e8 soliti definire, con una certa imprecisione, \u201cemergenti\u201d.<\/p>\n<p>Quella che segue non vuole certo essere un\u2019analisi delle responsabilit\u00e0 etiche di tali istituzioni. Le banche sono espressione dell\u2019umanit\u00e0 del loro tempo, come ogni altra entit\u00e0 (enti e istituzioni, pubblici e privati), sia essa economica e\/o sociale (scuole, ospedali\u2026). La finanza, per quanto astrusa, complessa, ostica, \u00e8 anch\u2019essa un\u2019attivit\u00e0 umana. Ed \u00e8 proprio in un ambito percepito come avverso che \u00e8 necessario soffermarsi a riflettere su cosa significhi realizzare \u2013 o almeno perseguire \u2013 obiettivi sostenibili, come definiti dalla normativa internazionale e nazionale e dalla prassi che si va diffondendo.<\/p>\n<p>Come il passato ci ha mostrato, anche le banche possono cadere in comportamenti inadeguati, eticamente discutibili, ma, oltre a svolgere un\u2019essenziale funzione di intermediazione, esse sono ora chiamate ad assumere un ruolo primario nel controllo e nella guida di taluni profili sociali ed ambientali.<\/p>\n<p style=\"text-align: center;\"><a title=\"Acquista\" href=\"javascript:formcompra('3112',1);\"><img alt=\"Acquista l'articolo\" src=\"https:\/\/www.cittadellaeditrice.com\/munera\/wp-content\/uploads\/ico_acquista_digitale.jpg\" width=\"54\" height=\"54\" \/><\/a>\n<br \/><a title=\"Acquista\" href=\"javascript:formcompra('3112','1');\"> per continuare a leggere acquista questo articolo<\/a><\/p><p style=\"text-align:center\"><a href=\"https:\/\/www.cittadellaeditrice.com\/digital\/account\/\">Utente biblioteche abbonate: clicca qui \u00bb<\/a><\/p>","protected":false},"excerpt":{"rendered":"<p>L\u2019economia si definisce \u201csostenibile\u201d quando consente di raggiungere lo sviluppo e la crescita nel rispetto dell\u2019umanit\u00e0 e dell\u2019ambiente. La finanza pu\u00f2 essere definita tale quando a sua volta supporta un\u2019economia sostenibile. Sono definizioni evidentemente molto&#8230;<\/p>\n","protected":false},"author":1,"featured_media":0,"parent":2840,"menu_order":0,"comment_status":"open","ping_status":"open","template":"","meta":[],"categories":[82],"tags":[617,164,616],"_links":{"self":[{"href":"https:\/\/www.cittadellaeditrice.com\/munera\/wp-json\/wp\/v2\/pages\/16699"}],"collection":[{"href":"https:\/\/www.cittadellaeditrice.com\/munera\/wp-json\/wp\/v2\/pages"}],"about":[{"href":"https:\/\/www.cittadellaeditrice.com\/munera\/wp-json\/wp\/v2\/types\/page"}],"author":[{"embeddable":true,"href":"https:\/\/www.cittadellaeditrice.com\/munera\/wp-json\/wp\/v2\/users\/1"}],"replies":[{"embeddable":true,"href":"https:\/\/www.cittadellaeditrice.com\/munera\/wp-json\/wp\/v2\/comments?post=16699"}],"version-history":[{"count":1,"href":"https:\/\/www.cittadellaeditrice.com\/munera\/wp-json\/wp\/v2\/pages\/16699\/revisions"}],"predecessor-version":[{"id":16700,"href":"https:\/\/www.cittadellaeditrice.com\/munera\/wp-json\/wp\/v2\/pages\/16699\/revisions\/16700"}],"up":[{"embeddable":true,"href":"https:\/\/www.cittadellaeditrice.com\/munera\/wp-json\/wp\/v2\/pages\/2840"}],"wp:attachment":[{"href":"https:\/\/www.cittadellaeditrice.com\/munera\/wp-json\/wp\/v2\/media?parent=16699"}],"wp:term":[{"taxonomy":"category","embeddable":true,"href":"https:\/\/www.cittadellaeditrice.com\/munera\/wp-json\/wp\/v2\/categories?post=16699"},{"taxonomy":"post_tag","embeddable":true,"href":"https:\/\/www.cittadellaeditrice.com\/munera\/wp-json\/wp\/v2\/tags?post=16699"}],"curies":[{"name":"wp","href":"https:\/\/api.w.org\/{rel}","templated":true}]}}