{"id":16691,"date":"2021-02-09T12:48:50","date_gmt":"2021-02-09T11:48:50","guid":{"rendered":"http:\/\/www.cittadellaeditrice.com\/munera\/?page_id=16691"},"modified":"2021-02-09T12:48:50","modified_gmt":"2021-02-09T11:48:50","slug":"munera-12021-simone-morandini-lorizzonte-di-laudato-si-sapienza-teologale-attivazione-di-processi-cura-della-casa-comune","status":"publish","type":"page","link":"https:\/\/www.cittadellaeditrice.com\/munera\/tutti-gli-articoli\/munera-12021-simone-morandini-lorizzonte-di-laudato-si-sapienza-teologale-attivazione-di-processi-cura-della-casa-comune\/","title":{"rendered":"Munera 1\/2021 &#8211; Simone Morandini &gt;&gt; L\u2019orizzonte di Laudato si\u2019. Sapienza teologale, attivazione di processi, cura della casa comune"},"content":{"rendered":"<p>Pu\u00f2 apparire curioso indugiare ancora su Laudato si\u2019 (LS), ben cinque anni dopo la sua pubblicazione e soprattutto dopo l\u2019uscita di Fratelli tutti (FT), la nuova recente Enciclica di papa Francesco. L\u2019interrogativo potrebbe essere anche pi\u00f9 forte, se accogliessimo l\u2019opinione di alcuni osservatori, per i quali FT sarebbe espressione di un diverso orizzonte concettuale rispetto a LS, che relativizzerebbe e renderebbe in parte superata la novit\u00e0 da essa apportata.<\/p>\n<p>In realt\u00e0, \u00e8 stato lo stesso papa Francesco a promuovere pochi mesi fa un \u201canno speciale\u201d, destinato a durare fino al prossimo maggio e dedicato all\u2019Enciclica sulla cura della casa comune. Uno sguardo pi\u00f9 attento, poi, scoprir\u00e0 forti elementi di continuit\u00e0 tra LS e FT: non solo il dato evidente del potente riferimento a Francesco d\u2019Assisi, ma anche alcuni fattori strutturali sul piano concettuale. Il riferimento \u00e8 qui, in particolare, all\u2019accentuazione della relazionalit\u00e0 intesa in senso ampio (interumana ma anche \u2013 specie in LS \u2013 ecologica), cos\u00ec come alla comune sottolineatura della dimensione ecumenica e interreligiosa. Quest\u2019ultima, anzi, viene persino accentuata in FT, nella quale si ricorda un\u2019ispirazione legata alla collaborazione del Pontefice con un esponente qualificato del mondo musulmano. Non sarebbe difficile, insomma, documentare la continuit\u00e0 tra i due testi quanto a forme e stili di pensiero, tenendo naturalmente conto del fatto che essi vengono modulati in modo diverso, nel momento in cui sono riferiti a dimensioni diverse della vita associata. La stessa forte accentuazione del contesto di pandemia e dell\u2019importanza della cura anche dei soggetti umani fragili \u2013 centrale in FT, con il riferimento alla parabola del buon Samaritano \u2013 non dovrebbe far dimenticare che lo stesso Francesco, nella grande preghiera in Piazza San Pietro del 27 marzo 2020, sottolineava che il Covid-19 \u00e8 anche il frutto di \u00abun pianeta gravemente malato\u00bb (LS 117): anche in quest\u2019ambito \u00abtutto \u00e8 connesso\u00bb (138)<\/p>\n<p>Emerge quindi una significativa dialettica di prossimit\u00e0 e differenza tra LS e FT: essa rafforza l\u2019interesse per la prima e per quel consistente movimento da essa avviato, che nella seconda trova in effetti una tappa ulteriore e un approfondimento. L\u2019orizzonte cui esso mira \u00e8 quello della costruzione di una famiglia umana capace di vivere nella casa comune in forme solidali \u2013 nella pace e nella giustizia \u2013 e sostenibili anche in questo tempo che stiamo imparando a chiamare \u201cAntropocene\u201d.\u00a0 A tale orizzonte LS intende contribuire attingendo alle risorse della tradizione cristiana (e specificamente cattolica) per attivare dialoghi e collaborazioni con una variet\u00e0 di soggetti, mobilitando una pluralit\u00e0 di energie e competenze.<\/p>\n<p style=\"text-align: center;\"><a title=\"Acquista\" href=\"javascript:formcompra('3108',1);\"><img alt=\"Acquista l'articolo\" src=\"https:\/\/www.cittadellaeditrice.com\/munera\/wp-content\/uploads\/ico_acquista_digitale.jpg\" width=\"54\" height=\"54\" \/><\/a>\n<br \/><a title=\"Acquista\" href=\"javascript:formcompra('3108','1');\"> per continuare a leggere acquista questo articolo<\/a><\/p><p style=\"text-align:center\"><a href=\"https:\/\/www.cittadellaeditrice.com\/digital\/account\/\">Utente biblioteche abbonate: clicca qui \u00bb<\/a><\/p>","protected":false},"excerpt":{"rendered":"<p>Pu\u00f2 apparire curioso indugiare ancora su Laudato si\u2019 (LS), ben cinque anni dopo la sua pubblicazione e soprattutto dopo l\u2019uscita di Fratelli tutti (FT), la nuova recente Enciclica di papa Francesco. L\u2019interrogativo potrebbe essere anche&#8230;<\/p>\n","protected":false},"author":1,"featured_media":0,"parent":2840,"menu_order":0,"comment_status":"open","ping_status":"open","template":"","meta":[],"categories":[620],"tags":[617,208,616,14],"_links":{"self":[{"href":"https:\/\/www.cittadellaeditrice.com\/munera\/wp-json\/wp\/v2\/pages\/16691"}],"collection":[{"href":"https:\/\/www.cittadellaeditrice.com\/munera\/wp-json\/wp\/v2\/pages"}],"about":[{"href":"https:\/\/www.cittadellaeditrice.com\/munera\/wp-json\/wp\/v2\/types\/page"}],"author":[{"embeddable":true,"href":"https:\/\/www.cittadellaeditrice.com\/munera\/wp-json\/wp\/v2\/users\/1"}],"replies":[{"embeddable":true,"href":"https:\/\/www.cittadellaeditrice.com\/munera\/wp-json\/wp\/v2\/comments?post=16691"}],"version-history":[{"count":1,"href":"https:\/\/www.cittadellaeditrice.com\/munera\/wp-json\/wp\/v2\/pages\/16691\/revisions"}],"predecessor-version":[{"id":16692,"href":"https:\/\/www.cittadellaeditrice.com\/munera\/wp-json\/wp\/v2\/pages\/16691\/revisions\/16692"}],"up":[{"embeddable":true,"href":"https:\/\/www.cittadellaeditrice.com\/munera\/wp-json\/wp\/v2\/pages\/2840"}],"wp:attachment":[{"href":"https:\/\/www.cittadellaeditrice.com\/munera\/wp-json\/wp\/v2\/media?parent=16691"}],"wp:term":[{"taxonomy":"category","embeddable":true,"href":"https:\/\/www.cittadellaeditrice.com\/munera\/wp-json\/wp\/v2\/categories?post=16691"},{"taxonomy":"post_tag","embeddable":true,"href":"https:\/\/www.cittadellaeditrice.com\/munera\/wp-json\/wp\/v2\/tags?post=16691"}],"curies":[{"name":"wp","href":"https:\/\/api.w.org\/{rel}","templated":true}]}}