{"id":16689,"date":"2021-02-09T12:46:49","date_gmt":"2021-02-09T11:46:49","guid":{"rendered":"http:\/\/www.cittadellaeditrice.com\/munera\/?page_id=16689"},"modified":"2021-02-09T12:46:49","modified_gmt":"2021-02-09T11:46:49","slug":"munera-12021-laura-cavalli-giulia-lizzi-lo-sviluppo-sostenibile-e-lagenda-2030","status":"publish","type":"page","link":"https:\/\/www.cittadellaeditrice.com\/munera\/tutti-gli-articoli\/munera-12021-laura-cavalli-giulia-lizzi-lo-sviluppo-sostenibile-e-lagenda-2030\/","title":{"rendered":"Munera 1\/2021 &#8211; Laura Cavalli, Giulia Lizzi &gt;&gt; Lo sviluppo sostenibile e l\u2019Agenda 2030"},"content":{"rendered":"<p>I problemi che hanno caratterizzato la societ\u00e0 degli ultimi trent\u2019anni, e che continuano a definire il mondo odierno in maniera sempre pi\u00f9 irreversibile, hanno portato i singoli paesi, guidati e orientati in primis dalla comunit\u00e0 internazionale, ma indotti anche e soprattutto dalle spinte delle proprie genti, a ricercare un nuovo, pi\u00f9 sostenibile, paradigma di sviluppo. Inquinamento, sovrappopolazione, sofferenza economica e perdita della biodiversit\u00e0 a livello macro, cos\u00ec come l\u2019accumulo di rifiuti, la povert\u00e0 energetica e l\u2019impoverimento delle materie prime a livello micro, hanno portato il nostro pianeta, la nostra \u201ccasa comune\u201d a uno stato di degrado e malattia, lontano da quel livello primitivo di salute ormai impossibile da riproporre e rivivere.<\/p>\n<p>La protezione dell\u2019ambiente, intesa non come esigenza prioritaria \u201ca prescindere\u201d o ex ante nelle scelte politiche e nelle decisioni di business, ma piuttosto come soluzione ex post visti i sempre pi\u00f9 frequenti disastri ecologici, ha portato la comunit\u00e0 internazionale a riconoscere progressivamente il valore dell\u2019ecosistema naturale, nel tentativo di garantire la sua salvaguardia e arginare il suo deterioramento. La sfera ambientale, per\u00f2, e le problematiche ad essa collegate, sono state oggetto di studio gi\u00e0 a partire dagli anni \u201960 con la pubblicazione di Silent Spring da parte della biologa e zoologa statunitense Rachel Carson. Considerato il manifesto del movimento ambientalista contemporaneo, la sua Primavera silenziosa \u00e8 stata dedicata ad Albert Schweitzer, medico, filantropo, teologo, premio Nobel per la Pace, autore del pensiero \u00abl\u2019uomo ha perduto la capacit\u00e0 di prevenire e prevedere. Andr\u00e0 a finire che distrugger\u00e0 la Terra\u00bb.<\/p>\n<p>Nonostante la Carson sia stata prevedibilmente etichettata come \u201ccatastrofista\u201d dall\u2019allora lobby dell\u2019industria chimica, il timore che alcune scelte economiche e di consumo potessero recare grave danno all\u2019ambiente circostante si \u00e8 negli anni accresciuto. Malgrado alcuni particolari accorgimenti adottati individualmente e bilateralmente dai vari paesi, soprattutto in seguito ai danni causati dall\u2019inquinamento, l\u2019attenzione riconosciuta all\u2019ambiente a livello costituzionale non si e\u0300 dimostrata sufficiente a risolvere una questione oramai indifferibile e oggetto di preoccupazione generale: il disequilibrio dell\u2019ecosistema. Ci si \u00e8, cos\u00ec, gradualmente avvicinati a una visione di soluzione a monte, ammettendo l\u2019insufficienza di misure a posteriori (di fine ciclo o end-of-pipe) e ricercando, invece, un cambiamento profondo e radicale del sistema attraverso una trasformazione perentoria del paradigma vigente, business-as-usual, privato quanto pubblico, collettivo quanto individuale.<\/p>\n<p style=\"text-align: center;\"><a title=\"Acquista\" href=\"javascript:formcompra('3107',1);\"><img alt=\"Acquista l'articolo\" src=\"https:\/\/www.cittadellaeditrice.com\/munera\/wp-content\/uploads\/ico_acquista_digitale.jpg\" width=\"54\" height=\"54\" \/><\/a>\n<br \/><a title=\"Acquista\" href=\"javascript:formcompra('3107','1');\"> per continuare a leggere acquista questo articolo<\/a><\/p><p style=\"text-align:center\"><a href=\"https:\/\/www.cittadellaeditrice.com\/digital\/account\/\">Utente biblioteche abbonate: clicca qui \u00bb<\/a><\/p>","protected":false},"excerpt":{"rendered":"<p>I problemi che hanno caratterizzato la societ\u00e0 degli ultimi trent\u2019anni, e che continuano a definire il mondo odierno in maniera sempre pi\u00f9 irreversibile, hanno portato i singoli paesi, guidati e orientati in primis dalla comunit\u00e0&#8230;<\/p>\n","protected":false},"author":1,"featured_media":0,"parent":2840,"menu_order":0,"comment_status":"open","ping_status":"open","template":"","meta":[],"categories":[618,619],"tags":[617,616],"_links":{"self":[{"href":"https:\/\/www.cittadellaeditrice.com\/munera\/wp-json\/wp\/v2\/pages\/16689"}],"collection":[{"href":"https:\/\/www.cittadellaeditrice.com\/munera\/wp-json\/wp\/v2\/pages"}],"about":[{"href":"https:\/\/www.cittadellaeditrice.com\/munera\/wp-json\/wp\/v2\/types\/page"}],"author":[{"embeddable":true,"href":"https:\/\/www.cittadellaeditrice.com\/munera\/wp-json\/wp\/v2\/users\/1"}],"replies":[{"embeddable":true,"href":"https:\/\/www.cittadellaeditrice.com\/munera\/wp-json\/wp\/v2\/comments?post=16689"}],"version-history":[{"count":1,"href":"https:\/\/www.cittadellaeditrice.com\/munera\/wp-json\/wp\/v2\/pages\/16689\/revisions"}],"predecessor-version":[{"id":16690,"href":"https:\/\/www.cittadellaeditrice.com\/munera\/wp-json\/wp\/v2\/pages\/16689\/revisions\/16690"}],"up":[{"embeddable":true,"href":"https:\/\/www.cittadellaeditrice.com\/munera\/wp-json\/wp\/v2\/pages\/2840"}],"wp:attachment":[{"href":"https:\/\/www.cittadellaeditrice.com\/munera\/wp-json\/wp\/v2\/media?parent=16689"}],"wp:term":[{"taxonomy":"category","embeddable":true,"href":"https:\/\/www.cittadellaeditrice.com\/munera\/wp-json\/wp\/v2\/categories?post=16689"},{"taxonomy":"post_tag","embeddable":true,"href":"https:\/\/www.cittadellaeditrice.com\/munera\/wp-json\/wp\/v2\/tags?post=16689"}],"curies":[{"name":"wp","href":"https:\/\/api.w.org\/{rel}","templated":true}]}}