{"id":15921,"date":"2020-10-07T12:08:02","date_gmt":"2020-10-07T10:08:02","guid":{"rendered":"http:\/\/www.cittadellaeditrice.com\/munera\/?page_id=15921"},"modified":"2020-10-07T12:08:02","modified_gmt":"2020-10-07T10:08:02","slug":"munera-32020-giovanni-bombelli-fiducia-credenza-norme-al-tempo-del-coronavirus","status":"publish","type":"page","link":"https:\/\/www.cittadellaeditrice.com\/munera\/tutti-gli-articoli\/munera-32020-giovanni-bombelli-fiducia-credenza-norme-al-tempo-del-coronavirus\/","title":{"rendered":"Munera 3\/2020 &#8211; Giovanni Bombelli &gt;&gt; Fiducia, credenza, norme al tempo del Coronavirus"},"content":{"rendered":"<p>A ben vedere si tratta di una vicenda tragicamente paradossale. L\u00e0 dove non riusc\u00ec la crisi economico-finanziaria riusc\u00ec l\u2019invisibile. Perch\u00e9 di questo si tratta: solo una presenza invisibile e incontrollabile, il virus, \u00e8 stata in grado di bloccare la funzionalit\u00e0 di un intero sistema mondiale di convivenza, introducendo nel meccanismo un granello esiziale. L\u2019invisibile (il virus) e il materiale (la concretezza della vita associata).<\/p>\n<p>L\u2019invisibile che \u201cdistrugge\u201d il materiale.<\/p>\n<p>Ma, oltre ai riflessi immediati che toccano gli stili di vita, la pandemia sembra aver minato anche l\u2019universo simbolico. Colpisce in particolare come, qua e l\u00e0, serpeggi la sensazione, espressa in atteggiamenti immediati pi\u00f9 che in posizioni riflesse, di una fiducia in qualche modo \u201ctradita\u201d.<\/p>\n<p>Innanzitutto, la fiducia in un modello sociale che, sin dalle origini della modernit\u00e0, prometteva sicurezza e protezione. Inoltre, la fiducia per un certo paradigma di conoscenza scientifica, da qualcuno accusato (invero ingiustamente) di non aver saputo prevenire o contenere la pandemia. Infine la fiducia nella politica e nel diritto, giudicati costantemente in ritardo o troppo lenti nel governare la situazione drammatica determinatasi. Ancora una volta: l\u2019invisibile (la fiducia come risorsa simbolica) e il materiale (i comportamenti).<\/p>\n<p>L\u2019invisibile che \u201csvuota\u201d il materiale.<\/p>\n<p style=\"text-align: center;\"><a title=\"Acquista\" href=\"javascript:formcompra('2906',1);\"><img alt=\"Acquista l'articolo\" src=\"https:\/\/www.cittadellaeditrice.com\/munera\/wp-content\/uploads\/ico_acquista_digitale.jpg\" width=\"54\" height=\"54\" \/><\/a>\n<br \/><a title=\"Acquista\" href=\"javascript:formcompra('2906','1');\"> per continuare a leggere acquista questo articolo<\/a><\/p><p style=\"text-align:center\"><a href=\"https:\/\/www.cittadellaeditrice.com\/digital\/account\/\">Utente biblioteche abbonate: clicca qui \u00bb<\/a><\/p>","protected":false},"excerpt":{"rendered":"<p>A ben vedere si tratta di una vicenda tragicamente paradossale. L\u00e0 dove non riusc\u00ec la crisi economico-finanziaria riusc\u00ec l\u2019invisibile. Perch\u00e9 di questo si tratta: solo una presenza invisibile e incontrollabile, il virus, \u00e8 stata in&#8230;<\/p>\n","protected":false},"author":1,"featured_media":0,"parent":2840,"menu_order":0,"comment_status":"open","ping_status":"open","template":"","meta":[],"categories":[605],"tags":[580,606],"_links":{"self":[{"href":"https:\/\/www.cittadellaeditrice.com\/munera\/wp-json\/wp\/v2\/pages\/15921"}],"collection":[{"href":"https:\/\/www.cittadellaeditrice.com\/munera\/wp-json\/wp\/v2\/pages"}],"about":[{"href":"https:\/\/www.cittadellaeditrice.com\/munera\/wp-json\/wp\/v2\/types\/page"}],"author":[{"embeddable":true,"href":"https:\/\/www.cittadellaeditrice.com\/munera\/wp-json\/wp\/v2\/users\/1"}],"replies":[{"embeddable":true,"href":"https:\/\/www.cittadellaeditrice.com\/munera\/wp-json\/wp\/v2\/comments?post=15921"}],"version-history":[{"count":1,"href":"https:\/\/www.cittadellaeditrice.com\/munera\/wp-json\/wp\/v2\/pages\/15921\/revisions"}],"predecessor-version":[{"id":15922,"href":"https:\/\/www.cittadellaeditrice.com\/munera\/wp-json\/wp\/v2\/pages\/15921\/revisions\/15922"}],"up":[{"embeddable":true,"href":"https:\/\/www.cittadellaeditrice.com\/munera\/wp-json\/wp\/v2\/pages\/2840"}],"wp:attachment":[{"href":"https:\/\/www.cittadellaeditrice.com\/munera\/wp-json\/wp\/v2\/media?parent=15921"}],"wp:term":[{"taxonomy":"category","embeddable":true,"href":"https:\/\/www.cittadellaeditrice.com\/munera\/wp-json\/wp\/v2\/categories?post=15921"},{"taxonomy":"post_tag","embeddable":true,"href":"https:\/\/www.cittadellaeditrice.com\/munera\/wp-json\/wp\/v2\/tags?post=15921"}],"curies":[{"name":"wp","href":"https:\/\/api.w.org\/{rel}","templated":true}]}}