{"id":15341,"date":"2020-04-20T12:05:35","date_gmt":"2020-04-20T10:05:35","guid":{"rendered":"http:\/\/www.cittadellaeditrice.com\/munera\/?page_id=15341"},"modified":"2020-04-21T09:33:39","modified_gmt":"2020-04-21T07:33:39","slug":"munera-22020-claudio-bernardi-e-annamaria-cascetta-ci-sara-ancora-teatro-nel-mondo-che-verra","status":"publish","type":"page","link":"https:\/\/www.cittadellaeditrice.com\/munera\/tutti-gli-articoli\/munera-22020-claudio-bernardi-e-annamaria-cascetta-ci-sara-ancora-teatro-nel-mondo-che-verra\/","title":{"rendered":"Munera 2\/2020 &#8211; Claudio Bernardi e Annamaria Cascetta &gt;&gt; Ci sar\u00e0 ancora teatro nel mondo che verr\u00e0?"},"content":{"rendered":"<p>Una moltitudine di persone, bambini, giovani, vegliardi si aduna davanti alla reggia di Edipo, protendendo rami rituali avvolti in bende di lana e levando implorazioni. Il terrore li spinge a supplicare il re che gi\u00e0 una volta ha salvato dalla sfinge la citt\u00e0 perch\u00e9 di nuovo la salvi. Ora una peste imperversa che svuota le case, rende sterile la terra affamando il popolo. Tutti soffrono il morbo. Edipo promette che disperder\u00e0 quella bruttura, indagandone la causa.<\/p>\n<p>Comincia cos\u00ec, come \u00e8 noto, l\u2019Edipo re di Sofocle. Siamo alle origini della plurimillenaria storia del teatro dell\u2019occidente e abbiamo gi\u00e0 i fondamentali elementi che ci fanno capire perch\u00e9 il teatro \u00e8 necessario e quale ne \u00e8 l\u2019essenza. Secoli poi di teoria e di prassi avrebbero costruito una formidabile tradizione teorica, artistica e cerimoniale.<\/p>\n<p>La tragedia si rappresenta in un arco di tempo che va dal 440 al 420 a.C. nel contesto delle grandi feste cittadine ateniesi in onore di Dioniso. \u00c8 un momento fondamentale del vivere civile, un rito di meditazione corale sui fondamenti della propria civilt\u00e0. Si compie attraverso la rielaborazione e l\u2019attualizzazione del mito noto a tutti. \u00c8 un\u2019esperienza collettiva empatica, salutare, che scarica le tensioni attraverso le dinamiche catartiche della piet\u00e0 e del terrore e attraverso l\u2019altezza del logos e la complessa strategia comunicativa della struttura drammatica, che mescola parola, danza, musica, variet\u00e0 dei metri, sollecita i sensi e fa guadagnare un sapere intellettuale. La vicenda dell\u2019Edipo sofocleo \u00e8 nota e possiamo interpretarla, aldil\u00e0 delle puntualizzazioni filologiche in cui qui non \u00e8 il caso di entrare. Dominato dalla sua hubris, prima del potere e poi del conoscere s\u00e9 stesso, Edipo scopre con una serrata, lucida e implacabile inchiesta, la terribile verit\u00e0. Guadagna cio\u00e8 un sapere e guida la comunit\u00e0 a acquisirlo: riconosce la fragilit\u00e0 dell\u2019uomo e la potenza del fato, ma contemporaneamente afferma le risorse della sua intelligenza, la dignit\u00e0 del guardare in faccia la colpa, di espiarla e, accettando il limite, di diventare attraverso l\u2019assunzione della responsabilit\u00e0, sacrificio motore di un avanzamento nella costruzione dell\u2019uomo e della sua storia.<\/p>\n<p>L\u2019intuizione dell\u2019essenza del teatro c\u2019\u00e8 tutta e c\u2019\u00e8 la sua fondazione.<\/p>\n<p style=\"text-align: center;\"><a href=\"http:\/\/www.cittadellaeditrice.com\/munera\/wp-content\/uploads\/2020-2_Munera_111-117_Bernardi.pdf\" target=\"_blank\"><img decoding=\"async\" loading=\"lazy\" alt=\"Scarica l'articolo gratuitamente\" src=\"http:\/\/www.cittadellaeditrice.com\/munera\/wp-content\/uploads\/ico_acquista_abbdigitale.jpg\" width=\"54\" height=\"54\" \/><\/a><br \/>\n<a href=\"http:\/\/www.cittadellaeditrice.com\/munera\/wp-content\/uploads\/2020-2_Munera_111-117_Bernardi.pdf\" target=\"_blank\">scarica l&#8217;articolo gratuitamente<\/a><\/p>\n","protected":false},"excerpt":{"rendered":"<p>Una moltitudine di persone, bambini, giovani, vegliardi si aduna davanti alla reggia di Edipo, protendendo rami rituali avvolti in bende di lana e levando implorazioni. Il terrore li spinge a supplicare il re che gi\u00e0&#8230;<\/p>\n","protected":false},"author":1,"featured_media":0,"parent":2840,"menu_order":0,"comment_status":"open","ping_status":"open","template":"","meta":[],"categories":[165,298],"tags":[567,580,16,578,577,81,591,579],"_links":{"self":[{"href":"https:\/\/www.cittadellaeditrice.com\/munera\/wp-json\/wp\/v2\/pages\/15341"}],"collection":[{"href":"https:\/\/www.cittadellaeditrice.com\/munera\/wp-json\/wp\/v2\/pages"}],"about":[{"href":"https:\/\/www.cittadellaeditrice.com\/munera\/wp-json\/wp\/v2\/types\/page"}],"author":[{"embeddable":true,"href":"https:\/\/www.cittadellaeditrice.com\/munera\/wp-json\/wp\/v2\/users\/1"}],"replies":[{"embeddable":true,"href":"https:\/\/www.cittadellaeditrice.com\/munera\/wp-json\/wp\/v2\/comments?post=15341"}],"version-history":[{"count":1,"href":"https:\/\/www.cittadellaeditrice.com\/munera\/wp-json\/wp\/v2\/pages\/15341\/revisions"}],"predecessor-version":[{"id":15342,"href":"https:\/\/www.cittadellaeditrice.com\/munera\/wp-json\/wp\/v2\/pages\/15341\/revisions\/15342"}],"up":[{"embeddable":true,"href":"https:\/\/www.cittadellaeditrice.com\/munera\/wp-json\/wp\/v2\/pages\/2840"}],"wp:attachment":[{"href":"https:\/\/www.cittadellaeditrice.com\/munera\/wp-json\/wp\/v2\/media?parent=15341"}],"wp:term":[{"taxonomy":"category","embeddable":true,"href":"https:\/\/www.cittadellaeditrice.com\/munera\/wp-json\/wp\/v2\/categories?post=15341"},{"taxonomy":"post_tag","embeddable":true,"href":"https:\/\/www.cittadellaeditrice.com\/munera\/wp-json\/wp\/v2\/tags?post=15341"}],"curies":[{"name":"wp","href":"https:\/\/api.w.org\/{rel}","templated":true}]}}