{"id":15337,"date":"2020-04-20T12:02:14","date_gmt":"2020-04-20T10:02:14","guid":{"rendered":"http:\/\/www.cittadellaeditrice.com\/munera\/?page_id=15337"},"modified":"2020-04-20T12:02:14","modified_gmt":"2020-04-20T10:02:14","slug":"munera-22020-calogero-micciche-dal-trionfo-della-morte-al-trionfo-della-vita-il-coronavirus-nel-prisma-dellarte","status":"publish","type":"page","link":"https:\/\/www.cittadellaeditrice.com\/munera\/tutti-gli-articoli\/munera-22020-calogero-micciche-dal-trionfo-della-morte-al-trionfo-della-vita-il-coronavirus-nel-prisma-dellarte\/","title":{"rendered":"Munera 2\/2020 &#8211; Calogero Miccich\u00e8 &gt;&gt; Dal Trionfo della morte al trionfo della Vita. Il Coronavirus nel prisma dell\u2019arte"},"content":{"rendered":"<p>Viviamo giorni tremendi nei quali una particella invisibile agli occhi \u00e8 riuscita in poche settimane a mutare la nostra vita e la consapevolezza che avevamo di noi stessi e dell\u2019umanit\u00e0. Se tanti cadono dolorosamente come foglie scosse dal vento, i pi\u00f9 ci ritroviamo immersi in un mondo che sembra destinato a mutare rapidamente i propri colori, cio\u00e8 i propri punti di riferimento culturali, sociali e geopolitici.<\/p>\n<p>Sappiamo che il sole torner\u00e0 a risplendere tra qualche tempo, ma come sar\u00e0 dopo? Mentre andiamo alla ricerca di risposte, credo che una chiave per leggere gli eventi di questi giorni possa venire dall\u2019arte.<\/p>\n<p>Le prime reazioni al diffondersi del virus sono state di spiritosa normalizzazione. Ne \u00e8 un esempio il murales realizzato qualche settimana fa dall\u2019artista Tvboy, che ha reinterpretato in chiave emergenziale il famoso bacio di Hayez dotando gli amanti di mascherine e amuchina. Dinanzi a una malattia inizialmente descritta come poco pi\u00f9 di un\u2019influenza (almeno per quanti non avessero superato una certa et\u00e0) la reazione istintiva dei pi\u00f9 \u00e8 stata quella di non fermarsi (#Milano non si ferma) e di riaffermare piuttosto la vitalit\u00e0 e la voglia di normalit\u00e0 applicando mascherine alle principali icone dei nostri giorni.<\/p>\n<p>Poi i morti hanno continuato a crescere inesorabili, i servizi ospedalieri e cimiteriali a collassare, i decreti legge e le ordinanze governative a moltiplicarsi e allora l\u2019atteggiamento \u00e8 cambiato, anche l\u2019arte si \u00e8 resa conto che non c\u2019era pi\u00f9 spazio per la normalit\u00e0. Cos\u00ec, mentre taluno ha svuotato da ogni soggetto i luoghi rappresentati in opere celebri (una per tutte il Cenacolo vinciano), l\u2019immagine diventata il simbolo di questi giorni \u00e8 la foto che mostra una colonna di mezzi militari carichi di bare.<\/p>\n<p>La morte ha fatto cos\u00ec il suo ingresso nell\u2019immaginario collettivo bench\u00e9 ancora de relato, con una sorta di metonimia (il camion contenitore per il suo contenuto) che esprime la fatica tutta contemporanea di confrontarsi con questo momento della vita.<\/p>\n<p style=\"text-align: center;\"><a href=\"http:\/\/www.cittadellaeditrice.com\/munera\/wp-content\/uploads\/2020-2_Munera_97-103_Micciche.pdf\"><img decoding=\"async\" loading=\"lazy\" alt=\"Scarica l'articolo gratuitamente\" src=\"http:\/\/www.cittadellaeditrice.com\/munera\/wp-content\/uploads\/ico_acquista_abbdigitale.jpg\" width=\"54\" height=\"54\" \/><\/a><br \/>\n<a href=\"http:\/\/www.cittadellaeditrice.com\/munera\/wp-content\/uploads\/2020-2_Munera_97-103_Micciche.pdf\">scarica l&#8217;articolo gratuitamente<\/a><\/p>\n","protected":false},"excerpt":{"rendered":"<p>Viviamo giorni tremendi nei quali una particella invisibile agli occhi \u00e8 riuscita in poche settimane a mutare la nostra vita e la consapevolezza che avevamo di noi stessi e dell\u2019umanit\u00e0. Se tanti cadono dolorosamente come&#8230;<\/p>\n","protected":false},"author":1,"featured_media":0,"parent":2840,"menu_order":0,"comment_status":"open","ping_status":"open","template":"","meta":[],"categories":[366],"tags":[8,567,580,16,578,432,577,579,289],"_links":{"self":[{"href":"https:\/\/www.cittadellaeditrice.com\/munera\/wp-json\/wp\/v2\/pages\/15337"}],"collection":[{"href":"https:\/\/www.cittadellaeditrice.com\/munera\/wp-json\/wp\/v2\/pages"}],"about":[{"href":"https:\/\/www.cittadellaeditrice.com\/munera\/wp-json\/wp\/v2\/types\/page"}],"author":[{"embeddable":true,"href":"https:\/\/www.cittadellaeditrice.com\/munera\/wp-json\/wp\/v2\/users\/1"}],"replies":[{"embeddable":true,"href":"https:\/\/www.cittadellaeditrice.com\/munera\/wp-json\/wp\/v2\/comments?post=15337"}],"version-history":[{"count":1,"href":"https:\/\/www.cittadellaeditrice.com\/munera\/wp-json\/wp\/v2\/pages\/15337\/revisions"}],"predecessor-version":[{"id":15338,"href":"https:\/\/www.cittadellaeditrice.com\/munera\/wp-json\/wp\/v2\/pages\/15337\/revisions\/15338"}],"up":[{"embeddable":true,"href":"https:\/\/www.cittadellaeditrice.com\/munera\/wp-json\/wp\/v2\/pages\/2840"}],"wp:attachment":[{"href":"https:\/\/www.cittadellaeditrice.com\/munera\/wp-json\/wp\/v2\/media?parent=15337"}],"wp:term":[{"taxonomy":"category","embeddable":true,"href":"https:\/\/www.cittadellaeditrice.com\/munera\/wp-json\/wp\/v2\/categories?post=15337"},{"taxonomy":"post_tag","embeddable":true,"href":"https:\/\/www.cittadellaeditrice.com\/munera\/wp-json\/wp\/v2\/tags?post=15337"}],"curies":[{"name":"wp","href":"https:\/\/api.w.org\/{rel}","templated":true}]}}