{"id":15333,"date":"2020-04-20T11:58:51","date_gmt":"2020-04-20T09:58:51","guid":{"rendered":"http:\/\/www.cittadellaeditrice.com\/munera\/?page_id=15333"},"modified":"2020-04-20T11:58:51","modified_gmt":"2020-04-20T09:58:51","slug":"munera-22020-giuseppe-tognon-gli-altri-virus-dellunione-europea","status":"publish","type":"page","link":"https:\/\/www.cittadellaeditrice.com\/munera\/tutti-gli-articoli\/munera-22020-giuseppe-tognon-gli-altri-virus-dellunione-europea\/","title":{"rendered":"Munera 2\/2020 &#8211; Giuseppe Tognon &gt;&gt; Gli altri virus dell\u2019Unione europea"},"content":{"rendered":"<p>Il futuro dell\u2019Unione europea \u00e8 appeso ad un filo. Il Consiglio dei Capi di Stato e di governo del 26 marzo ha rivelato che l\u2019Europa \u00e8 interessata da un virus molto pi\u00f9 antico e tenace del Covid19, il virus di una guerra di religione monetaria sul debito pubblico dei membri dell\u2019Unione. Lo spread \u00e8 diventato il parametro politico di riferimento e non a caso la Germania \u00e8 la capofila dei paesi cosiddetti \u201cvirtuosi\u201d. Si trover\u00e0 certamente una soluzione per superare il conflitto tra gli Stati che intendono finanziare la ricostruzione con una nuova forma di debito condiviso (gli Eurobonds) e coloro che invece ritengono che ogni Stato debba utilizzare le risorse di cui gi\u00e0 dispone o i meccanismi ordinari di indebitamento. Questa volta per\u00f2 non si tratta di trovare l\u2019ennesimo compromesso, perch\u00e9 pi\u00f9 che il debito conta il principio politico, la volont\u00e0 di condividere gli sforzi finanziari a prescindere dalla situazione debitoria dei singoli Stati. La questione \u00e8 complicata dal fatto che ad oggi le nazioni pi\u00f9 colpite dalla pandemia sono proprio le nazioni europee pi\u00f9 indebitate o la cui economia \u00e8 la pi\u00f9 fragile.<\/p>\n<p>L\u2019emergenza virale \u00e8 universale, ma il modo in cui l\u2019Europa ne uscir\u00e0 \u00e8 una enorme questione di civilt\u00e0 e non soltanto la soluzione di una delle sue tante emergenze. L\u2019avvento di questa nuova \u00abepoca virale\u00bb ha di fatto spostato molto pi\u00f9 avanti l\u2019orologio della storia politica dell\u2019Europa. Il Covid19 interviene su una serie di patologie europee che si trascinavano da troppo tempo e forse sar\u00e0 l\u2019evento che segner\u00e0 la fine della costruzione politica europea e porter\u00e0 alla nascita di un diverso sistema di alleanze tra nazioni senza una qualche legittimazione popolare, di cui comunque gode l\u2019Unione. Anche l\u2019uscita della Gran Bretagna dall\u2019Unione europea \u00e8 stata metabolizzata all\u2019interno di un quadro europeo che non \u00e8 riuscito a scuotersi dal suo torpore. La Brexit ha anticipato di pochi giorni l\u2019epidemia e mai l\u2019Unione Europea aveva dovuto subire due colpi cos\u00ec duri insieme.<\/p>\n<p style=\"text-align: center;\"><a href=\"http:\/\/www.cittadellaeditrice.com\/munera\/wp-content\/uploads\/2020-2_Munera_71-79_Tognon.pdf\" target=\"_blank\"><img decoding=\"async\" loading=\"lazy\" alt=\"Scarica l'articolo gratuitamente\" src=\"http:\/\/www.cittadellaeditrice.com\/munera\/wp-content\/uploads\/ico_acquista_abbdigitale.jpg\" width=\"54\" height=\"54\" \/><\/a><br \/>\n<a href=\"http:\/\/www.cittadellaeditrice.com\/munera\/wp-content\/uploads\/2020-2_Munera_71-79_Tognon.pdf\" target=\"_blank\">scarica l&#8217;articolo gratuitamente<\/a><\/p>\n","protected":false},"excerpt":{"rendered":"<p>Il futuro dell\u2019Unione europea \u00e8 appeso ad un filo. Il Consiglio dei Capi di Stato e di governo del 26 marzo ha rivelato che l\u2019Europa \u00e8 interessata da un virus molto pi\u00f9 antico e tenace&#8230;<\/p>\n","protected":false},"author":1,"featured_media":0,"parent":2840,"menu_order":0,"comment_status":"open","ping_status":"open","template":"","meta":[],"categories":[90],"tags":[567,580,16,9,578,33,577,579],"_links":{"self":[{"href":"https:\/\/www.cittadellaeditrice.com\/munera\/wp-json\/wp\/v2\/pages\/15333"}],"collection":[{"href":"https:\/\/www.cittadellaeditrice.com\/munera\/wp-json\/wp\/v2\/pages"}],"about":[{"href":"https:\/\/www.cittadellaeditrice.com\/munera\/wp-json\/wp\/v2\/types\/page"}],"author":[{"embeddable":true,"href":"https:\/\/www.cittadellaeditrice.com\/munera\/wp-json\/wp\/v2\/users\/1"}],"replies":[{"embeddable":true,"href":"https:\/\/www.cittadellaeditrice.com\/munera\/wp-json\/wp\/v2\/comments?post=15333"}],"version-history":[{"count":1,"href":"https:\/\/www.cittadellaeditrice.com\/munera\/wp-json\/wp\/v2\/pages\/15333\/revisions"}],"predecessor-version":[{"id":15334,"href":"https:\/\/www.cittadellaeditrice.com\/munera\/wp-json\/wp\/v2\/pages\/15333\/revisions\/15334"}],"up":[{"embeddable":true,"href":"https:\/\/www.cittadellaeditrice.com\/munera\/wp-json\/wp\/v2\/pages\/2840"}],"wp:attachment":[{"href":"https:\/\/www.cittadellaeditrice.com\/munera\/wp-json\/wp\/v2\/media?parent=15333"}],"wp:term":[{"taxonomy":"category","embeddable":true,"href":"https:\/\/www.cittadellaeditrice.com\/munera\/wp-json\/wp\/v2\/categories?post=15333"},{"taxonomy":"post_tag","embeddable":true,"href":"https:\/\/www.cittadellaeditrice.com\/munera\/wp-json\/wp\/v2\/tags?post=15333"}],"curies":[{"name":"wp","href":"https:\/\/api.w.org\/{rel}","templated":true}]}}