{"id":15329,"date":"2020-04-20T11:55:52","date_gmt":"2020-04-20T09:55:52","guid":{"rendered":"http:\/\/www.cittadellaeditrice.com\/munera\/?page_id=15329"},"modified":"2020-04-20T11:55:52","modified_gmt":"2020-04-20T09:55:52","slug":"munera-22020-fabio-macioce-democrazia-e-diritti-nel-dopo-virus","status":"publish","type":"page","link":"https:\/\/www.cittadellaeditrice.com\/munera\/tutti-gli-articoli\/munera-22020-fabio-macioce-democrazia-e-diritti-nel-dopo-virus\/","title":{"rendered":"Munera 2\/2020 &#8211; Fabio Macioce &gt;&gt; Democrazia e diritti nel dopo virus"},"content":{"rendered":"<p>L\u2019esperienza che gran parte del pianeta sta vivendo in questi giorni, pur con diversi gradi di intensit\u00e0, \u00e8 stata descritta in modo efficace &#8211; e certo ragionevole &#8211; come eccezionale, incredibile, impensabile, nuova, e cos\u00ec via, con un moltiplicarsi di aggettivi che certamente rendono bene l\u2019idea di quanto le nostre vite siano state travolte dalla pandemia e dalla quarantena sanitaria.<\/p>\n<p>Se proviamo a ragionare dal punto di vista del diritto &#8211; dei nostri diritti &#8211; e del nostro modo di concepire la democrazia, l\u2019esperienza non \u00e8 meno traumatica. La vita in quarantena non \u00e8 solo faticosa o angosciante o noiosa; per moltissimi di noi \u00e8 una inedita situazione di compressione dei nostri diritti, di quegli spazi di libert\u00e0 che abbiamo sempre considerato scontati e garantiti, almeno in questa parte di mondo. Le libert\u00e0 di movimento, di riunione, di culto, il diritto all\u2019istruzione e al lavoro, la libert\u00e0 di iniziativa economica, pur con differenti gradi e modalit\u00e0, sono stati compressi e limitati in nome della tutela del diritto alla salute: del diritto alla salute individuale, certo, ma anche e soprattutto del diritto sociale alla salute, ovvero alla presenza di un sistema sanitario accessibile, efficiente, egualitario.<\/p>\n<p>Di principio, \u00e8 una possibilit\u00e0 che ogni teorico delle istituzioni conosce bene. Lo diceva gi\u00e0 Cicerone (salus rei publicae suprema lex\u2026 dove \u201csalus\u201d \u00e8 salvezza ma anche salute, benessere), ma si pu\u00f2 citare, in modo ancor pi\u00f9 appropriato, Machiavelli: quando \u00e8 in gioco la salvezza dello Stato \u2013 oggi possiamo dire: di una sua struttura fondamentale, come il sistema sanitario \u2013 \u201cnon vi debba cadere alcuna considerazione n\u00e9 di giusto n\u00e9 di ingiusto, n\u00e9 di pietoso n\u00e9 di crudele, n\u00e9 di laudabile n\u00e9 di ignominioso\u201d. Tutto \u00e8 permesso, insomma, se la posta in gioco \u00e8 cos\u00ec alta.<\/p>\n<p>Che cos\u00ec debba o possa essere, infatti, lo avevano immaginato anche i nostri costituenti, come quelli delle altre democrazie occidentali; nelle Costituzioni sono infatti spesso previste clausole di eccezione (la previsione di uno \u2018stato di emergenza\u2019) o meccanismi che consentono un sovvertimento del normale funzionamento democratico. Cos\u00ec \u00e8 nella nostra Costituzione, con lo strumento della decretazione d\u2019urgenza: l\u2019art.77 della Costituzione consente infatti al Governo, in casi straordinari di necessit\u00e0 ed urgenza e per il tempo limitato di 60 giorni, di appropriarsi del potere legislativo altrimenti riservato al Parlamento. \u00c8 uno strumento di cui da una trentina di anni i governi hanno ampiamente abusato e che ora, invece, viene usato nel pi\u00f9 appropriato dei modi.<\/p>\n<p>Del resto, in tutti i paesi in cui le restrizioni alle libert\u00e0 fondamentali sono state approvate, i cittadini hanno compreso e accettato l\u2019eccezionalit\u00e0 del momento e le proteste, se ci sono state, sono state irrilevanti. Segno che le scelte sono state fondamentalmente condivise e percepite come giustificate.<\/p>\n<p style=\"text-align: center;\"><a href=\"http:\/\/www.cittadellaeditrice.com\/munera\/wp-content\/uploads\/2020-2_Munera_55-61_Macioce.pdf\" target=\"_blank\"><img decoding=\"async\" loading=\"lazy\" alt=\"Scarica l'articolo gratuitamente\" src=\"http:\/\/www.cittadellaeditrice.com\/munera\/wp-content\/uploads\/ico_acquista_abbdigitale.jpg\" width=\"54\" height=\"54\" \/><\/a><br \/>\n<a href=\"http:\/\/www.cittadellaeditrice.com\/munera\/wp-content\/uploads\/2020-2_Munera_55-61_Macioce.pdf\" target=\"_blank\">scarica l&#8217;articolo gratuitamente<\/a><\/p>\n","protected":false},"excerpt":{"rendered":"<p>L\u2019esperienza che gran parte del pianeta sta vivendo in questi giorni, pur con diversi gradi di intensit\u00e0, \u00e8 stata descritta in modo efficace &#8211; e certo ragionevole &#8211; come eccezionale, incredibile, impensabile, nuova, e cos\u00ec&#8230;<\/p>\n","protected":false},"author":1,"featured_media":0,"parent":2840,"menu_order":0,"comment_status":"open","ping_status":"open","template":"","meta":[],"categories":[584],"tags":[567,580,16,9,351,128,578,577,585,579],"_links":{"self":[{"href":"https:\/\/www.cittadellaeditrice.com\/munera\/wp-json\/wp\/v2\/pages\/15329"}],"collection":[{"href":"https:\/\/www.cittadellaeditrice.com\/munera\/wp-json\/wp\/v2\/pages"}],"about":[{"href":"https:\/\/www.cittadellaeditrice.com\/munera\/wp-json\/wp\/v2\/types\/page"}],"author":[{"embeddable":true,"href":"https:\/\/www.cittadellaeditrice.com\/munera\/wp-json\/wp\/v2\/users\/1"}],"replies":[{"embeddable":true,"href":"https:\/\/www.cittadellaeditrice.com\/munera\/wp-json\/wp\/v2\/comments?post=15329"}],"version-history":[{"count":1,"href":"https:\/\/www.cittadellaeditrice.com\/munera\/wp-json\/wp\/v2\/pages\/15329\/revisions"}],"predecessor-version":[{"id":15330,"href":"https:\/\/www.cittadellaeditrice.com\/munera\/wp-json\/wp\/v2\/pages\/15329\/revisions\/15330"}],"up":[{"embeddable":true,"href":"https:\/\/www.cittadellaeditrice.com\/munera\/wp-json\/wp\/v2\/pages\/2840"}],"wp:attachment":[{"href":"https:\/\/www.cittadellaeditrice.com\/munera\/wp-json\/wp\/v2\/media?parent=15329"}],"wp:term":[{"taxonomy":"category","embeddable":true,"href":"https:\/\/www.cittadellaeditrice.com\/munera\/wp-json\/wp\/v2\/categories?post=15329"},{"taxonomy":"post_tag","embeddable":true,"href":"https:\/\/www.cittadellaeditrice.com\/munera\/wp-json\/wp\/v2\/tags?post=15329"}],"curies":[{"name":"wp","href":"https:\/\/api.w.org\/{rel}","templated":true}]}}