{"id":15325,"date":"2020-04-20T11:52:28","date_gmt":"2020-04-20T09:52:28","guid":{"rendered":"http:\/\/www.cittadellaeditrice.com\/munera\/?page_id=15325"},"modified":"2020-04-20T11:52:28","modified_gmt":"2020-04-20T09:52:28","slug":"munera-22020-pasquale-rotunno-informazione-scienza-e-coesione-sociale","status":"publish","type":"page","link":"https:\/\/www.cittadellaeditrice.com\/munera\/tutti-gli-articoli\/munera-22020-pasquale-rotunno-informazione-scienza-e-coesione-sociale\/","title":{"rendered":"Munera 2\/2020 &#8211; Pasquale Rotunno &gt;&gt; Informazione, scienza e coesione sociale"},"content":{"rendered":"<p>\u00abNon lo sappiamo\u00bb, era la risposta pi\u00f9 frequente di medici e virologi ai giornalisti ansiosi di conoscere qualcosa di certo sul comportamento del coronavirus.<\/p>\n<p>Eppure, notizie false o imprecise su cure, farmaci, vaccini hanno imperversato sui diversi media, nella diffusa inconsapevolezza della corretta metodologia della ricerca. Non bastano due pazienti migliorati dopo la somministrazione di questo o quel farmaco per annunciare che finalmente una cura c\u2019\u00e8. L\u2019emergenza non giustifica l\u2019abbandono di metodi rigorosi, e la sperimentazione non ha ancora dato prove chiare di efficacia a favore di un particolare trattamento, avverte l\u2019Accademia dei Lincei, in un documento del 25 marzo scorso. Quanto ai vaccini, ci vorr\u00e0 tempo, perch\u00e9 si deve essere sicuri dell\u2019efficacia, ma anche della sicurezza, di qualcosa che potrebbe essere somministrato a miliardi di persone.<\/p>\n<p>I limiti della scienza hanno creato sconcerto tra quanti erano abituati alle promesse trionfali che i costanti miglioramenti della medicina hanno alimentato negli ultimi decenni. Nel contagio, sono svanite di colpo tutte le illusioni di una societ\u00e0 ormai convinta che la morte fosse solo il frutto di un errore umano, di medici malaccorti da aggredire e malmenare nelle corsie degli ospedali.<\/p>\n<p>I giornalisti hanno imparato che i contenuti dell\u2019argomentazione scientifica \u2013 teorie, ipotesi, modelli \u2013 sono proposizioni con un grado variabile di probabilit\u00e0. Le ipotesi scientifiche, e soprattutto quelle che vertono su classi di eventi, qualit\u00e0 e fenomeni collettivi, devono fare i conti con valutazioni statistiche dei dati. La rappresentazione probabilistica degli eventi \u00e8 in molte circostanze il modo pi\u00f9 razionale per descrivere aspetti della realt\u00e0. Purtroppo la cultura italiana, sebbene abbia dato i natali a illustri scuole statistiche e biometriche, ha per lungo tempo sottovalutato l\u2019importanza e l\u2019utilit\u00e0 del metodo statistico. Il risultato \u00e8 che parole come variabilit\u00e0, significativit\u00e0 o probabilit\u00e0 composta, sono del tutto estranee al lessico comune. Nondimeno, come abbiamo visto sin dall\u2019inizio della pandemia, tante decisioni che riguardavano la vita quotidiana e la nostra stessa libert\u00e0 di movimento sono state prese in base a considerazioni di natura matematica. Per il giornalismo italiano \u00e8 il momento di misurarsi sul serio con il metodo scientifico.<\/p>\n<p style=\"text-align: center;\"><a href=\"http:\/\/www.cittadellaeditrice.com\/munera\/wp-content\/uploads\/2020-2_Munera_39-45_Rotunno.pdf\" target=\"_blank\"><img decoding=\"async\" loading=\"lazy\" alt=\"Scarica l'articolo gratuitamente\" src=\"http:\/\/www.cittadellaeditrice.com\/munera\/wp-content\/uploads\/ico_acquista_abbdigitale.jpg\" width=\"54\" height=\"54\" \/><\/a><br \/>\n<a href=\"http:\/\/www.cittadellaeditrice.com\/munera\/wp-content\/uploads\/2020-2_Munera_39-45_Rotunno.pdf\" target=\"_blank\">scarica l&#8217;articolo gratuitamente<\/a><\/p>\n","protected":false},"excerpt":{"rendered":"<p>\u00abNon lo sappiamo\u00bb, era la risposta pi\u00f9 frequente di medici e virologi ai giornalisti ansiosi di conoscere qualcosa di certo sul comportamento del coronavirus. Eppure, notizie false o imprecise su cure, farmaci, vaccini hanno imperversato&#8230;<\/p>\n","protected":false},"author":1,"featured_media":0,"parent":2840,"menu_order":0,"comment_status":"open","ping_status":"open","template":"","meta":[],"categories":[582],"tags":[567,580,16,578,21,583,577,300,579],"_links":{"self":[{"href":"https:\/\/www.cittadellaeditrice.com\/munera\/wp-json\/wp\/v2\/pages\/15325"}],"collection":[{"href":"https:\/\/www.cittadellaeditrice.com\/munera\/wp-json\/wp\/v2\/pages"}],"about":[{"href":"https:\/\/www.cittadellaeditrice.com\/munera\/wp-json\/wp\/v2\/types\/page"}],"author":[{"embeddable":true,"href":"https:\/\/www.cittadellaeditrice.com\/munera\/wp-json\/wp\/v2\/users\/1"}],"replies":[{"embeddable":true,"href":"https:\/\/www.cittadellaeditrice.com\/munera\/wp-json\/wp\/v2\/comments?post=15325"}],"version-history":[{"count":1,"href":"https:\/\/www.cittadellaeditrice.com\/munera\/wp-json\/wp\/v2\/pages\/15325\/revisions"}],"predecessor-version":[{"id":15326,"href":"https:\/\/www.cittadellaeditrice.com\/munera\/wp-json\/wp\/v2\/pages\/15325\/revisions\/15326"}],"up":[{"embeddable":true,"href":"https:\/\/www.cittadellaeditrice.com\/munera\/wp-json\/wp\/v2\/pages\/2840"}],"wp:attachment":[{"href":"https:\/\/www.cittadellaeditrice.com\/munera\/wp-json\/wp\/v2\/media?parent=15325"}],"wp:term":[{"taxonomy":"category","embeddable":true,"href":"https:\/\/www.cittadellaeditrice.com\/munera\/wp-json\/wp\/v2\/categories?post=15325"},{"taxonomy":"post_tag","embeddable":true,"href":"https:\/\/www.cittadellaeditrice.com\/munera\/wp-json\/wp\/v2\/tags?post=15325"}],"curies":[{"name":"wp","href":"https:\/\/api.w.org\/{rel}","templated":true}]}}