{"id":15323,"date":"2020-04-20T11:50:56","date_gmt":"2020-04-20T09:50:56","guid":{"rendered":"http:\/\/www.cittadellaeditrice.com\/munera\/?page_id=15323"},"modified":"2020-04-20T11:50:56","modified_gmt":"2020-04-20T09:50:56","slug":"munera-22020-giuseppe-gario-leconomia-in-un-mondo-migliore","status":"publish","type":"page","link":"https:\/\/www.cittadellaeditrice.com\/munera\/tutti-gli-articoli\/munera-22020-giuseppe-gario-leconomia-in-un-mondo-migliore\/","title":{"rendered":"Munera 2\/2020 &#8211; Giuseppe Gario &gt;&gt; L\u2019economia in un mondo migliore"},"content":{"rendered":"<p>Appiattiti su un quotidiano recluso, Covid-19 ci restituisce il futuro costringendoci a pensarlo, perch\u00e9 non va pi\u00f9 da s\u00e9 in un mondo diviso, dove il predatore agisce solo per s\u00e9 in un eterno presente con una sola domanda: wiifm (what\u2019s-in-it-for-me?). Di ogni decisione valuta il rischio personale ma non quello sistemico dell\u2019interazione sociale tra banche famiglie imprese governo che amplifica la somma dei rischi individuali. \u00c8 il mondo dei modelli economici, delle strategie d\u2019affari e dei mandati politici globalmente dominanti.<\/p>\n<p>All\u2019altro estremo chi ne subisce le peggiori conseguenze, paradossalmente un altro predatore perch\u00e9 senza domani, con le spalle al muro.<\/p>\n<p>In mezzo noi persone comuni che, dicono gli psicologi, non siamo del tutto razionali n\u00e9 egoisti, ma instabili s\u00ec, molto.<\/p>\n<p style=\"text-align: center;\"><a href=\"http:\/\/www.cittadellaeditrice.com\/munera\/wp-content\/uploads\/2020-2_Munera_33-37_Gario.pdf\" target=\"_blank\"><img decoding=\"async\" loading=\"lazy\" alt=\"Scarica l'articolo gratuitamente\" src=\"http:\/\/www.cittadellaeditrice.com\/munera\/wp-content\/uploads\/ico_acquista_abbdigitale.jpg\" width=\"54\" height=\"54\" \/><\/a><br \/>\n<a href=\"http:\/\/www.cittadellaeditrice.com\/munera\/wp-content\/uploads\/2020-2_Munera_33-37_Gario.pdf\" target=\"_blank\">scarica l&#8217;articolo gratuitamente<\/a><\/p>\n","protected":false},"excerpt":{"rendered":"<p>Appiattiti su un quotidiano recluso, Covid-19 ci restituisce il futuro costringendoci a pensarlo, perch\u00e9 non va pi\u00f9 da s\u00e9 in un mondo diviso, dove il predatore agisce solo per s\u00e9 in un eterno presente con&#8230;<\/p>\n","protected":false},"author":1,"featured_media":0,"parent":2840,"menu_order":0,"comment_status":"open","ping_status":"open","template":"","meta":[],"categories":[61],"tags":[567,580,16,20,578,21,577,407,579],"_links":{"self":[{"href":"https:\/\/www.cittadellaeditrice.com\/munera\/wp-json\/wp\/v2\/pages\/15323"}],"collection":[{"href":"https:\/\/www.cittadellaeditrice.com\/munera\/wp-json\/wp\/v2\/pages"}],"about":[{"href":"https:\/\/www.cittadellaeditrice.com\/munera\/wp-json\/wp\/v2\/types\/page"}],"author":[{"embeddable":true,"href":"https:\/\/www.cittadellaeditrice.com\/munera\/wp-json\/wp\/v2\/users\/1"}],"replies":[{"embeddable":true,"href":"https:\/\/www.cittadellaeditrice.com\/munera\/wp-json\/wp\/v2\/comments?post=15323"}],"version-history":[{"count":1,"href":"https:\/\/www.cittadellaeditrice.com\/munera\/wp-json\/wp\/v2\/pages\/15323\/revisions"}],"predecessor-version":[{"id":15324,"href":"https:\/\/www.cittadellaeditrice.com\/munera\/wp-json\/wp\/v2\/pages\/15323\/revisions\/15324"}],"up":[{"embeddable":true,"href":"https:\/\/www.cittadellaeditrice.com\/munera\/wp-json\/wp\/v2\/pages\/2840"}],"wp:attachment":[{"href":"https:\/\/www.cittadellaeditrice.com\/munera\/wp-json\/wp\/v2\/media?parent=15323"}],"wp:term":[{"taxonomy":"category","embeddable":true,"href":"https:\/\/www.cittadellaeditrice.com\/munera\/wp-json\/wp\/v2\/categories?post=15323"},{"taxonomy":"post_tag","embeddable":true,"href":"https:\/\/www.cittadellaeditrice.com\/munera\/wp-json\/wp\/v2\/tags?post=15323"}],"curies":[{"name":"wp","href":"https:\/\/api.w.org\/{rel}","templated":true}]}}