{"id":15319,"date":"2020-04-20T11:47:22","date_gmt":"2020-04-20T09:47:22","guid":{"rendered":"http:\/\/www.cittadellaeditrice.com\/munera\/?page_id=15319"},"modified":"2020-04-20T11:47:22","modified_gmt":"2020-04-20T09:47:22","slug":"munera-22020-pierluigi-galli-stampino-un-mondo-nuovo-ma-con-che-cuore","status":"publish","type":"page","link":"https:\/\/www.cittadellaeditrice.com\/munera\/tutti-gli-articoli\/munera-22020-pierluigi-galli-stampino-un-mondo-nuovo-ma-con-che-cuore\/","title":{"rendered":"Munera 2\/2020 &#8211; Pierluigi Galli Stampino &gt;&gt; Un mondo nuovo, ma con che cuore?"},"content":{"rendered":"<p>Le sensazioni al \u201ctempo del coronavirus\u201d sono le pi\u00f9 diverse. Per lo pi\u00f9 mancano le parole, tanta \u00e8 stata imprevista e inimmaginabile la situazione in cui l\u2019epidemia ci ha posto. Cos\u00ec ha cominciato a girare l\u2019idea che nulla sarebbe stato come prima; si avverte, almeno in Occidente, una cesura che non ha precedenti nella vita di tutti noi.<\/p>\n<p>Diverso il discorso per quella parte di umanit\u00e0 che ha vissuto e vive con le guerre, la povert\u00e0, le calamit\u00e0 naturali ed epidemie mai finite, per cui quella del coronavirus \u00e8 un\u2019epidemia come un\u2019altra e neppure tanto mortale come, per esempio, ebola. Per noi c\u2019\u00e8 stata l\u2019irruzione violenta di un \u201cmostro sconosciuto\u201d che ha tolto certezze, ha messo a nudo fragilit\u00e0 che non sapevamo di avere, ci ha riempito di paure; tutto ci\u00f2 ha fatto venire a galla domande sopite o addirittura dimenticate, \u00e8 crollata una fortezza che sembrava inattaccabile.<\/p>\n<p>Che cosa facciamo ora? Che cosa siamo diventati? Che cosa rester\u00e0 di tutto questo? \u00c8 solo una dolorosa \u2013 per molti, drammatica \u2013 interruzione, ma in realt\u00e0 siamo pronti a ricominciare appena possibile da dove eravamo rimasti, oppure avremo il coraggio di iniziare un percorso diverso? Io non so rispondere a queste domande, anche se ho l\u2019impressione che, passato un congruo numero di mesi o di anni, si riprender\u00e0 da dove eravamo rimasti perch\u00e9, forse, non sapremo fare altro. A meno che&#8230; A meno che non si lascino sbocciare alcune domande che ora \u2013 timidamente \u2013 fanno capolino.<\/p>\n<p>Per esempio: \u00abDov\u2019\u00e8 Dio in tutto questo?\u00bb Oppure: \u00abQuale spazio dare a domande esistenziali profonde come quelle riapparse con la cruda apparizione della morte?\u00bb O ancora: \u00abA quali condizioni sar\u00e0 possibile fare cose nuove per davvero?\u00bb<\/p>\n<p>Sono domande che non si possono fare ad alta voce; perci\u00f2 cerco di riassumerle in questo modo: \u00abA quale condizione ci potr\u00e0 essere un vero e stabile cambiamento nel nostro stile di vita?\u00bb<\/p>\n<p>Rispondo: la novit\u00e0 pu\u00f2 venire solo dal cuore, cio\u00e8 dall\u2019interiorit\u00e0 silenziosa della coscienza di persone che non si sottraggono pi\u00f9 ai perch\u00e9 della vita.<\/p>\n<p style=\"text-align: center;\"><a href=\"http:\/\/www.cittadellaeditrice.com\/munera\/wp-content\/uploads\/2020-2_Munera_21-24_GalliStampino.pdf\" target=\"_blank\"><img decoding=\"async\" loading=\"lazy\" alt=\"Scarica l'articolo gratuitamente\" src=\"http:\/\/www.cittadellaeditrice.com\/munera\/wp-content\/uploads\/ico_acquista_abbdigitale.jpg\" width=\"54\" height=\"54\" \/><\/a><br \/>\n<a href=\"http:\/\/www.cittadellaeditrice.com\/munera\/wp-content\/uploads\/2020-2_Munera_21-24_GalliStampino.pdf\" target=\"_blank\">scarica l&#8217;articolo gratuitamente<\/a><\/p>\n","protected":false},"excerpt":{"rendered":"<p>Le sensazioni al \u201ctempo del coronavirus\u201d sono le pi\u00f9 diverse. Per lo pi\u00f9 mancano le parole, tanta \u00e8 stata imprevista e inimmaginabile la situazione in cui l\u2019epidemia ci ha posto. Cos\u00ec ha cominciato a girare&#8230;<\/p>\n","protected":false},"author":1,"featured_media":0,"parent":2840,"menu_order":0,"comment_status":"open","ping_status":"open","template":"","meta":[],"categories":[151],"tags":[567,580,16,581,578,21,577,469,14,579],"_links":{"self":[{"href":"https:\/\/www.cittadellaeditrice.com\/munera\/wp-json\/wp\/v2\/pages\/15319"}],"collection":[{"href":"https:\/\/www.cittadellaeditrice.com\/munera\/wp-json\/wp\/v2\/pages"}],"about":[{"href":"https:\/\/www.cittadellaeditrice.com\/munera\/wp-json\/wp\/v2\/types\/page"}],"author":[{"embeddable":true,"href":"https:\/\/www.cittadellaeditrice.com\/munera\/wp-json\/wp\/v2\/users\/1"}],"replies":[{"embeddable":true,"href":"https:\/\/www.cittadellaeditrice.com\/munera\/wp-json\/wp\/v2\/comments?post=15319"}],"version-history":[{"count":1,"href":"https:\/\/www.cittadellaeditrice.com\/munera\/wp-json\/wp\/v2\/pages\/15319\/revisions"}],"predecessor-version":[{"id":15320,"href":"https:\/\/www.cittadellaeditrice.com\/munera\/wp-json\/wp\/v2\/pages\/15319\/revisions\/15320"}],"up":[{"embeddable":true,"href":"https:\/\/www.cittadellaeditrice.com\/munera\/wp-json\/wp\/v2\/pages\/2840"}],"wp:attachment":[{"href":"https:\/\/www.cittadellaeditrice.com\/munera\/wp-json\/wp\/v2\/media?parent=15319"}],"wp:term":[{"taxonomy":"category","embeddable":true,"href":"https:\/\/www.cittadellaeditrice.com\/munera\/wp-json\/wp\/v2\/categories?post=15319"},{"taxonomy":"post_tag","embeddable":true,"href":"https:\/\/www.cittadellaeditrice.com\/munera\/wp-json\/wp\/v2\/tags?post=15319"}],"curies":[{"name":"wp","href":"https:\/\/api.w.org\/{rel}","templated":true}]}}