{"id":15317,"date":"2020-04-20T11:42:22","date_gmt":"2020-04-20T09:42:22","guid":{"rendered":"http:\/\/www.cittadellaeditrice.com\/munera\/?page_id=15317"},"modified":"2020-04-20T11:42:22","modified_gmt":"2020-04-20T09:42:22","slug":"munera-22020-sergio-astori-amare-lessere-umano-prospettive-per-una-psicologia-integrale","status":"publish","type":"page","link":"https:\/\/www.cittadellaeditrice.com\/munera\/tutti-gli-articoli\/munera-22020-sergio-astori-amare-lessere-umano-prospettive-per-una-psicologia-integrale\/","title":{"rendered":"Munera 2\/2020 &#8211; Sergio Astori &gt;&gt; Amare l\u2019essere umano. Prospettive per una psicologia integrale"},"content":{"rendered":"<p>\u00c8 un tempo veramente difficile in varie parti del mondo. \u00c8 giunta una catastrofe inaspettata per i singoli e le comunit\u00e0. \u00c8 rimasto attonito chiunque si era sentito finora di appartenere al mondo avanzato, all\u2019Occidente industrializzato e \u201cfinanziarizzato\u201d. La pandemia del virus SARS-CoV-2, o covid-19, dalla met\u00e0 di febbraio ha costretto anche noi italiani a misurarci con quella dimensione pratica e simbolica della guerra e della carestia che non conoscevamo pi\u00f9 dalla fine della Seconda guerra mondiale.<\/p>\n<p style=\"text-align: center;\">\n<a href=\"http:\/\/www.cittadellaeditrice.com\/munera\/wp-content\/uploads\/2020-2_Munera_15-20_Astori.pdf.pdf\"><img decoding=\"async\" loading=\"lazy\" alt=\"Scarica l'articolo gratuitamente\" src=\"http:\/\/www.cittadellaeditrice.com\/munera\/wp-content\/uploads\/ico_acquista_abbdigitale.jpg\" width=\"54\" height=\"54\" \/><\/a><br \/>\n<a href=\"http:\/\/www.cittadellaeditrice.com\/munera\/wp-content\/uploads\/2020-2_Munera_15-20_Astori.pdf.pdf\">scarica l&#8217;articolo gratuitamente<\/a><\/p>\n","protected":false},"excerpt":{"rendered":"<p>\u00c8 un tempo veramente difficile in varie parti del mondo. \u00c8 giunta una catastrofe inaspettata per i singoli e le comunit\u00e0. \u00c8 rimasto attonito chiunque si era sentito finora di appartenere al mondo avanzato, all\u2019Occidente&#8230;<\/p>\n","protected":false},"author":1,"featured_media":0,"parent":2840,"menu_order":0,"comment_status":"open","ping_status":"open","template":"","meta":[],"categories":[378],"tags":[567,580,16,578,577,379,579],"_links":{"self":[{"href":"https:\/\/www.cittadellaeditrice.com\/munera\/wp-json\/wp\/v2\/pages\/15317"}],"collection":[{"href":"https:\/\/www.cittadellaeditrice.com\/munera\/wp-json\/wp\/v2\/pages"}],"about":[{"href":"https:\/\/www.cittadellaeditrice.com\/munera\/wp-json\/wp\/v2\/types\/page"}],"author":[{"embeddable":true,"href":"https:\/\/www.cittadellaeditrice.com\/munera\/wp-json\/wp\/v2\/users\/1"}],"replies":[{"embeddable":true,"href":"https:\/\/www.cittadellaeditrice.com\/munera\/wp-json\/wp\/v2\/comments?post=15317"}],"version-history":[{"count":1,"href":"https:\/\/www.cittadellaeditrice.com\/munera\/wp-json\/wp\/v2\/pages\/15317\/revisions"}],"predecessor-version":[{"id":15318,"href":"https:\/\/www.cittadellaeditrice.com\/munera\/wp-json\/wp\/v2\/pages\/15317\/revisions\/15318"}],"up":[{"embeddable":true,"href":"https:\/\/www.cittadellaeditrice.com\/munera\/wp-json\/wp\/v2\/pages\/2840"}],"wp:attachment":[{"href":"https:\/\/www.cittadellaeditrice.com\/munera\/wp-json\/wp\/v2\/media?parent=15317"}],"wp:term":[{"taxonomy":"category","embeddable":true,"href":"https:\/\/www.cittadellaeditrice.com\/munera\/wp-json\/wp\/v2\/categories?post=15317"},{"taxonomy":"post_tag","embeddable":true,"href":"https:\/\/www.cittadellaeditrice.com\/munera\/wp-json\/wp\/v2\/tags?post=15317"}],"curies":[{"name":"wp","href":"https:\/\/api.w.org\/{rel}","templated":true}]}}