{"id":15315,"date":"2020-04-20T11:41:04","date_gmt":"2020-04-20T09:41:04","guid":{"rendered":"http:\/\/www.cittadellaeditrice.com\/munera\/?page_id=15315"},"modified":"2020-04-20T11:42:34","modified_gmt":"2020-04-20T09:42:34","slug":"munera-22020-stefano-biancu-letica-che-verra","status":"publish","type":"page","link":"https:\/\/www.cittadellaeditrice.com\/munera\/tutti-gli-articoli\/munera-22020-stefano-biancu-letica-che-verra\/","title":{"rendered":"Munera 2\/2020 &#8211; Stefano Biancu &gt;&gt; L\u2019etica che verr\u00e0"},"content":{"rendered":"<p><i>Che cosa possiamo conoscere, che cosa dobbiamo fare, che cosa possiamo sperare<\/i> sono le tre domande che, fin dai tempi di Kant, riconosciamo come essenziali per ogni tentativo umano di pensare l\u2019esistenza e il reale: tre domande rispetto alle quali l\u2019esperienza della pandemia ci ha sottratto ogni facile risposta.<\/p>\n<p>Ritenevamo di poter conoscere ogni realt\u00e0 fisica, per quanto infinitesimale, e di poter confinare nell\u2019ambito dell\u2019inconoscibile le realt\u00e0 metafisiche: il virus ci ha ricordato che non conosciamo tutto, neanche tra le realt\u00e0 di questo mondo. E che forse non tutto, neppure quaggi\u00f9, \u00e8 completamente dominabile.<\/p>\n<p>Avevamo abbandonato quasi del tutto la ricerca di ci\u00f2 che \u00e8 bene in s\u00e9 (l\u2019ambito dei valori), data la difficolt\u00e0 di trovare un accordo, limitandoci a negoziare democraticamente ci\u00f2 che \u00e8 giusto, ovvero ci\u00f2 che ciascuno pu\u00f2 esigere e legittimamente aspettarsi dalle istituzioni e dagli altri (l\u2019ambito delle norme): il virus ha rimescolato le carte, dimostrando che non \u00e8 possibile stabilire ci\u00f2 che \u00e8 giusto senza una comprensione anche di ci\u00f2 che \u00e8 bene. E che il bene richiede a volte di non limitarsi a ci\u00f2 che \u00e8 esigibile.<\/p>\n<p>Avevamo riposto ogni speranza nei nostri mezzi e nelle nostre capacit\u00e0: conoscitive, tecniche e pratiche. Il virus ci ha dimostrato che non di speranza si trattava, ma di illusioni. Non tutto \u00e8 in nostro controllo, n\u00e9 mai lo sar\u00e0.<\/p>\n<p>L\u2019esperienza della pandemia ci ha cos\u00ec consegnato, a caro prezzo, alcune lezioni destinate ad approfondire la nostra comprensione di ci\u00f2 che possiamo conoscere, di ci\u00f2 che dobbiamo fare, di ci\u00f2 che possiamo sperare. Come allora potr\u00e0 \u2013 e forse dovr\u00e0 \u2013 essere l\u2019etica di domani?<\/p>\n<p style=\"text-align: center;\">\n<a href=\"http:\/\/www.cittadellaeditrice.com\/munera\/wp-content\/uploads\/2020-2_Munera_09-14_Biancu.pdf\" target=\"_blank\"><img decoding=\"async\" loading=\"lazy\" alt=\"Scarica l'articolo gratuitamente\" src=\"http:\/\/www.cittadellaeditrice.com\/munera\/wp-content\/uploads\/ico_acquista_abbdigitale.jpg\" width=\"54\" height=\"54\" \/><\/a><br \/>\n<a href=\"http:\/\/www.cittadellaeditrice.com\/munera\/wp-content\/uploads\/2020-2_Munera_09-14_Biancu.pdf\" target=\"_blank\">scarica l&#8217;articolo gratuitamente<\/a><\/p>\n","protected":false},"excerpt":{"rendered":"<p>Che cosa possiamo conoscere, che cosa dobbiamo fare, che cosa possiamo sperare sono le tre domande che, fin dai tempi di Kant, riconosciamo come essenziali per ogni tentativo umano di pensare l\u2019esistenza e il reale:&#8230;<\/p>\n","protected":false},"author":1,"featured_media":0,"parent":2840,"menu_order":0,"comment_status":"open","ping_status":"closed","template":"","meta":[],"categories":[41],"tags":[507,567,580,16,578,21,15,577,45,579],"_links":{"self":[{"href":"https:\/\/www.cittadellaeditrice.com\/munera\/wp-json\/wp\/v2\/pages\/15315"}],"collection":[{"href":"https:\/\/www.cittadellaeditrice.com\/munera\/wp-json\/wp\/v2\/pages"}],"about":[{"href":"https:\/\/www.cittadellaeditrice.com\/munera\/wp-json\/wp\/v2\/types\/page"}],"author":[{"embeddable":true,"href":"https:\/\/www.cittadellaeditrice.com\/munera\/wp-json\/wp\/v2\/users\/1"}],"replies":[{"embeddable":true,"href":"https:\/\/www.cittadellaeditrice.com\/munera\/wp-json\/wp\/v2\/comments?post=15315"}],"version-history":[{"count":1,"href":"https:\/\/www.cittadellaeditrice.com\/munera\/wp-json\/wp\/v2\/pages\/15315\/revisions"}],"predecessor-version":[{"id":15316,"href":"https:\/\/www.cittadellaeditrice.com\/munera\/wp-json\/wp\/v2\/pages\/15315\/revisions\/15316"}],"up":[{"embeddable":true,"href":"https:\/\/www.cittadellaeditrice.com\/munera\/wp-json\/wp\/v2\/pages\/2840"}],"wp:attachment":[{"href":"https:\/\/www.cittadellaeditrice.com\/munera\/wp-json\/wp\/v2\/media?parent=15315"}],"wp:term":[{"taxonomy":"category","embeddable":true,"href":"https:\/\/www.cittadellaeditrice.com\/munera\/wp-json\/wp\/v2\/categories?post=15315"},{"taxonomy":"post_tag","embeddable":true,"href":"https:\/\/www.cittadellaeditrice.com\/munera\/wp-json\/wp\/v2\/tags?post=15315"}],"curies":[{"name":"wp","href":"https:\/\/api.w.org\/{rel}","templated":true}]}}