{"id":15293,"date":"2020-04-20T11:39:40","date_gmt":"2020-04-20T09:39:40","guid":{"rendered":"http:\/\/www.cittadellaeditrice.com\/munera\/?page_id=15293"},"modified":"2020-04-20T11:39:40","modified_gmt":"2020-04-20T09:39:40","slug":"munera-22020-editoriale","status":"publish","type":"page","link":"https:\/\/www.cittadellaeditrice.com\/munera\/tutti-gli-articoli\/munera-22020-editoriale\/","title":{"rendered":"Munera 2\/2020 &#8211; Editoriale"},"content":{"rendered":"<p>Quando <i>Munera<\/i> \u00e8 nata, nel 2012, si era in piena crisi economica. E proprio per accompagnare la ripresa da quella crisi \u2013 iniziata negli Stati Uniti e poi diffusasi in tutto il mondo \u2013 la nostra rivista era stata pensata e voluta. Ne eravamo convinti: non si trattava soltanto di una crisi economica, ma della crisi di un intero paradigma umano e sociale. Molti dicevano che niente, dopo quella crisi, sarebbe stato pi\u00f9 come prima. Occorreva dunque impegnare riflessioni e intelligenze nello sforzo di pensare un mondo diverso.<\/p>\n<p>Oggi possiamo dire che in parte avevamo visto bene, in parte no. Quella non era una crisi soltanto economica, ma \u2013 superata l\u2019emergenza \u2013 tutto \u00e8 tornato pi\u00f9 o meno come prima. Quel grande cambio di paradigma non c\u2019\u00e8 stato. Il mondo uscito da quella vicenda \u00e8 rimasto in gran parte lo stesso di prima.<\/p>\n<p>All\u2019inizio di questo nuovo decennio, ci troviamo di nuovo investiti da una crisi globale. A differenza di quella precedente, \u00e8 una crisi sistemica, che investe ogni aspetto della nostra vita, individuale e collettiva, e che sfugge in buona parte al nostro controllo. Un virus invisibile agli occhi ci mette davanti agli occhi uno spettacolo a cui nessuno di noi avrebbe mai creduto di dover assistere, perlomeno alle nostre latitudini. Ha sovvertito tutte le nostre certezze e sconvolto le nostre esistenze, a livello personale, sociale, politico, economico, finanche religioso.<\/p>\n<p>Come dieci anni fa, in molti dicono che niente sar\u00e0 pi\u00f9 come prima. Oggi siamo per\u00f2 meno disponibili a farci trascinare da facili previsioni. Non sappiamo se niente sar\u00e0 pi\u00f9 come prima. Probabilmente, quando l\u2019emergenza si sar\u00e0 attenuata, molte cose torneranno quelle di un tempo.<\/p>\n<p>Ci\u00f2 che \u00e8 certo \u00e8 che questa crisi, pi\u00f9 ancora di quella precedente, ci offre la possibilit\u00e0 di pensare un mondo diverso, evidenziando una volta di pi\u00f9 i limiti di un paradigma non pi\u00f9 sostenibile.<\/p>\n<p>Non sappiamo se vedremo un mondo diverso, n\u00e9 se questo sar\u00e0 migliore o peggiore di quello precedente: sappiamo per\u00f2 che siamo chiamati a sognare e progettare un mondo diverso. Questo \u00e8 certamente il compito delle nostre generazioni, le quali potranno decidere se scrivere la storia o se lasciare che la storia la scriva un virus molto pericoloso ma non altrettanto intelligente.<\/p>\n<p>L\u2019occasione \u00e8 propizia: abbiamo visto dogmi, fino a ieri considerati assoluti, venir gi\u00f9 come fossero opinioni da bar sport. Si aprono dunque spazi immensi per ripensare le nostre vite e i destini delle generazioni che verranno dopo di noi: per decidere chi e che cosa vogliamo essere.<\/p>\n<p>Non sappiamo nulla del mondo che verr\u00e0. Sappiamo per\u00f2 che ci\u00f2 che verr\u00e0 dipender\u00e0 anche da noi: da ci\u00f2 che oggi decideremo di pensare, di sognare, di fare. Di essere.<\/p>\n<p style=\"text-align: center;\"><a href=\"http:\/\/www.cittadellaeditrice.com\/munera\/wp-content\/uploads\/2020-2_Munera_07-08_Editoriale.pdf\" target=\"_blank\"><img decoding=\"async\" loading=\"lazy\" alt=\"Scarica l'articolo gratuitamente\" src=\"http:\/\/www.cittadellaeditrice.com\/munera\/wp-content\/uploads\/ico_acquista_abbdigitale.jpg\" width=\"54\" height=\"54\" \/><\/a><br \/>\n<a href=\"http:\/\/www.cittadellaeditrice.com\/munera\/wp-content\/uploads\/2020-2_Munera_07-08_Editoriale.pdf\" target=\"_blank\">scarica l&#8217;articolo gratuitamente<\/a><\/p>\n","protected":false},"excerpt":{"rendered":"<p>Quando Munera \u00e8 nata, nel 2012, si era in piena crisi economica. E proprio per accompagnare la ripresa da quella crisi \u2013 iniziata negli Stati Uniti e poi diffusasi in tutto il mondo \u2013 la&#8230;<\/p>\n","protected":false},"author":1,"featured_media":0,"parent":2840,"menu_order":0,"comment_status":"open","ping_status":"open","template":"","meta":[],"categories":[],"tags":[567,580,16,7,578,577,579],"_links":{"self":[{"href":"https:\/\/www.cittadellaeditrice.com\/munera\/wp-json\/wp\/v2\/pages\/15293"}],"collection":[{"href":"https:\/\/www.cittadellaeditrice.com\/munera\/wp-json\/wp\/v2\/pages"}],"about":[{"href":"https:\/\/www.cittadellaeditrice.com\/munera\/wp-json\/wp\/v2\/types\/page"}],"author":[{"embeddable":true,"href":"https:\/\/www.cittadellaeditrice.com\/munera\/wp-json\/wp\/v2\/users\/1"}],"replies":[{"embeddable":true,"href":"https:\/\/www.cittadellaeditrice.com\/munera\/wp-json\/wp\/v2\/comments?post=15293"}],"version-history":[{"count":2,"href":"https:\/\/www.cittadellaeditrice.com\/munera\/wp-json\/wp\/v2\/pages\/15293\/revisions"}],"predecessor-version":[{"id":15314,"href":"https:\/\/www.cittadellaeditrice.com\/munera\/wp-json\/wp\/v2\/pages\/15293\/revisions\/15314"}],"up":[{"embeddable":true,"href":"https:\/\/www.cittadellaeditrice.com\/munera\/wp-json\/wp\/v2\/pages\/2840"}],"wp:attachment":[{"href":"https:\/\/www.cittadellaeditrice.com\/munera\/wp-json\/wp\/v2\/media?parent=15293"}],"wp:term":[{"taxonomy":"category","embeddable":true,"href":"https:\/\/www.cittadellaeditrice.com\/munera\/wp-json\/wp\/v2\/categories?post=15293"},{"taxonomy":"post_tag","embeddable":true,"href":"https:\/\/www.cittadellaeditrice.com\/munera\/wp-json\/wp\/v2\/tags?post=15293"}],"curies":[{"name":"wp","href":"https:\/\/api.w.org\/{rel}","templated":true}]}}