{"id":14811,"date":"2020-02-04T09:43:48","date_gmt":"2020-02-04T08:43:48","guid":{"rendered":"http:\/\/www.cittadellaeditrice.com\/munera\/?page_id=14811"},"modified":"2020-02-04T09:43:48","modified_gmt":"2020-02-04T08:43:48","slug":"munera-12020-jole-orsenigo-una-pedagogia-piuttosto-anti-umanista","status":"publish","type":"page","link":"https:\/\/www.cittadellaeditrice.com\/munera\/tutti-gli-articoli\/munera-12020-jole-orsenigo-una-pedagogia-piuttosto-anti-umanista\/","title":{"rendered":"Munera 1\/2020 &#8211; Jole Orsenigo &gt;&gt; Una pedagogia piuttosto anti-umanista"},"content":{"rendered":"<p>Prima lezione di filosofia, terzo anno delle superiori. Suor Augusta, in piedi tra la cattedra e i banchi, incalza la classe; in realt\u00e0, una quindicina di elementi reduci dalla grande scuola di sopravvivenza del ginnasio. \u00abChe cosa studia la filosofia?\u00bb, chiede suor Augusta con aria di sfida. Non si poteva evitare di rispondere \u2013 come accade a quell\u2019et\u00e0 \u2013 sinceramente. \u00abL\u2019uomo\u00bb, dico io. E lei: \u00abQuesto \u00e8 l\u2019oggetto di studio della psicologia!\u00bb, mentre subito ci inchioda all\u2019etimologia greca, che avremmo dovuto gi\u00e0 comprendere, passando in un lampo da Aristotele al laboratorio sperimentale di Lipsia (1879), dove svolgeva ricerche Wundt, a Sigmund Freud.<\/p>\n<p>Oggi sorrido tutte le volte che in aula si risponde nello stesso modo e con la stessa franchezza alla domanda in merito al dominio pedagogico. Non sempre per\u00f2 altre mi ritrovo delusa, amareggiata, per il fatto che forse si \u00e8 gi\u00e0 richiuso quello spazio che \u2013 ne sono testimone \u2013 si era aperto una trentina di anni fa, in Italia, per una pedagogia \u00abpiuttosto antiumanista\u00bb.<\/p>\n<p style=\"text-align: center;\"><a title=\"Acquista\" href=\"javascript:formcompra('2511',1);\"><img alt=\"Acquista l'articolo\" src=\"https:\/\/www.cittadellaeditrice.com\/munera\/wp-content\/uploads\/ico_acquista_digitale.jpg\" width=\"54\" height=\"54\" \/><\/a>\n<br \/><a title=\"Acquista\" href=\"javascript:formcompra('2511','1');\"> per continuare a leggere acquista questo articolo<\/a><\/p><p style=\"text-align:center\"><a href=\"https:\/\/www.cittadellaeditrice.com\/digital\/account\/\">Utente biblioteche abbonate: clicca qui \u00bb<\/a><\/p>","protected":false},"excerpt":{"rendered":"<p>Prima lezione di filosofia, terzo anno delle superiori. Suor Augusta, in piedi tra la cattedra e i banchi, incalza la classe; in realt\u00e0, una quindicina di elementi reduci dalla grande scuola di sopravvivenza del ginnasio&#8230;.<\/p>\n","protected":false},"author":2,"featured_media":0,"parent":2840,"menu_order":0,"comment_status":"open","ping_status":"open","template":"","meta":[],"categories":[415],"tags":[26,255,10,396,433,552],"_links":{"self":[{"href":"https:\/\/www.cittadellaeditrice.com\/munera\/wp-json\/wp\/v2\/pages\/14811"}],"collection":[{"href":"https:\/\/www.cittadellaeditrice.com\/munera\/wp-json\/wp\/v2\/pages"}],"about":[{"href":"https:\/\/www.cittadellaeditrice.com\/munera\/wp-json\/wp\/v2\/types\/page"}],"author":[{"embeddable":true,"href":"https:\/\/www.cittadellaeditrice.com\/munera\/wp-json\/wp\/v2\/users\/2"}],"replies":[{"embeddable":true,"href":"https:\/\/www.cittadellaeditrice.com\/munera\/wp-json\/wp\/v2\/comments?post=14811"}],"version-history":[{"count":1,"href":"https:\/\/www.cittadellaeditrice.com\/munera\/wp-json\/wp\/v2\/pages\/14811\/revisions"}],"predecessor-version":[{"id":14812,"href":"https:\/\/www.cittadellaeditrice.com\/munera\/wp-json\/wp\/v2\/pages\/14811\/revisions\/14812"}],"up":[{"embeddable":true,"href":"https:\/\/www.cittadellaeditrice.com\/munera\/wp-json\/wp\/v2\/pages\/2840"}],"wp:attachment":[{"href":"https:\/\/www.cittadellaeditrice.com\/munera\/wp-json\/wp\/v2\/media?parent=14811"}],"wp:term":[{"taxonomy":"category","embeddable":true,"href":"https:\/\/www.cittadellaeditrice.com\/munera\/wp-json\/wp\/v2\/categories?post=14811"},{"taxonomy":"post_tag","embeddable":true,"href":"https:\/\/www.cittadellaeditrice.com\/munera\/wp-json\/wp\/v2\/tags?post=14811"}],"curies":[{"name":"wp","href":"https:\/\/api.w.org\/{rel}","templated":true}]}}