{"id":14807,"date":"2020-02-04T09:41:40","date_gmt":"2020-02-04T08:41:40","guid":{"rendered":"http:\/\/www.cittadellaeditrice.com\/munera\/?page_id=14807"},"modified":"2020-02-04T09:41:40","modified_gmt":"2020-02-04T08:41:40","slug":"munera-12020-giuseppe-o-longo-la-formazione-nellera-del-digitale","status":"publish","type":"page","link":"https:\/\/www.cittadellaeditrice.com\/munera\/tutti-gli-articoli\/munera-12020-giuseppe-o-longo-la-formazione-nellera-del-digitale\/","title":{"rendered":"Munera 1\/2020 &#8211; Giuseppe O. Longo &gt;&gt; La formazione nell\u2019era del digitale"},"content":{"rendered":"<p>Non c\u2019\u00e8 dubbio che i dispositivi e i sistemi basati sull\u2019uso dei codici discreti, o digitali, abbiano rappresentato un punto di svolta epocale, non soltanto sotto il profilo tecnico, ma anche dal punto di vista culturale, sociale, politico e psicologico. Con la libert\u00e0 limitata, ma rasserenante, che ci concedono le convenzioni, si pu\u00f2 indicare nel 1980 un discrimine assurto in breve tempo a una perentoriet\u00e0 quasi assoluta, salvo poi attenuarsi verso forme pi\u00f9 sfumate e accettabili. Quelli nati prima del 1980 sono dichiarati \u201cimmigrati digitali\u201d e sono destinati a restare per sempre stranieri in un territorio alieno fondato sull\u2019informatica; mentre quelli nati dopo quella data sono considerati \u201cnativi digitali\u201d, aborigeni del computer e di internet, cittadini del ciberspazio sottoposti fin dalla nascita a dosi massicce di tecnologia digitale. Naturalmente non si tratta solo di una differenza anagrafica: i nativi sono portatori, rispetto agli immigrati, di certe peculiarit\u00e0 dovute in sostanza all\u2019esposizione precoce e massiccia alla tecnologia dell\u2019informazione e comunicazione: telefoni cellulari pi\u00f9 o meno attrezzati, videogiochi, computer di vario tipo, oltre al capostipite di tutti i dispositivi muniti di schermo, il televisore.<\/p>\n<p style=\"text-align: center;\"><a title=\"Acquista\" href=\"javascript:formcompra('2509',1);\"><img alt=\"Acquista l'articolo\" src=\"https:\/\/www.cittadellaeditrice.com\/munera\/wp-content\/uploads\/ico_acquista_digitale.jpg\" width=\"54\" height=\"54\" \/><\/a>\n<br \/><a title=\"Acquista\" href=\"javascript:formcompra('2509','1');\"> per continuare a leggere acquista questo articolo<\/a><\/p><p style=\"text-align:center\"><a href=\"https:\/\/www.cittadellaeditrice.com\/digital\/account\/\">Utente biblioteche abbonate: clicca qui \u00bb<\/a><\/p>","protected":false},"excerpt":{"rendered":"<p>Non c\u2019\u00e8 dubbio che i dispositivi e i sistemi basati sull\u2019uso dei codici discreti, o digitali, abbiano rappresentato un punto di svolta epocale, non soltanto sotto il profilo tecnico, ma anche dal punto di vista&#8230;<\/p>\n","protected":false},"author":2,"featured_media":0,"parent":2840,"menu_order":0,"comment_status":"open","ping_status":"open","template":"","meta":[],"categories":[555],"tags":[26,554,92,396,433,552],"_links":{"self":[{"href":"https:\/\/www.cittadellaeditrice.com\/munera\/wp-json\/wp\/v2\/pages\/14807"}],"collection":[{"href":"https:\/\/www.cittadellaeditrice.com\/munera\/wp-json\/wp\/v2\/pages"}],"about":[{"href":"https:\/\/www.cittadellaeditrice.com\/munera\/wp-json\/wp\/v2\/types\/page"}],"author":[{"embeddable":true,"href":"https:\/\/www.cittadellaeditrice.com\/munera\/wp-json\/wp\/v2\/users\/2"}],"replies":[{"embeddable":true,"href":"https:\/\/www.cittadellaeditrice.com\/munera\/wp-json\/wp\/v2\/comments?post=14807"}],"version-history":[{"count":1,"href":"https:\/\/www.cittadellaeditrice.com\/munera\/wp-json\/wp\/v2\/pages\/14807\/revisions"}],"predecessor-version":[{"id":14808,"href":"https:\/\/www.cittadellaeditrice.com\/munera\/wp-json\/wp\/v2\/pages\/14807\/revisions\/14808"}],"up":[{"embeddable":true,"href":"https:\/\/www.cittadellaeditrice.com\/munera\/wp-json\/wp\/v2\/pages\/2840"}],"wp:attachment":[{"href":"https:\/\/www.cittadellaeditrice.com\/munera\/wp-json\/wp\/v2\/media?parent=14807"}],"wp:term":[{"taxonomy":"category","embeddable":true,"href":"https:\/\/www.cittadellaeditrice.com\/munera\/wp-json\/wp\/v2\/categories?post=14807"},{"taxonomy":"post_tag","embeddable":true,"href":"https:\/\/www.cittadellaeditrice.com\/munera\/wp-json\/wp\/v2\/tags?post=14807"}],"curies":[{"name":"wp","href":"https:\/\/api.w.org\/{rel}","templated":true}]}}