{"id":14596,"date":"2019-12-12T09:40:07","date_gmt":"2019-12-12T08:40:07","guid":{"rendered":"http:\/\/www.cittadellaeditrice.com\/munera\/?page_id=14596"},"modified":"2019-12-12T09:40:07","modified_gmt":"2019-12-12T08:40:07","slug":"munera-32019-bruno-montanari-la-liberta-religiosa-tra-cittadinanza-e-relazione-esistenziale","status":"publish","type":"page","link":"https:\/\/www.cittadellaeditrice.com\/munera\/tutti-gli-articoli\/munera-32019-bruno-montanari-la-liberta-religiosa-tra-cittadinanza-e-relazione-esistenziale\/","title":{"rendered":"Munera 3\/2019 &#8211; Bruno Montanari &gt;&gt; La libert\u00e0 religiosa tra cittadinanza e relazione esistenziale"},"content":{"rendered":"<p>Nel dibattito contemporaneo la liberta\u0300 religiosa chiama in causa immediatamente la pratica della tolleranza, che credevamo di avere acquisito nel senso comune; oggi, invece, il tema torna in discussione in relazione ai diritti di cittadinanza motivati dalle politiche di integrazione delle societ\u00e0 multiculturali.<\/p>\n<p>Cittadinanza, integrazione, liberta\u0300 religiosa sono infatti i tre termini che riempiono il dibattito quotidiano, in una sequenza che viene divulgata e diffusa come se tra essi non vi fosse alcuna soluzione di continuit\u00e0 e come se fossero privi di una intrinseca problematicit\u00e0 fenomenologica, che pu\u00f2 giungere fino a una contraddittoriet\u00e0 di esiti pratici. In pi\u00f9, se ne parla come se fossero termini comuni a ogni cultura; al contrario, sono termini propri della cultura occidentale, se per \u201ccultura occidentale\u201d intendiamo quella che congiunge il pensiero greco al razionalismo europeo per il tramite del passaggio cristiano.<\/p>\n<p style=\"text-align: center;\"><a title=\"Acquista\" href=\"javascript:formcompra('2447',1);\"><img alt=\"Acquista l'articolo\" src=\"https:\/\/www.cittadellaeditrice.com\/munera\/wp-content\/uploads\/ico_acquista_digitale.jpg\" width=\"54\" height=\"54\" \/><\/a>\n<br \/><a title=\"Acquista\" href=\"javascript:formcompra('2447','1');\"> per continuare a leggere acquista questo articolo<\/a><\/p><p style=\"text-align:center\"><a href=\"https:\/\/www.cittadellaeditrice.com\/digital\/account\/\">Utente biblioteche abbonate: clicca qui \u00bb<\/a><\/p>","protected":false},"excerpt":{"rendered":"<p>Nel dibattito contemporaneo la liberta\u0300 religiosa chiama in causa immediatamente la pratica della tolleranza, che credevamo di avere acquisito nel senso comune; oggi, invece, il tema torna in discussione in relazione ai diritti di cittadinanza&#8230;<\/p>\n","protected":false},"author":1,"featured_media":0,"parent":2840,"menu_order":0,"comment_status":"open","ping_status":"open","template":"","meta":[],"categories":[287],"tags":[313,12,542,540,541],"_links":{"self":[{"href":"https:\/\/www.cittadellaeditrice.com\/munera\/wp-json\/wp\/v2\/pages\/14596"}],"collection":[{"href":"https:\/\/www.cittadellaeditrice.com\/munera\/wp-json\/wp\/v2\/pages"}],"about":[{"href":"https:\/\/www.cittadellaeditrice.com\/munera\/wp-json\/wp\/v2\/types\/page"}],"author":[{"embeddable":true,"href":"https:\/\/www.cittadellaeditrice.com\/munera\/wp-json\/wp\/v2\/users\/1"}],"replies":[{"embeddable":true,"href":"https:\/\/www.cittadellaeditrice.com\/munera\/wp-json\/wp\/v2\/comments?post=14596"}],"version-history":[{"count":1,"href":"https:\/\/www.cittadellaeditrice.com\/munera\/wp-json\/wp\/v2\/pages\/14596\/revisions"}],"predecessor-version":[{"id":14597,"href":"https:\/\/www.cittadellaeditrice.com\/munera\/wp-json\/wp\/v2\/pages\/14596\/revisions\/14597"}],"up":[{"embeddable":true,"href":"https:\/\/www.cittadellaeditrice.com\/munera\/wp-json\/wp\/v2\/pages\/2840"}],"wp:attachment":[{"href":"https:\/\/www.cittadellaeditrice.com\/munera\/wp-json\/wp\/v2\/media?parent=14596"}],"wp:term":[{"taxonomy":"category","embeddable":true,"href":"https:\/\/www.cittadellaeditrice.com\/munera\/wp-json\/wp\/v2\/categories?post=14596"},{"taxonomy":"post_tag","embeddable":true,"href":"https:\/\/www.cittadellaeditrice.com\/munera\/wp-json\/wp\/v2\/tags?post=14596"}],"curies":[{"name":"wp","href":"https:\/\/api.w.org\/{rel}","templated":true}]}}