{"id":13887,"date":"2019-07-08T07:52:46","date_gmt":"2019-07-08T05:52:46","guid":{"rendered":"http:\/\/www.cittadellaeditrice.com\/munera\/?page_id=13887"},"modified":"2019-07-08T07:52:46","modified_gmt":"2019-07-08T05:52:46","slug":"munera-22019-donatella-scaiola-amare-laltro-che-e-te-stesso","status":"publish","type":"page","link":"https:\/\/www.cittadellaeditrice.com\/munera\/tutti-gli-articoli\/munera-22019-donatella-scaiola-amare-laltro-che-e-te-stesso\/","title":{"rendered":"Munera 2\/2019 &#8211; Donatella Scaiola &gt;&gt; Amare l\u2019altro che \u00e8 te stesso"},"content":{"rendered":"<p>Levitico 19, all\u2019interno del quale si trova il v. 18, consiste di una serie di istruzioni, sia di tipo rituale sia sociale, riunite sotto il comune denominatore di una chiamata, rivolta alla comunit\u00e0, a praticare la santit\u00e0: \u00abIl Signore parl\u00f2 a Mos\u00e8 e disse: Parla a tutta la comunit\u00e0 degli Israeliti dicendo loro: \u2018Siate santi, perch\u00e9 io, il Signore, vostro Dio, sono santo\u2019\u00bb (Lv 19,1-2). La santit\u00e0 \u00e8 la sfera di purit\u00e0 che appartiene a Dio, e, dal punto di vista umano, \u00e8 la disposizione appropriata che permette a una persona di venire a contatto con Dio. In Levitico 19 la santit\u00e0 \u00e8 attualizzata nella e attraverso la vita della comunit\u00e0. La santit\u00e0 si manifesta, cio\u00e8, in relazioni caratterizzate da integrit\u00e0, onest\u00e0, affidabilit\u00e0 e amore.<\/p>\n<p>Questo invito, a sua volta, spiega che cosa significa per Israele essere \u00abun regno di sacerdoti e una nazione santa\u00bb (Es 19,6), che pu\u00f2 essere considerato il tema unificante di Levitico 19. Questo versetto, per certi aspetti unico, si trova in una posizione strategica, all\u2019inizio della sezione dedicata alla stipulazione dell\u2019alleanza sinaitica (Es 19-24). Il Signore, dopo aver ricordato a Israele la liberazione dall\u2019Egitto (Es 19,4), propone al suo popolo di entrare in alleanza con Lui (Es 19,5), diventando appunto un regno di sacerdoti e una nazione santa, oltre che propriet\u00e0 personale di Dio tra tutti i popoli.\u00a0 \u00abIn questi versetti viene delineata la vocazione di Israele che \u00e8 chiamato a svolgere una funzione positiva nei confronti di tutti gli altri popoli. Israele, a partire dalla relazione particolare che ha con il Signore, diviene mediatore, intermediario, tra il Signore e tutta la terra\u00bb.<\/p>\n<p>I vari comandi riuniti in Levitico 19 si presentano, inoltre, come una ripresa e un commento delle Dieci Parole (Es 20,1-17; Dt 5,6-22), un dato per certi aspetti ovvio, ma anche molto significativo. L\u2019ovviet\u00e0 dipende dal fatto che i vari codici legislativi che si trovano nel Pentateuco sono tutti collegati, in un modo o nell\u2019altro, alle Dieci Parole, di cui costituiscono l\u2019attualizzazione e l\u2019applicazione a contesti diversi. Non \u00e8 dunque insolito che Levitico 19 citi le Dieci Parole, ma ci\u00f2 nonostante rimane un dato significativo perch\u00e9 il nostro testo non si limita a riproporre le singole prescrizioni del decalogo, ma anche le commenta, come vedremo.<\/p>\n<p style=\"text-align: center;\"><a title=\"Acquista\" href=\"javascript:formcompra('2298',1);\"><img alt=\"Acquista l'articolo\" src=\"https:\/\/www.cittadellaeditrice.com\/munera\/wp-content\/uploads\/ico_acquista_digitale.jpg\" width=\"54\" height=\"54\" \/><\/a>\n<br \/><a title=\"Acquista\" href=\"javascript:formcompra('2298','1');\"> per continuare a leggere acquista questo articolo<\/a><\/p><p style=\"text-align:center\"><a href=\"https:\/\/www.cittadellaeditrice.com\/digital\/account\/\">Utente biblioteche abbonate: clicca qui \u00bb<\/a><\/p>","protected":false},"excerpt":{"rendered":"<p>Levitico 19, all\u2019interno del quale si trova il v. 18, consiste di una serie di istruzioni, sia di tipo rituale sia sociale, riunite sotto il comune denominatore di una chiamata, rivolta alla comunit\u00e0, a praticare&#8230;<\/p>\n","protected":false},"author":1,"featured_media":0,"parent":2840,"menu_order":0,"comment_status":"open","ping_status":"open","template":"","meta":[],"categories":[513],"tags":[507,13,514],"_links":{"self":[{"href":"https:\/\/www.cittadellaeditrice.com\/munera\/wp-json\/wp\/v2\/pages\/13887"}],"collection":[{"href":"https:\/\/www.cittadellaeditrice.com\/munera\/wp-json\/wp\/v2\/pages"}],"about":[{"href":"https:\/\/www.cittadellaeditrice.com\/munera\/wp-json\/wp\/v2\/types\/page"}],"author":[{"embeddable":true,"href":"https:\/\/www.cittadellaeditrice.com\/munera\/wp-json\/wp\/v2\/users\/1"}],"replies":[{"embeddable":true,"href":"https:\/\/www.cittadellaeditrice.com\/munera\/wp-json\/wp\/v2\/comments?post=13887"}],"version-history":[{"count":1,"href":"https:\/\/www.cittadellaeditrice.com\/munera\/wp-json\/wp\/v2\/pages\/13887\/revisions"}],"predecessor-version":[{"id":13888,"href":"https:\/\/www.cittadellaeditrice.com\/munera\/wp-json\/wp\/v2\/pages\/13887\/revisions\/13888"}],"up":[{"embeddable":true,"href":"https:\/\/www.cittadellaeditrice.com\/munera\/wp-json\/wp\/v2\/pages\/2840"}],"wp:attachment":[{"href":"https:\/\/www.cittadellaeditrice.com\/munera\/wp-json\/wp\/v2\/media?parent=13887"}],"wp:term":[{"taxonomy":"category","embeddable":true,"href":"https:\/\/www.cittadellaeditrice.com\/munera\/wp-json\/wp\/v2\/categories?post=13887"},{"taxonomy":"post_tag","embeddable":true,"href":"https:\/\/www.cittadellaeditrice.com\/munera\/wp-json\/wp\/v2\/tags?post=13887"}],"curies":[{"name":"wp","href":"https:\/\/api.w.org\/{rel}","templated":true}]}}