{"id":13885,"date":"2019-07-08T07:51:10","date_gmt":"2019-07-08T05:51:10","guid":{"rendered":"http:\/\/www.cittadellaeditrice.com\/munera\/?page_id=13885"},"modified":"2019-07-08T07:51:10","modified_gmt":"2019-07-08T05:51:10","slug":"munera-22019-stefano-biancu-prossimita-e-distacco","status":"publish","type":"page","link":"https:\/\/www.cittadellaeditrice.com\/munera\/tutti-gli-articoli\/munera-22019-stefano-biancu-prossimita-e-distacco\/","title":{"rendered":"Munera 2\/2019 &#8211; Stefano Biancu &gt;&gt; Prossimit\u00e0 e distacco"},"content":{"rendered":"<p>In queste pagine vorrei sostenere due tesi, tra loro collegate. La prima \u00e8 che l\u2019amore \u00e8 un equilibrio, difficile e sempre da ricercare, tra contatto e ritiro, tra farsi prossimo e lasciar essere: tra prossimit\u00e0 e distacco. La seconda \u00e8 che l\u2019amore di s\u00e9 \u00e8 una delle condizioni fondamentali di questo difficile equilibrio.<\/p>\n<p>Il mio sar\u00e0 un discorso al confine tra ambito morale, spirituale e psicologico. In fondo, si tratta di una distinzione di piani utile per fare scienza, ma astratta e in buona parte inadeguata rispetto alla complessit\u00e0 della nostra umanit\u00e0. Prova ne \u00e8 il fatto che non esiste \u201cpatologia\u201d morale o spirituale che non abbia anche un impatto psicologico (e questo sebbene, evidentemente, non ogni patologia psicologica abbia origine morale o spirituale). Generosit\u00e0 e, all\u2019opposto, avarizia costituiscono un buon esempio di un rapporto \u201cmorale\u201d con gli altri che assume la figura di un rapporto \u201cspirituale\u201d con la vita e la realt\u00e0: una persona generosa \u00e8 in generale pi\u00f9 intelligente di una persona avara, nel senso che ha una comprensione pi\u00f9 profonda della realt\u00e0, alla quale dedica una pi\u00f9 profonda attenzione. Tale rapporto morale (e spirituale) ha un impatto anche \u201cpsicologico\u201d: una persona generosa \u00e8, in generale, psicologicamente pi\u00f9 sana e pi\u00f9 stabile di una persona avida o avara.<\/p>\n<p>Articoler\u00f2 il mio discorso come segue: dapprima proporr\u00f2 alcune riflessioni su come l\u2019amore \u2013 al pari di ogni bene \u2013 ci renda al contempo grandi e fragili (\u00a71), e come esso sia soggetto a pervertimento e richieda dunque equilibrio (\u00a72). Quindi mi concentrer\u00f2 sull\u2019amore di s\u00e9: su cosa esso non sia e su cosa esso invece sia (\u00a73).<\/p>\n<p style=\"text-align: center;\"><a title=\"Acquista\" href=\"javascript:formcompra('2297',1);\"><img alt=\"Acquista l'articolo\" src=\"https:\/\/www.cittadellaeditrice.com\/munera\/wp-content\/uploads\/ico_acquista_digitale.jpg\" width=\"54\" height=\"54\" \/><\/a>\n<br \/><a title=\"Acquista\" href=\"javascript:formcompra('2297','1');\"> per continuare a leggere acquista questo articolo<\/a><\/p><p style=\"text-align:center\"><a href=\"https:\/\/www.cittadellaeditrice.com\/digital\/account\/\">Utente biblioteche abbonate: clicca qui \u00bb<\/a><\/p>","protected":false},"excerpt":{"rendered":"<p>In queste pagine vorrei sostenere due tesi, tra loro collegate. La prima \u00e8 che l\u2019amore \u00e8 un equilibrio, difficile e sempre da ricercare, tra contatto e ritiro, tra farsi prossimo e lasciar essere: tra prossimit\u00e0&#8230;<\/p>\n","protected":false},"author":1,"featured_media":0,"parent":2840,"menu_order":0,"comment_status":"open","ping_status":"open","template":"","meta":[],"categories":[41],"tags":[507,508,21,15,380],"_links":{"self":[{"href":"https:\/\/www.cittadellaeditrice.com\/munera\/wp-json\/wp\/v2\/pages\/13885"}],"collection":[{"href":"https:\/\/www.cittadellaeditrice.com\/munera\/wp-json\/wp\/v2\/pages"}],"about":[{"href":"https:\/\/www.cittadellaeditrice.com\/munera\/wp-json\/wp\/v2\/types\/page"}],"author":[{"embeddable":true,"href":"https:\/\/www.cittadellaeditrice.com\/munera\/wp-json\/wp\/v2\/users\/1"}],"replies":[{"embeddable":true,"href":"https:\/\/www.cittadellaeditrice.com\/munera\/wp-json\/wp\/v2\/comments?post=13885"}],"version-history":[{"count":1,"href":"https:\/\/www.cittadellaeditrice.com\/munera\/wp-json\/wp\/v2\/pages\/13885\/revisions"}],"predecessor-version":[{"id":13886,"href":"https:\/\/www.cittadellaeditrice.com\/munera\/wp-json\/wp\/v2\/pages\/13885\/revisions\/13886"}],"up":[{"embeddable":true,"href":"https:\/\/www.cittadellaeditrice.com\/munera\/wp-json\/wp\/v2\/pages\/2840"}],"wp:attachment":[{"href":"https:\/\/www.cittadellaeditrice.com\/munera\/wp-json\/wp\/v2\/media?parent=13885"}],"wp:term":[{"taxonomy":"category","embeddable":true,"href":"https:\/\/www.cittadellaeditrice.com\/munera\/wp-json\/wp\/v2\/categories?post=13885"},{"taxonomy":"post_tag","embeddable":true,"href":"https:\/\/www.cittadellaeditrice.com\/munera\/wp-json\/wp\/v2\/tags?post=13885"}],"curies":[{"name":"wp","href":"https:\/\/api.w.org\/{rel}","templated":true}]}}