{"id":13883,"date":"2019-07-08T07:49:37","date_gmt":"2019-07-08T05:49:37","guid":{"rendered":"http:\/\/www.cittadellaeditrice.com\/munera\/?page_id=13883"},"modified":"2019-07-08T07:49:37","modified_gmt":"2019-07-08T05:49:37","slug":"munera-22019-mariele-wulf-la-dinamica-del-narcisismo","status":"publish","type":"page","link":"https:\/\/www.cittadellaeditrice.com\/munera\/tutti-gli-articoli\/munera-22019-mariele-wulf-la-dinamica-del-narcisismo\/","title":{"rendered":"Munera 2\/2019 &#8211; Mari\u00e9le Wulf &gt;&gt; La dinamica del narcisismo"},"content":{"rendered":"<p>Sembra che certi annunci per ruoli dirigenziali recitino: \u201cpreferibilmente narcisisti\u201d.\u00a0 Le strutture di potere costituiscono per i narcisisti l\u2019habitat naturale, in cui essi diventano tuttavia distruttivi, trasformando la propria insicurezza in dominio sugli altri, mancanza di tatto, brutalit\u00e0 e mancanza di rispetto. Ci\u00f2 vale anche per narcisisti che dominano gli altri enfatizzando la propria impotenza (da qui la definizione di \u201cimpotenti-narcisisti\u201d): tutti devono aiutarli e nessuno pu\u00f2 rompere il legame con questo individuo che si presenta senza difesa. La vittima \u00e8 sempre nel giusto, chi non \u00e8 d\u2019accordo \u00e8 automaticamente un carnefice e si trova nel torto.<\/p>\n<p>Per comprendere l\u2019esistenza narcisista dobbiamo essere consapevoli del suo meccanismo interno. I narcisisti sembrano personalit\u00e0 forti, ma non lo sono. Il potere che vogliono a ogni costo guadagnare sugli altri serve loro per ottenere un controllo assoluto. I narcisisti \u201cprimitivi\u201d possono essere riconosciuti facilmente, mentre quelli pi\u00f9 intelligenti si nascondono dietro l\u2019affabilit\u00e0, la cooperazione, il successo e la buona volont\u00e0. Il narcisismo \u00e8 essenzialmente una carenza di auto-competenza: la dimensione del S\u00e9 \u00e8 troppo debole. Per una personalit\u00e0 pienamente sviluppata sono necessari autodeterminazione, cooperativit\u00e0 e capacit\u00e0 di uscire da s\u00e9: la carenza di uno di questi aspetti porta a una carenza negli altri.<\/p>\n<p style=\"text-align: center;\"><a title=\"Acquista\" href=\"javascript:formcompra('2296',1);\"><img alt=\"Acquista l'articolo\" src=\"https:\/\/www.cittadellaeditrice.com\/munera\/wp-content\/uploads\/ico_acquista_digitale.jpg\" width=\"54\" height=\"54\" \/><\/a>\n<br \/><a title=\"Acquista\" href=\"javascript:formcompra('2296','1');\"> per continuare a leggere acquista questo articolo<\/a><\/p><p style=\"text-align:center\"><a href=\"https:\/\/www.cittadellaeditrice.com\/digital\/account\/\">Utente biblioteche abbonate: clicca qui \u00bb<\/a><\/p>","protected":false},"excerpt":{"rendered":"<p>Sembra che certi annunci per ruoli dirigenziali recitino: \u201cpreferibilmente narcisisti\u201d.\u00a0 Le strutture di potere costituiscono per i narcisisti l\u2019habitat naturale, in cui essi diventano tuttavia distruttivi, trasformando la propria insicurezza in dominio sugli altri, mancanza&#8230;<\/p>\n","protected":false},"author":1,"featured_media":0,"parent":2840,"menu_order":0,"comment_status":"open","ping_status":"open","template":"","meta":[],"categories":[512],"tags":[508,21,380,379],"_links":{"self":[{"href":"https:\/\/www.cittadellaeditrice.com\/munera\/wp-json\/wp\/v2\/pages\/13883"}],"collection":[{"href":"https:\/\/www.cittadellaeditrice.com\/munera\/wp-json\/wp\/v2\/pages"}],"about":[{"href":"https:\/\/www.cittadellaeditrice.com\/munera\/wp-json\/wp\/v2\/types\/page"}],"author":[{"embeddable":true,"href":"https:\/\/www.cittadellaeditrice.com\/munera\/wp-json\/wp\/v2\/users\/1"}],"replies":[{"embeddable":true,"href":"https:\/\/www.cittadellaeditrice.com\/munera\/wp-json\/wp\/v2\/comments?post=13883"}],"version-history":[{"count":1,"href":"https:\/\/www.cittadellaeditrice.com\/munera\/wp-json\/wp\/v2\/pages\/13883\/revisions"}],"predecessor-version":[{"id":13884,"href":"https:\/\/www.cittadellaeditrice.com\/munera\/wp-json\/wp\/v2\/pages\/13883\/revisions\/13884"}],"up":[{"embeddable":true,"href":"https:\/\/www.cittadellaeditrice.com\/munera\/wp-json\/wp\/v2\/pages\/2840"}],"wp:attachment":[{"href":"https:\/\/www.cittadellaeditrice.com\/munera\/wp-json\/wp\/v2\/media?parent=13883"}],"wp:term":[{"taxonomy":"category","embeddable":true,"href":"https:\/\/www.cittadellaeditrice.com\/munera\/wp-json\/wp\/v2\/categories?post=13883"},{"taxonomy":"post_tag","embeddable":true,"href":"https:\/\/www.cittadellaeditrice.com\/munera\/wp-json\/wp\/v2\/tags?post=13883"}],"curies":[{"name":"wp","href":"https:\/\/api.w.org\/{rel}","templated":true}]}}