{"id":13881,"date":"2019-07-08T07:47:52","date_gmt":"2019-07-08T05:47:52","guid":{"rendered":"http:\/\/www.cittadellaeditrice.com\/munera\/?page_id=13881"},"modified":"2019-07-08T07:47:52","modified_gmt":"2019-07-08T05:47:52","slug":"munera-22019-emanuele-bordello-accogliere-il-mistero-dellaltro-e-di-se-al-di-la-di-egoismo-e-altruismo","status":"publish","type":"page","link":"https:\/\/www.cittadellaeditrice.com\/munera\/tutti-gli-articoli\/munera-22019-emanuele-bordello-accogliere-il-mistero-dellaltro-e-di-se-al-di-la-di-egoismo-e-altruismo\/","title":{"rendered":"Munera 2\/2019 &#8211; Emanuele Bordello &gt;&gt; Accogliere il mistero dell\u2019altro e di s\u00e9. Al di l\u00e0 di egoismo e altruismo"},"content":{"rendered":"<p>Cresciuto in un ambiente cattolico, con tanto di scuola elementare dalle suore e catechismo in parrocchia, quand\u2019ero bambino mi sembrava che \u201cegoismo\u201d fosse la cosa pi\u00f9 brutta del mondo e \u201caltruismo\u201d il necessario esito di un \u201cbuon cristiano\u201d. Forse non era del tutto falso. In ogni caso, in un\u2019epoca in cui basta aprire i giornali per essere sommersi ogni giorno da una valanga di notizie che testimoniano la drammatica eliminazione \u2013 reale o metaforica \u2013 del prossimo e la brutale soddisfazione dei propri istinti pi\u00f9 immediati, tutto sommato, sono contento di aver ricevuto un simile insegnamento fin dalla mia prima infanzia.<\/p>\n<p>Eppure, in tale opposizione cos\u00ec drastica tra egoismo \u201ccattivo\u201d e altruismo \u201cbuono\u201d c\u2019\u00e8, mi pare, qualcosa che non funziona. Si scorge all\u2019opera una logica binaria, bianco\/nero, indiani\/cowboys, che pu\u00f2 produrre molti danni quando la si applichi a due gruppi distinti di persone \u2013 ma non solo. Papa Francesco non cessa di ricordarlo, quando invita i cristiani a farsi carico in maniera pi\u00f9 seria della realt\u00e0 con tutta la sua ricchezza di sfumature e il suo peso di opacit\u00e0.\u00a0 Secondo questa implacabile logica dicotomica, applicata all\u2019universo morale-religioso, tutto ci\u00f2 che rinvia a s\u00e9 stesso sarebbe nefasto, tutto ci\u00f2 che espone all\u2019altro sarebbe entusiasmante.<\/p>\n<p>Per smontare questa logica manichea sarebbe sufficiente, a ben vedere, un\u2019istruttiva immersione nella realt\u00e0. Essa ci mostrerebbe come spesso, in nome della bont\u00e0 altruistica, si compiono pratiche del tutto autoreferenziali \u2013 certe opere di \u201cbeneficienza\u201d \u2013 o per mostrarci come a volte, in nome del rifiuto dell\u2019egoismo, si finisce per adottare la \u201ctecnica dello struzzo\u201d: nascondere la testa sotto la sabbia, per non vedere che bisogna prendersi cura anche di s\u00e9 e che nessuna fuga attivistica, per quanto generosa, pu\u00f2 sostituire un necessario lavoro sulla propria esperienza.<\/p>\n<p>Tentiamo per\u00f2 \u2013 rinviando alla libert\u00e0 di ciascuno questa salutare escursione nel reale \u2013 un breve itinerario di riflessione per mostrare alcune sfumature che, a mio avviso, potrebbe essere utile apportare alla dicotomia da cui siamo partiti.<\/p>\n<p style=\"text-align: center;\"><a title=\"Acquista\" href=\"javascript:formcompra('2295',1);\"><img alt=\"Acquista l'articolo\" src=\"https:\/\/www.cittadellaeditrice.com\/munera\/wp-content\/uploads\/ico_acquista_digitale.jpg\" width=\"54\" height=\"54\" \/><\/a>\n<br \/><a title=\"Acquista\" href=\"javascript:formcompra('2295','1');\"> per continuare a leggere acquista questo articolo<\/a><\/p><p style=\"text-align:center\"><a href=\"https:\/\/www.cittadellaeditrice.com\/digital\/account\/\">Utente biblioteche abbonate: clicca qui \u00bb<\/a><\/p>","protected":false},"excerpt":{"rendered":"<p>Cresciuto in un ambiente cattolico, con tanto di scuola elementare dalle suore e catechismo in parrocchia, quand\u2019ero bambino mi sembrava che \u201cegoismo\u201d fosse la cosa pi\u00f9 brutta del mondo e \u201caltruismo\u201d il necessario esito di&#8230;<\/p>\n","protected":false},"author":1,"featured_media":0,"parent":2840,"menu_order":0,"comment_status":"open","ping_status":"open","template":"","meta":[],"categories":[509],"tags":[511,507,508,510,15,14],"_links":{"self":[{"href":"https:\/\/www.cittadellaeditrice.com\/munera\/wp-json\/wp\/v2\/pages\/13881"}],"collection":[{"href":"https:\/\/www.cittadellaeditrice.com\/munera\/wp-json\/wp\/v2\/pages"}],"about":[{"href":"https:\/\/www.cittadellaeditrice.com\/munera\/wp-json\/wp\/v2\/types\/page"}],"author":[{"embeddable":true,"href":"https:\/\/www.cittadellaeditrice.com\/munera\/wp-json\/wp\/v2\/users\/1"}],"replies":[{"embeddable":true,"href":"https:\/\/www.cittadellaeditrice.com\/munera\/wp-json\/wp\/v2\/comments?post=13881"}],"version-history":[{"count":1,"href":"https:\/\/www.cittadellaeditrice.com\/munera\/wp-json\/wp\/v2\/pages\/13881\/revisions"}],"predecessor-version":[{"id":13882,"href":"https:\/\/www.cittadellaeditrice.com\/munera\/wp-json\/wp\/v2\/pages\/13881\/revisions\/13882"}],"up":[{"embeddable":true,"href":"https:\/\/www.cittadellaeditrice.com\/munera\/wp-json\/wp\/v2\/pages\/2840"}],"wp:attachment":[{"href":"https:\/\/www.cittadellaeditrice.com\/munera\/wp-json\/wp\/v2\/media?parent=13881"}],"wp:term":[{"taxonomy":"category","embeddable":true,"href":"https:\/\/www.cittadellaeditrice.com\/munera\/wp-json\/wp\/v2\/categories?post=13881"},{"taxonomy":"post_tag","embeddable":true,"href":"https:\/\/www.cittadellaeditrice.com\/munera\/wp-json\/wp\/v2\/tags?post=13881"}],"curies":[{"name":"wp","href":"https:\/\/api.w.org\/{rel}","templated":true}]}}