{"id":13875,"date":"2019-07-08T07:44:12","date_gmt":"2019-07-08T05:44:12","guid":{"rendered":"http:\/\/www.cittadellaeditrice.com\/munera\/?page_id=13875"},"modified":"2019-07-08T07:44:12","modified_gmt":"2019-07-08T05:44:12","slug":"munera-22019-gaia-donati-il-populismo-penale","status":"publish","type":"page","link":"https:\/\/www.cittadellaeditrice.com\/munera\/tutti-gli-articoli\/munera-22019-gaia-donati-il-populismo-penale\/","title":{"rendered":"Munera 2\/2019 &#8211; Gaia Donati &gt;&gt; Il populismo penale"},"content":{"rendered":"<p>Nella coscienza ferita tardo-moderna, per la quale concedersi il tempo di pensare appare sempre pi\u00f9 un lusso pericoloso, la percezione di crisi generalizzata sta riscontrando un\u2019inedita proiezione in ambito penalistico, traducendosi nell\u2019emersione prepotente di una domanda di \u201csicurezza\u201d.<\/p>\n<p>Se l\u2019orizzonte di senso della \u201cmodernit\u00e0 liquida\u201d si colloca nel principio secondo cui \u00abi fatti non ci sono, bens\u00ec solo interpretazioni\u00bb, si comprende come il cittadino comune, interpellato in merito al dilemma fondamentale circa le cause e le soluzioni al problema criminale \u2013 prima prudentemente riservato alla prerogativa statuale \u2013 non si esima dall\u2019esprimere una personale spiegazione. Il profilo che si rivela per\u00f2 senza precedenti attiene alla deformazione e alla pregnanza assunte oggi dalla \u201cguerra\u201d al crimine nella risposta politico-istituzionale: il potere statuale si presta sempre pi\u00f9 a un\u2019adesione passiva alle istanze vendicative presenti nella societ\u00e0, promuovendo \u00abl\u2019impulsiva reattivit\u00e0 a ci\u00f2 che \u00e8 presente e immediato, e l\u2019indifferenza o dimenticanza per ci\u00f2 che \u00e8 lontano dai propri sensi\u00bb, come le garanzie e i diritti della persona.<\/p>\n<p>A proposito di tale convergenza tra potere pubblico e paura collettiva si \u00e8 coniata l\u2019espressione \u201cpopulismo penale\u201d. Essa vuole proprio comunicare l\u2019idea di un diritto penale condizionato dalla strumentalizzazione delle componenti simboliche a fini di rassicurazione pubblica.<\/p>\n<p style=\"text-align: center;\"><a title=\"Acquista\" href=\"javascript:formcompra('2292',1);\"><img alt=\"Acquista l'articolo\" src=\"https:\/\/www.cittadellaeditrice.com\/munera\/wp-content\/uploads\/ico_acquista_digitale.jpg\" width=\"54\" height=\"54\" \/><\/a>\n<br \/><a title=\"Acquista\" href=\"javascript:formcompra('2292','1');\"> per continuare a leggere acquista questo articolo<\/a><\/p><p style=\"text-align:center\"><a href=\"https:\/\/www.cittadellaeditrice.com\/digital\/account\/\">Utente biblioteche abbonate: clicca qui \u00bb<\/a><\/p>","protected":false},"excerpt":{"rendered":"<p>Nella coscienza ferita tardo-moderna, per la quale concedersi il tempo di pensare appare sempre pi\u00f9 un lusso pericoloso, la percezione di crisi generalizzata sta riscontrando un\u2019inedita proiezione in ambito penalistico, traducendosi nell\u2019emersione prepotente di una&#8230;<\/p>\n","protected":false},"author":1,"featured_media":0,"parent":2840,"menu_order":0,"comment_status":"open","ping_status":"open","template":"","meta":[],"categories":[502],"tags":[128,503,445,504],"_links":{"self":[{"href":"https:\/\/www.cittadellaeditrice.com\/munera\/wp-json\/wp\/v2\/pages\/13875"}],"collection":[{"href":"https:\/\/www.cittadellaeditrice.com\/munera\/wp-json\/wp\/v2\/pages"}],"about":[{"href":"https:\/\/www.cittadellaeditrice.com\/munera\/wp-json\/wp\/v2\/types\/page"}],"author":[{"embeddable":true,"href":"https:\/\/www.cittadellaeditrice.com\/munera\/wp-json\/wp\/v2\/users\/1"}],"replies":[{"embeddable":true,"href":"https:\/\/www.cittadellaeditrice.com\/munera\/wp-json\/wp\/v2\/comments?post=13875"}],"version-history":[{"count":1,"href":"https:\/\/www.cittadellaeditrice.com\/munera\/wp-json\/wp\/v2\/pages\/13875\/revisions"}],"predecessor-version":[{"id":13876,"href":"https:\/\/www.cittadellaeditrice.com\/munera\/wp-json\/wp\/v2\/pages\/13875\/revisions\/13876"}],"up":[{"embeddable":true,"href":"https:\/\/www.cittadellaeditrice.com\/munera\/wp-json\/wp\/v2\/pages\/2840"}],"wp:attachment":[{"href":"https:\/\/www.cittadellaeditrice.com\/munera\/wp-json\/wp\/v2\/media?parent=13875"}],"wp:term":[{"taxonomy":"category","embeddable":true,"href":"https:\/\/www.cittadellaeditrice.com\/munera\/wp-json\/wp\/v2\/categories?post=13875"},{"taxonomy":"post_tag","embeddable":true,"href":"https:\/\/www.cittadellaeditrice.com\/munera\/wp-json\/wp\/v2\/tags?post=13875"}],"curies":[{"name":"wp","href":"https:\/\/api.w.org\/{rel}","templated":true}]}}