{"id":13871,"date":"2019-07-08T07:41:45","date_gmt":"2019-07-08T05:41:45","guid":{"rendered":"http:\/\/www.cittadellaeditrice.com\/munera\/?page_id=13871"},"modified":"2019-07-08T07:41:45","modified_gmt":"2019-07-08T05:41:45","slug":"munera-22019-ghislain-waterlot-il-senso-della-morte-per-la-vita-sfide-per-unetica-cristiana-della-finitezza","status":"publish","type":"page","link":"https:\/\/www.cittadellaeditrice.com\/munera\/tutti-gli-articoli\/munera-22019-ghislain-waterlot-il-senso-della-morte-per-la-vita-sfide-per-unetica-cristiana-della-finitezza\/","title":{"rendered":"Munera 2\/2019 &#8211; Ghislain Waterlot &gt;&gt; Il senso della morte per la vita. Sfide per un\u2019etica (cristiana) della finitezza"},"content":{"rendered":"<p>La tesi che intendo sostenere \u00e8 che una parte essenziale del senso della vita umana \u00e8 legata alla presenza e alla realt\u00e0 della morte.<\/p>\n<p>\u00abL\u2019uomo che vivr\u00e0 1000 anni \u00e8 gi\u00e0 nato\u00bb: \u00e8 lo slogan dei transumanisti, ripetuto infinite volte in Francia dal dottor Laurent Alexandre, con variazioni a seconda degli ascoltatori e delle obiezioni che gli vengono avanzate (egli fa riferimento a un periodo di tempo tra i 200 e i 1000 anni a seconda del pubblico presente). Ma, parlando seriamente, se questo slogan pu\u00f2 avere successo, \u00e8 perch\u00e9 parte dall\u2019idea che la morte \u00e8 considerata da tutti come una maledizione che bisogna sconfiggere, e che noi, contrariamente ai buddisti, desideriamo vedere l\u2019esistenza durare all\u2019infinito.<\/p>\n<p>D\u2019altronde, la tradizione biblica potrebbe apparentemente avallare le teorie dei transumanisti. Non si legge forse nel libro della Genesi (3,3) che non avremmo dovuto morire, ma che \u00e8 per effetto della nostra colpa, del nostro peccato, se la nostra condizione, inizialmente immortale, \u00e8 divenuta mortale? Apparentemente sarebbe la trasgressione del divieto di mangiare del frutto dell\u2019albero della conoscenza del bene e del male che ci ha condannati a diventare mortali. Si tratta, in realt\u00e0, di una lettura affrettata. Da una parte, il testo sembra indicare che mangiare dell\u2019albero della conoscenza potrebbe far morire o provocare la morte \u2013 ed \u00e8 in effetti a partire dalla proliferazione del peccato che la morte, inflitta dall\u2019uomo, entra nel mondo con Caino e Abele, il che era impensabile nel giardino dell\u2019Eden. D\u2019altra parte, per\u00f2, sempre nel libro della Genesi si pu\u00f2 leggere poco pi\u00f9 avanti: \u00abChe ora [l\u2019uomo] non stenda la mano e non prenda anche dell&#8217;albero della vita, ne mangi e viva per sempre!\u00bb (3,22). Dunque la Bibbia non \u00e8 affatto chiara riguardo alla longevit\u00e0 dell\u2019essere umano prima del peccato. Di fatto non d\u00e0 risposta a questa domanda, ma sembra suggerire la finitezza dell\u2019uomo, pur essendo questi \u00aba immagine di Dio\u00bb.<\/p>\n<p>Nel contesto di una vita umana limitata, vivere 1000 anni rappresenta l\u2019immortalit\u00e0 (il numero rimanda a Apocalisse 20,1-6). \u00c8 la prospettiva della morte alla morte: non la morte intesa in senso assoluto (ci saranno sempre incidenti, suicidi), ma la morte per cause naturali. Non saremo pi\u00f9 soggetti alle malattie e alla vecchiaia e potremo vivere all\u2019infinito.<\/p>\n<p>Possiamo augurarcelo? Possiamo veramente volerlo?<\/p>\n<p style=\"text-align: center;\"><a title=\"Acquista\" href=\"javascript:formcompra('2289',1);\"><img alt=\"Acquista l'articolo\" src=\"https:\/\/www.cittadellaeditrice.com\/munera\/wp-content\/uploads\/ico_acquista_digitale.jpg\" width=\"54\" height=\"54\" \/><\/a>\n<br \/><a title=\"Acquista\" href=\"javascript:formcompra('2289','1');\"> per continuare a leggere acquista questo articolo<\/a><\/p><p style=\"text-align:center\"><a href=\"https:\/\/www.cittadellaeditrice.com\/digital\/account\/\">Utente biblioteche abbonate: clicca qui \u00bb<\/a><\/p>","protected":false},"excerpt":{"rendered":"<p>La tesi che intendo sostenere \u00e8 che una parte essenziale del senso della vita umana \u00e8 legata alla presenza e alla realt\u00e0 della morte. \u00abL\u2019uomo che vivr\u00e0 1000 anni \u00e8 gi\u00e0 nato\u00bb: \u00e8 lo slogan&#8230;<\/p>\n","protected":false},"author":1,"featured_media":0,"parent":2840,"menu_order":0,"comment_status":"open","ping_status":"open","template":"","meta":[],"categories":[169],"tags":[232,15,500,432,14,437],"_links":{"self":[{"href":"https:\/\/www.cittadellaeditrice.com\/munera\/wp-json\/wp\/v2\/pages\/13871"}],"collection":[{"href":"https:\/\/www.cittadellaeditrice.com\/munera\/wp-json\/wp\/v2\/pages"}],"about":[{"href":"https:\/\/www.cittadellaeditrice.com\/munera\/wp-json\/wp\/v2\/types\/page"}],"author":[{"embeddable":true,"href":"https:\/\/www.cittadellaeditrice.com\/munera\/wp-json\/wp\/v2\/users\/1"}],"replies":[{"embeddable":true,"href":"https:\/\/www.cittadellaeditrice.com\/munera\/wp-json\/wp\/v2\/comments?post=13871"}],"version-history":[{"count":1,"href":"https:\/\/www.cittadellaeditrice.com\/munera\/wp-json\/wp\/v2\/pages\/13871\/revisions"}],"predecessor-version":[{"id":13872,"href":"https:\/\/www.cittadellaeditrice.com\/munera\/wp-json\/wp\/v2\/pages\/13871\/revisions\/13872"}],"up":[{"embeddable":true,"href":"https:\/\/www.cittadellaeditrice.com\/munera\/wp-json\/wp\/v2\/pages\/2840"}],"wp:attachment":[{"href":"https:\/\/www.cittadellaeditrice.com\/munera\/wp-json\/wp\/v2\/media?parent=13871"}],"wp:term":[{"taxonomy":"category","embeddable":true,"href":"https:\/\/www.cittadellaeditrice.com\/munera\/wp-json\/wp\/v2\/categories?post=13871"},{"taxonomy":"post_tag","embeddable":true,"href":"https:\/\/www.cittadellaeditrice.com\/munera\/wp-json\/wp\/v2\/tags?post=13871"}],"curies":[{"name":"wp","href":"https:\/\/api.w.org\/{rel}","templated":true}]}}