{"id":13631,"date":"2019-03-30T13:24:49","date_gmt":"2019-03-30T12:24:49","guid":{"rendered":"http:\/\/www.cittadellaeditrice.com\/munera\/?page_id=13631"},"modified":"2019-03-30T13:24:49","modified_gmt":"2019-03-30T12:24:49","slug":"contemporary-humanism-domenico-cambria-lumano-tra-scrittura-e-lettura-a-partire-dal-pensiero-di-jacques-derrida","status":"publish","type":"page","link":"https:\/\/www.cittadellaeditrice.com\/munera\/tutti-gli-articoli\/contemporary-humanism-domenico-cambria-lumano-tra-scrittura-e-lettura-a-partire-dal-pensiero-di-jacques-derrida\/","title":{"rendered":"Contemporary Humanism &#8211; Domenico Cambria &gt;&gt; L\u2019umano tra scrittura e lettura: a partire dal pensiero di Jacques Derrida"},"content":{"rendered":"<p>L\u2019uomo scrive perch\u00e9 sar\u00e0 letto e legge perch\u00e9 ha gi\u00e0 scritto. Semplice osservazione dalla quale prende avvio la nostra riflessione per comprendere l\u2019umano, ma ci\u00f2 comporta una domanda sulla scrittura e la lettura e su quale forma discorsiva assumono conservando una reciproca apertura. Per svolgere questi temi riprenderemo le due forme di organizzazione testuale, letteratura e filosofia, studiate da Jacques Derrida (1930-2004). Ci\u00f2 permetter\u00e0 di mostrare l\u2019identit\u00e0 e la differenza tra due momenti dell\u2019umano: quello dello scrittore e quello del lettore. Il passaggio dall\u2019una all\u2019altra forma consentir\u00e0 di delineare una figura dell\u2019umano strettamente legata alla pratica della scrittura e della lettura.<\/p>\n<p style=\"text-align: center;\"><a href=\"http:\/\/www.cittadellaeditrice.com\/munera\/wp-content\/uploads\/2019-Quaderno_Munera_147-155_Cambria.pdf\" target=\"_blank\"><img decoding=\"async\" loading=\"lazy\" class=\"aligncenter\" alt=\"Scarica l'articolo gratuitamente\" src=\"http:\/\/www.cittadellaeditrice.com\/munera\/wp-content\/uploads\/ico_acquista_abbdigitale.jpg\" width=\"54\" height=\"54\" \/>scarica l&#8217;articolo gratuitamente<\/a><\/p>\n","protected":false},"excerpt":{"rendered":"<p>L\u2019uomo scrive perch\u00e9 sar\u00e0 letto e legge perch\u00e9 ha gi\u00e0 scritto. Semplice osservazione dalla quale prende avvio la nostra riflessione per comprendere l\u2019umano, ma ci\u00f2 comporta una domanda sulla scrittura e la lettura e su&#8230;<\/p>\n","protected":false},"author":1,"featured_media":0,"parent":2840,"menu_order":0,"comment_status":"open","ping_status":"open","template":"","meta":[],"categories":[488],"tags":[26,15,474,405,396],"_links":{"self":[{"href":"https:\/\/www.cittadellaeditrice.com\/munera\/wp-json\/wp\/v2\/pages\/13631"}],"collection":[{"href":"https:\/\/www.cittadellaeditrice.com\/munera\/wp-json\/wp\/v2\/pages"}],"about":[{"href":"https:\/\/www.cittadellaeditrice.com\/munera\/wp-json\/wp\/v2\/types\/page"}],"author":[{"embeddable":true,"href":"https:\/\/www.cittadellaeditrice.com\/munera\/wp-json\/wp\/v2\/users\/1"}],"replies":[{"embeddable":true,"href":"https:\/\/www.cittadellaeditrice.com\/munera\/wp-json\/wp\/v2\/comments?post=13631"}],"version-history":[{"count":1,"href":"https:\/\/www.cittadellaeditrice.com\/munera\/wp-json\/wp\/v2\/pages\/13631\/revisions"}],"predecessor-version":[{"id":13632,"href":"https:\/\/www.cittadellaeditrice.com\/munera\/wp-json\/wp\/v2\/pages\/13631\/revisions\/13632"}],"up":[{"embeddable":true,"href":"https:\/\/www.cittadellaeditrice.com\/munera\/wp-json\/wp\/v2\/pages\/2840"}],"wp:attachment":[{"href":"https:\/\/www.cittadellaeditrice.com\/munera\/wp-json\/wp\/v2\/media?parent=13631"}],"wp:term":[{"taxonomy":"category","embeddable":true,"href":"https:\/\/www.cittadellaeditrice.com\/munera\/wp-json\/wp\/v2\/categories?post=13631"},{"taxonomy":"post_tag","embeddable":true,"href":"https:\/\/www.cittadellaeditrice.com\/munera\/wp-json\/wp\/v2\/tags?post=13631"}],"curies":[{"name":"wp","href":"https:\/\/api.w.org\/{rel}","templated":true}]}}