{"id":13627,"date":"2019-03-30T13:21:14","date_gmt":"2019-03-30T12:21:14","guid":{"rendered":"http:\/\/www.cittadellaeditrice.com\/munera\/?page_id=13627"},"modified":"2019-03-30T13:21:14","modified_gmt":"2019-03-30T12:21:14","slug":"contemporary-humanism-federica-caccioppola-educazione-alla-cittadinanza-globale-fragilita-e-potenzialita-di-un-costrutto-emergente","status":"publish","type":"page","link":"https:\/\/www.cittadellaeditrice.com\/munera\/tutti-gli-articoli\/contemporary-humanism-federica-caccioppola-educazione-alla-cittadinanza-globale-fragilita-e-potenzialita-di-un-costrutto-emergente\/","title":{"rendered":"Contemporary Humanism &#8211; Federica Caccioppola &gt;&gt; Educazione alla Cittadinanza Globale: fragilit\u00e0 e potenzialit\u00e0 di un costrutto emergente"},"content":{"rendered":"<p>L\u2019Educazione alla Cittadinanza Globale, o Global Citizenship Education (d\u2019ora in poi GCE) rappresenta una categoria piuttosto recente non ancora consolidata in letteratura. Le rilevazioni nazionali e internazionali sinora condotte riguardano il costrutto di Educazione alla Cittadinanza; \u00e8 ancora da verificare la connessione di questi dati, e, quindi, la trasferibilit\u00e0, al costrutto di Educazione alla Cittadinanza Globale.<\/p>\n<p>L\u2019esigenza di approfondire il concetto di GCE \u00e8 legata all\u2019urgenza di rafforzare la responsabilit\u00e0 di ciascuno al fine di orientare nuovi modelli di sviluppo economico sostenibile al bene comune.<\/p>\n<p>E questo a partire dai luoghi di formazione nei quali vengono poste le basi della societ\u00e0: per educare cittadini criticamente formati, informati ed educati al pensiero critico ed alla complessit\u00e0, occorre ridare valore alla centralit\u00e0 dei processi educativi e formativi.<\/p>\n<p>La fragilit\u00e0 del concetto di GCE \u00e8 legata al bisogno di una societ\u00e0 che sia globale e cosmopolita nonostante i localismi territoriali, i conflitti e le disuguaglianze. Considerare gli aspetti epistemologici della questione diviene ancor pi\u00f9 significativo nell\u2019era della globalizzazione, dell\u2019economia dell\u2019insicurezza e dei grandi flussi migratori in cui, peraltro, scuola e universit\u00e0 non fungono pi\u00f9 da volano. Collocare le soggettivit\u00e0 al centro di una societ\u00e0 civile e di una sfera pubblica tanto locale quanto globale richiede l\u2019analisi di una molteplicit\u00e0 di fattori.<\/p>\n<p style=\"text-align: center;\"><a href=\"http:\/\/www.cittadellaeditrice.com\/munera\/wp-content\/uploads\/2019-Quaderno_Munera_129-138_Cacioppola.pdf\" target=\"_blank\"><img decoding=\"async\" loading=\"lazy\" class=\"aligncenter\" alt=\"Scarica l'articolo gratuitamente\" src=\"http:\/\/www.cittadellaeditrice.com\/munera\/wp-content\/uploads\/ico_acquista_abbdigitale.jpg\" width=\"54\" height=\"54\" \/>scarica l&#8217;articolo gratuitamente<\/a><\/p>\n","protected":false},"excerpt":{"rendered":"<p>L\u2019Educazione alla Cittadinanza Globale, o Global Citizenship Education (d\u2019ora in poi GCE) rappresenta una categoria piuttosto recente non ancora consolidata in letteratura. Le rilevazioni nazionali e internazionali sinora condotte riguardano il costrutto di Educazione alla&#8230;<\/p>\n","protected":false},"author":1,"featured_media":0,"parent":2840,"menu_order":0,"comment_status":"open","ping_status":"open","template":"","meta":[],"categories":[483],"tags":[313,255,474,396],"_links":{"self":[{"href":"https:\/\/www.cittadellaeditrice.com\/munera\/wp-json\/wp\/v2\/pages\/13627"}],"collection":[{"href":"https:\/\/www.cittadellaeditrice.com\/munera\/wp-json\/wp\/v2\/pages"}],"about":[{"href":"https:\/\/www.cittadellaeditrice.com\/munera\/wp-json\/wp\/v2\/types\/page"}],"author":[{"embeddable":true,"href":"https:\/\/www.cittadellaeditrice.com\/munera\/wp-json\/wp\/v2\/users\/1"}],"replies":[{"embeddable":true,"href":"https:\/\/www.cittadellaeditrice.com\/munera\/wp-json\/wp\/v2\/comments?post=13627"}],"version-history":[{"count":1,"href":"https:\/\/www.cittadellaeditrice.com\/munera\/wp-json\/wp\/v2\/pages\/13627\/revisions"}],"predecessor-version":[{"id":13628,"href":"https:\/\/www.cittadellaeditrice.com\/munera\/wp-json\/wp\/v2\/pages\/13627\/revisions\/13628"}],"up":[{"embeddable":true,"href":"https:\/\/www.cittadellaeditrice.com\/munera\/wp-json\/wp\/v2\/pages\/2840"}],"wp:attachment":[{"href":"https:\/\/www.cittadellaeditrice.com\/munera\/wp-json\/wp\/v2\/media?parent=13627"}],"wp:term":[{"taxonomy":"category","embeddable":true,"href":"https:\/\/www.cittadellaeditrice.com\/munera\/wp-json\/wp\/v2\/categories?post=13627"},{"taxonomy":"post_tag","embeddable":true,"href":"https:\/\/www.cittadellaeditrice.com\/munera\/wp-json\/wp\/v2\/tags?post=13627"}],"curies":[{"name":"wp","href":"https:\/\/api.w.org\/{rel}","templated":true}]}}