{"id":13623,"date":"2019-03-30T13:18:38","date_gmt":"2019-03-30T12:18:38","guid":{"rendered":"http:\/\/www.cittadellaeditrice.com\/munera\/?page_id=13623"},"modified":"2019-03-30T13:18:38","modified_gmt":"2019-03-30T12:18:38","slug":"contemporary-humanism-jerome-de-gramont-retour-sur-une-vieille-querelle-lanti-humanisme","status":"publish","type":"page","link":"https:\/\/www.cittadellaeditrice.com\/munera\/tutti-gli-articoli\/contemporary-humanism-jerome-de-gramont-retour-sur-une-vieille-querelle-lanti-humanisme\/","title":{"rendered":"Contemporary Humanism &#8211; J\u00e9r\u00f4me de Gramont &gt;&gt; Retour sur une vieille querelle &#8211; l\u2019anti-humanisme"},"content":{"rendered":"<p>En ouverture \u00e0 son article R\u00eave et existence, le psychiatre Ludwig Binswanger place une citation de Kierkegaard qui a tout lieu de rester et pour longtemps \u00e0 l\u2019ordre du jour : \u00ab Il convient plut\u00f4t de s\u2019attacher \u00e0 ce que signifie : \u00eatre un homme \u00bb. Rien n\u2019est plus commun que ce mot \u00ab homme \u00bb, et tout nous y renvoie. Jusque dans l\u2019approche des simples choses nous ne cessons d\u2019avoir \u00e0 faire avec l\u2019homme et l\u2019humain \u2013 les po\u00e8mes de Francis Ponge le montrent, o\u00f9 l\u2019homme certes est absent mais o\u00f9 les choses le d\u00e9signent sans cesse : la figue appelle la bouche, le savon tout le corps, et le pr\u00e9 demande l\u2019homme qui marche. Pourtant nous voil\u00e0 dans l\u2019embarras d\u00e8s lors qu\u2019il nous faut expliquer ce que veut dire : \u00eatre un homme. A cette question nous n\u2019aurons pas trop du cours entier de notre vie pour r\u00e9pondre. La r\u00e9alit\u00e9 la plus \u00e9vidence : celle que nous sommes, se d\u00e9robe et devient question. \u00c0 cette in\u00e9vidence de l\u2019homme \u00e0 lui-m\u00eame, Augustin aura donn\u00e9 sa formule : \u00ab J\u2019\u00e9tais devenu pour moi-m\u00eame une grande question \u00bb,\u00a0 et le po\u00e8te Edmond Jab\u00e8s sa mesure, lui pour qui Dieu aussi est une question : \u00ab Il y a le Livre de Dieu par lequel Dieu s\u2019interroge et il y a le livre de l\u2019homme qui est \u00e0 la taille de celui de Dieu \u00bb.<\/p>\n<p style=\"text-align: center;\"><a href=\"http:\/\/www.cittadellaeditrice.com\/munera\/wp-content\/uploads\/2019-Quaderno_Munera_97-110_Gramont.pdf\" target=\"_blank\"><img decoding=\"async\" loading=\"lazy\" class=\"aligncenter\" alt=\"Scarica l'articolo gratuitamente\" src=\"http:\/\/www.cittadellaeditrice.com\/munera\/wp-content\/uploads\/ico_acquista_abbdigitale.jpg\" width=\"54\" height=\"54\" \/>scarica l&#8217;articolo gratuitamente<\/a><\/p>\n","protected":false},"excerpt":{"rendered":"<p>En ouverture \u00e0 son article R\u00eave et existence, le psychiatre Ludwig Binswanger place une citation de Kierkegaard qui a tout lieu de rester et pour longtemps \u00e0 l\u2019ordre du jour : \u00ab Il convient plut\u00f4t&#8230;<\/p>\n","protected":false},"author":1,"featured_media":0,"parent":2840,"menu_order":0,"comment_status":"open","ping_status":"open","template":"","meta":[],"categories":[482],"tags":[15,474,396],"_links":{"self":[{"href":"https:\/\/www.cittadellaeditrice.com\/munera\/wp-json\/wp\/v2\/pages\/13623"}],"collection":[{"href":"https:\/\/www.cittadellaeditrice.com\/munera\/wp-json\/wp\/v2\/pages"}],"about":[{"href":"https:\/\/www.cittadellaeditrice.com\/munera\/wp-json\/wp\/v2\/types\/page"}],"author":[{"embeddable":true,"href":"https:\/\/www.cittadellaeditrice.com\/munera\/wp-json\/wp\/v2\/users\/1"}],"replies":[{"embeddable":true,"href":"https:\/\/www.cittadellaeditrice.com\/munera\/wp-json\/wp\/v2\/comments?post=13623"}],"version-history":[{"count":1,"href":"https:\/\/www.cittadellaeditrice.com\/munera\/wp-json\/wp\/v2\/pages\/13623\/revisions"}],"predecessor-version":[{"id":13624,"href":"https:\/\/www.cittadellaeditrice.com\/munera\/wp-json\/wp\/v2\/pages\/13623\/revisions\/13624"}],"up":[{"embeddable":true,"href":"https:\/\/www.cittadellaeditrice.com\/munera\/wp-json\/wp\/v2\/pages\/2840"}],"wp:attachment":[{"href":"https:\/\/www.cittadellaeditrice.com\/munera\/wp-json\/wp\/v2\/media?parent=13623"}],"wp:term":[{"taxonomy":"category","embeddable":true,"href":"https:\/\/www.cittadellaeditrice.com\/munera\/wp-json\/wp\/v2\/categories?post=13623"},{"taxonomy":"post_tag","embeddable":true,"href":"https:\/\/www.cittadellaeditrice.com\/munera\/wp-json\/wp\/v2\/tags?post=13623"}],"curies":[{"name":"wp","href":"https:\/\/api.w.org\/{rel}","templated":true}]}}