{"id":13619,"date":"2019-03-30T13:15:48","date_gmt":"2019-03-30T12:15:48","guid":{"rendered":"http:\/\/www.cittadellaeditrice.com\/munera\/?page_id=13619"},"modified":"2019-03-30T13:15:48","modified_gmt":"2019-03-30T12:15:48","slug":"contemporary-humanism-francois-moog-la-contribution-de-leducation-catholique-a-la-promotion-dun-humanisme-contemporain","status":"publish","type":"page","link":"https:\/\/www.cittadellaeditrice.com\/munera\/tutti-gli-articoli\/contemporary-humanism-francois-moog-la-contribution-de-leducation-catholique-a-la-promotion-dun-humanisme-contemporain\/","title":{"rendered":"Contemporary Humanism &#8211; Fran\u00e7ois Moog &gt;&gt; La contribution de l\u2019\u00e9ducation catholique \u00e0 la promotion d\u2019un humanisme contemporain"},"content":{"rendered":"<p>Affirmer que l\u2019\u00e9ducation, en tant qu\u2019elle accompagne la croissance et permet la promotion de la personne humaine, rel\u00e8ve n\u00e9cessairement d\u2019une perspective humaniste, c\u2019est \u00e9noncer une \u00e9vidence. Mais une fois ce lieu commun admis, on ne sait pas encore de quoi on parle. Car le caract\u00e8re particuli\u00e8rement lisse d\u2019une telle affirmation masque trop bien les d\u00e9fis et les enjeux li\u00e9s \u00e0 la difficult\u00e9 d\u2019\u00eatre humain dans les soci\u00e9t\u00e9s et les cultures contemporaines, et par l\u00e0 m\u00eame la responsabilit\u00e9 \u00e9ducative qui lui est li\u00e9e. En effet, parler d\u2019\u00e9ducation et d\u2019humanisme implique de savoir avec un minimum d\u2019assurance ce que signifie \u00eatre un homme et comment on le devient. Or cela n\u2019est plus garanti.<\/p>\n<p style=\"text-align: center;\"><a href=\"http:\/\/www.cittadellaeditrice.com\/munera\/wp-content\/uploads\/2019-Quaderno_Munera_59-72_Moog.pdf\" target=\"_blank\"><img decoding=\"async\" loading=\"lazy\" class=\"aligncenter\" alt=\"Scarica l'articolo gratuitamente\" src=\"http:\/\/www.cittadellaeditrice.com\/munera\/wp-content\/uploads\/ico_acquista_abbdigitale.jpg\" width=\"54\" height=\"54\" \/>scarica l&#8217;articolo gratuitamente<\/a><\/p>\n","protected":false},"excerpt":{"rendered":"<p>Affirmer que l\u2019\u00e9ducation, en tant qu\u2019elle accompagne la croissance et permet la promotion de la personne humaine, rel\u00e8ve n\u00e9cessairement d\u2019une perspective humaniste, c\u2019est \u00e9noncer une \u00e9vidence. Mais une fois ce lieu commun admis, on ne&#8230;<\/p>\n","protected":false},"author":1,"featured_media":0,"parent":2840,"menu_order":0,"comment_status":"open","ping_status":"open","template":"","meta":[],"categories":[479],"tags":[255,232,474,14,396,206],"_links":{"self":[{"href":"https:\/\/www.cittadellaeditrice.com\/munera\/wp-json\/wp\/v2\/pages\/13619"}],"collection":[{"href":"https:\/\/www.cittadellaeditrice.com\/munera\/wp-json\/wp\/v2\/pages"}],"about":[{"href":"https:\/\/www.cittadellaeditrice.com\/munera\/wp-json\/wp\/v2\/types\/page"}],"author":[{"embeddable":true,"href":"https:\/\/www.cittadellaeditrice.com\/munera\/wp-json\/wp\/v2\/users\/1"}],"replies":[{"embeddable":true,"href":"https:\/\/www.cittadellaeditrice.com\/munera\/wp-json\/wp\/v2\/comments?post=13619"}],"version-history":[{"count":1,"href":"https:\/\/www.cittadellaeditrice.com\/munera\/wp-json\/wp\/v2\/pages\/13619\/revisions"}],"predecessor-version":[{"id":13620,"href":"https:\/\/www.cittadellaeditrice.com\/munera\/wp-json\/wp\/v2\/pages\/13619\/revisions\/13620"}],"up":[{"embeddable":true,"href":"https:\/\/www.cittadellaeditrice.com\/munera\/wp-json\/wp\/v2\/pages\/2840"}],"wp:attachment":[{"href":"https:\/\/www.cittadellaeditrice.com\/munera\/wp-json\/wp\/v2\/media?parent=13619"}],"wp:term":[{"taxonomy":"category","embeddable":true,"href":"https:\/\/www.cittadellaeditrice.com\/munera\/wp-json\/wp\/v2\/categories?post=13619"},{"taxonomy":"post_tag","embeddable":true,"href":"https:\/\/www.cittadellaeditrice.com\/munera\/wp-json\/wp\/v2\/tags?post=13619"}],"curies":[{"name":"wp","href":"https:\/\/api.w.org\/{rel}","templated":true}]}}