{"id":13615,"date":"2019-03-30T13:11:16","date_gmt":"2019-03-30T12:11:16","guid":{"rendered":"http:\/\/www.cittadellaeditrice.com\/munera\/?page_id=13615"},"modified":"2019-03-30T16:38:13","modified_gmt":"2019-03-30T15:38:13","slug":"contemporary-humanism-claudio-rolle-una-etapa-la-lucha-por-la-dignidad-humana-la-iglesia-catolica-y-los-derechos-humanos-desde-1948-a-1978","status":"publish","type":"page","link":"https:\/\/www.cittadellaeditrice.com\/munera\/tutti-gli-articoli\/contemporary-humanism-claudio-rolle-una-etapa-la-lucha-por-la-dignidad-humana-la-iglesia-catolica-y-los-derechos-humanos-desde-1948-a-1978\/","title":{"rendered":"Contemporary Humanism &#8211; Claudio Rolle &gt;&gt; Una etapa la lucha por la dignidad humana. La Iglesia cat\u00f3lica y los derechos humanos desde 1948 a 1978"},"content":{"rendered":"<p>Este breve texto tiene como fin compartir una revisi\u00f3n r\u00e1pida y general de una etapa fundamental en la larga lucha por la dignidad humana, fuertemente golpeada por las atrocidades vistas en el mundo en la primera mitad del siglo XX, luego del naufragio de una idea de civilizaci\u00f3n y frente a diversas formas de desorientaci\u00f3n y perdida en las vida de la\u00a0 sociedad de tantos pa\u00edses. Se parte con la Declaraci\u00f3n Universal de los Derechos del Hombre de 1948, que se ve como un punto de referencia para las aspiraciones en torno al cultivo, protecci\u00f3n y promoci\u00f3n de la dignidad humana, expresi\u00f3n fundamental del humanismo contempor\u00e1neo. A lo largo de sus p\u00e1ginas he querido dar espacio a varios textos de algunos de los pont\u00edfices de la Iglesia Cat\u00f3lica citando extensamente mensajes, enc\u00edclicas, discursos y cartas. Es un modo de aproximarse a sus voces y discursos durante los poco m\u00e1s de treinta a\u00f1os que se recorren en esta revisi\u00f3n sucinta de una relaci\u00f3n que fue ganando importancia y centralidad con el paso de los a\u00f1os y el desarrollo de una nueva forma de ver el v\u00ednculo entre la Iglesia Cat\u00f3lica y la modernidad.<\/p>\n<p style=\"text-align: center;\"><a href=\"http:\/\/www.cittadellaeditrice.com\/munera\/wp-content\/uploads\/2019-Quaderno_Munera_27-43_Rolle.pdf\" target=\"_blank\"><img decoding=\"async\" loading=\"lazy\" alt=\"Scarica\" src=\"http:\/\/www.cittadellaeditrice.com\/munera\/wp-content\/uploads\/ico_acquista_abbdigitale.jpg\" width=\"54\" height=\"54\" \/><br \/>\nscarica l\u2019articolo gratuitamente<\/a><\/p>\n","protected":false},"excerpt":{"rendered":"<p>Este breve texto tiene como fin compartir una revisi\u00f3n r\u00e1pida y general de una etapa fundamental en la larga lucha por la dignidad humana, fuertemente golpeada por las atrocidades vistas en el mundo en la&#8230;<\/p>\n","protected":false},"author":1,"featured_media":0,"parent":2840,"menu_order":0,"comment_status":"open","ping_status":"open","template":"","meta":[],"categories":[475],"tags":[19,276,474,340,396],"_links":{"self":[{"href":"https:\/\/www.cittadellaeditrice.com\/munera\/wp-json\/wp\/v2\/pages\/13615"}],"collection":[{"href":"https:\/\/www.cittadellaeditrice.com\/munera\/wp-json\/wp\/v2\/pages"}],"about":[{"href":"https:\/\/www.cittadellaeditrice.com\/munera\/wp-json\/wp\/v2\/types\/page"}],"author":[{"embeddable":true,"href":"https:\/\/www.cittadellaeditrice.com\/munera\/wp-json\/wp\/v2\/users\/1"}],"replies":[{"embeddable":true,"href":"https:\/\/www.cittadellaeditrice.com\/munera\/wp-json\/wp\/v2\/comments?post=13615"}],"version-history":[{"count":3,"href":"https:\/\/www.cittadellaeditrice.com\/munera\/wp-json\/wp\/v2\/pages\/13615\/revisions"}],"predecessor-version":[{"id":13662,"href":"https:\/\/www.cittadellaeditrice.com\/munera\/wp-json\/wp\/v2\/pages\/13615\/revisions\/13662"}],"up":[{"embeddable":true,"href":"https:\/\/www.cittadellaeditrice.com\/munera\/wp-json\/wp\/v2\/pages\/2840"}],"wp:attachment":[{"href":"https:\/\/www.cittadellaeditrice.com\/munera\/wp-json\/wp\/v2\/media?parent=13615"}],"wp:term":[{"taxonomy":"category","embeddable":true,"href":"https:\/\/www.cittadellaeditrice.com\/munera\/wp-json\/wp\/v2\/categories?post=13615"},{"taxonomy":"post_tag","embeddable":true,"href":"https:\/\/www.cittadellaeditrice.com\/munera\/wp-json\/wp\/v2\/tags?post=13615"}],"curies":[{"name":"wp","href":"https:\/\/api.w.org\/{rel}","templated":true}]}}