{"id":13521,"date":"2019-03-22T09:22:40","date_gmt":"2019-03-22T08:22:40","guid":{"rendered":"http:\/\/www.cittadellaeditrice.com\/munera\/?page_id=13521"},"modified":"2019-04-05T11:29:46","modified_gmt":"2019-04-05T09:29:46","slug":"seminario2019_umanita","status":"publish","type":"page","link":"https:\/\/www.cittadellaeditrice.com\/munera\/seminario2019_umanita\/","title":{"rendered":"Seminario 2019: Umanit\u00e0"},"content":{"rendered":"<p><strong>UMANITA&#8217;<\/strong><br \/>\n<strong>Cittadella \u2022 Assisi 27-30 luglio 2019<\/strong><\/p>\n<p><i>L\u2019istanza<\/i>\u00a0<em>umanistica<\/em><i>\u00a0non pu\u00f2 essere intesa come una dissoluzione delle culture in un universalismo omologante, ma come un pungolo interno a ogni cultura: come criterio fondamentale e appello all&#8217;apertura all\u2019altro da s\u00e9. In questo, la vicenda dell\u2019umanesimo \u2013 inteso come categoria culturale \u2013 \u00e8 emblematica e paradigmatica. Tradizionalmente si fa risalire la civilt\u00e0 dell\u2019umanesimo alla confluenza tra Atene, Roma e Gerusalemme: filosofia greca, civilt\u00e0 giuridica latina, teologia ebraico-cristiana. Ma a queste fonti bisognerebbe aggiungerne anche altre: le dottrine del bene e del male dalla tradizione persiana, l\u2019idea dell\u2019amore dai poeti arabi, il misticismo dai popoli celti, senza dimenticare i grandi contributi dell\u2019et\u00e0 moderna.<br \/>\nLa vicenda storica della civilt\u00e0 dell\u2019umanesimo sembra cos\u00ec evidenziare l\u2019insufficienza della tesi dell\u2019inevitabile scontro di civilt\u00e0 a favore della tesi di una inevitabile fecondazione tra civilt\u00e0. Fecondazione alla quale anche oggi assistiamo, ma che richiede il riferimento a un criterio valoriale, di ordine mitico e non semplicemente logico: il riferimento a un\u2019ideale di umanit\u00e0 e di Civilt\u00e0.<br \/>\n\u00c8 evidente che l\u2019incontro con l\u2019altro \u2013 individuo o cultura \u2013 spaventa, e spaventa nella misura in cui l\u2019alterit\u00e0 esterna catalizza l\u2019alterit\u00e0 oscura che \u00e8 interna ad ogni individuo e ad ogni cultura: la concretizza e gliela pone davanti. L\u2019altro oscuro, lo straniero dissonante e inquietante stanno dentro di noi: qui sta la lezione dell\u2019elogio della follia dell\u2019umanista Erasmo da Rotterdam. La concordia perseguita dall\u2019umanesimo italiano non era una forma di omologazione, ma una accettazione dell\u2019alterit\u00e0 interna e costitutiva della nostra umanit\u00e0. Ovvero di quella che \u2013 con Romano Guardini \u2013 potremmo chiamare la struttura dinamica e oppositiva interna alla realt\u00e0.<\/i><\/p>\n<p style=\"text-align: center;\"><a href=\"http:\/\/www.cittadellaeditrice.com\/munera\/wp-content\/uploads\/Volantino-Assisi-2019-WEB-05.04.pdf\"><img decoding=\"async\" loading=\"lazy\" class=\"alignnone size-medium wp-image-13698\" alt=\"Volantino Assisi 2019 WEB\" src=\"http:\/\/www.cittadellaeditrice.com\/munera\/wp-content\/uploads\/Volantino-Assisi-2019-WEB-300x300.jpg\" width=\"300\" height=\"300\" srcset=\"https:\/\/www.cittadellaeditrice.com\/munera\/wp-content\/uploads\/Volantino-Assisi-2019-WEB-300x300.jpg 300w, https:\/\/www.cittadellaeditrice.com\/munera\/wp-content\/uploads\/Volantino-Assisi-2019-WEB-150x150.jpg 150w, https:\/\/www.cittadellaeditrice.com\/munera\/wp-content\/uploads\/Volantino-Assisi-2019-WEB.jpg 827w\" sizes=\"(max-width: 300px) 100vw, 300px\" \/><\/a><\/p>\n<p style=\"text-align: center;\"><a href=\"http:\/\/www.cittadellaeditrice.com\/munera\/wp-content\/uploads\/Volantino-Assisi-2019-WEB-05.04.pdf\">SCARICA QUI IL VOLANTINO<\/a><\/p>\n<p align=\"center\"><b>PROGRAMMA<\/b><\/p>\n<p>SABATO 27 LUGLIO<br \/>\nore\u00a015.30: Introduzione ai lavori<br \/>\nore\u00a016.00: Laboratori<i><br \/>\n<\/i>ore\u00a018.45: Preghiera della sera<\/p>\n<p>DOMENICA 28 LUGLIO<br \/>\nore 9.00: Celebrazione eucaristica<br \/>\nore 10.00: Stefano Biancu,\u00a0<em>f<\/em><i>ilosofo<br \/>\n<\/i>ore 15.30:\u00a0Laboratori<br \/>\n<i><\/i>ore 18.45: Preghiera della sera<\/p>\n<p>LUNEDI\u0300 29 LUGLIO<br \/>\nore 8.30: Preghiera del mattino<br \/>\nore 9.30:\u00a0mons. Jos\u00e9 Tolentino Mendon\u00e7a,\u00a0<em>poeta<\/em><i><br \/>\n<\/i>ore 15.30:\u00a0Giuseppe O. Longo, <em>teorico dell&#8217;informazione e scrittore<\/em><br \/>\nore 18.45: Preghiera della sera<\/p>\n<p>MARTEDI\u0300 30 LUGLIO<br \/>\nore 9.00: Celebrazione eucaristica<br \/>\nore 10.30: Conclusioni<\/p>\n<p>&nbsp;<\/p>\n<p><b>INFORMAZIONI TECNICHE<\/b><\/p>\n<p>\u2022 Per iscriversi al Seminario inviare una mail a\u00a0<a href=\"mailto:associazione@lasinadibalaam.it\" target=\"_blank\">associazione@lasinadibalaam.it<\/a><wbr \/>, indicando anche eventuali esigenze alimentari o di altro tipo riguardanti il soggiorno.<\/p>\n<p>\u2022 La quota di iscrizione consiste in un&#8217;offerta libera da versare in loco. Per i soci* dell&#8217;Associazione &#8220;L&#8217;Asina di Balaam APS&#8221; l&#8217;iscrizione al seminario \u00e8 gratuita.<\/p>\n<p>\u2022 Il prezzo del soggiorno**, dalla cena del 27 luglio al pranzo del 30 luglio, e\u0300 di: \u20ac 162 in camera doppia \/ \u20ac 192 in camera singola. Il pagamento del soggiorno verr\u00e0 effettuato dai singoli partecipanti direttamente alla &#8220;Cittadella Ospitalit\u00e0&#8221;, struttura in cui si terr\u00e0 il Seminario.<\/p>\n<p>\u2022 Per chi volesse arrivare al mattino del 27 luglio, e\u0300 possibile pranzare presso la Cittadella, ma il costo non e\u0300 compreso nella quota del convegno.<\/p>\n<p>*<em>Chi volesse aderire all&#8217;Associazione &#8220;L&#8217;Asina di Balaam APS&#8221;, pu\u00f2 farlo inviando la\u00a0<a title=\"Diventa socio de \u201cL\u2019Asina di Balaam APS\u201d\" href=\"http:\/\/www.cittadellaeditrice.com\/munera\/diventa_socio\/\" target=\"_blank\" data-saferedirecturl=\"https:\/\/www.google.com\/url?q=http:\/\/www.cittadellaeditrice.com\/munera\/?attachment_id%3D13540&amp;source=gmail&amp;ust=1553328790208000&amp;usg=AFQjCNEGaK1e8hYXcjrmOBGs0Rw_6epiAQ\">richiesta di ammissione a socio<\/a>\u00a0(qui in formato\u00a0<a href=\"http:\/\/www.cittadellaeditrice.com\/munera\/wp-content\/uploads\/Richiesta-di-ammissione-a-socio.docx\" target=\"_blank\" data-saferedirecturl=\"https:\/\/www.google.com\/url?q=http:\/\/www.cittadellaeditrice.com\/munera\/wp-content\/uploads\/Richiesta-di-ammissione-a-socio.docx&amp;source=gmail&amp;ust=1553328790208000&amp;usg=AFQjCNGLgUHMdEf5rnw_P2Ki9QMKUNmrlw\">.docx<\/a>), compilata e firmata\u00a0in ogni sua parte, a\u00a0<\/em><a href=\"mailto:associazione@lasinadibalaam.it\" target=\"_blank\">associazione@lasinadibalaam.<wbr \/>it<\/a><em>\u00a0e versando la quota associativa di \u20ac 75, mediante bonifico\u00a0<\/em>BIC: CCRTIT2T84A<em>;\u00a0<\/em>IBAN: IT 35 V 05018 01600 000016699902 \u2013 BancaEtica<em>,\u00a0 intestato a\u00a0<\/em>\u201cL\u2019Asina di Balaam APS\u201d<em>, piazza Borromeo 6, Milano e con causale: \u201c<\/em>Quota associativa 2019 &#8211; Nome e Cognome<em>\u201d.<\/em><\/p>\n<p><em>** Eventuali difficolta\u0300 economiche non devono scoraggiare: in un clima di autentica fraternita\u0300 sono problemi facilmente risolvibili.<\/em><\/p>\n<p>&nbsp;<\/p>\n<p><strong>COME ARRIVARE<\/strong><\/p>\n<p>Saremo ospitati nella struttura della Cittadella della Pro Civitate Christiana, nel centro storico di Assisi, in Via degli Ancaiani, 3 &#8211; 06081 Assisi (PG).\u00a0<a href=\"http:\/\/www.cittadelladiassisi.it\/\" target=\"_blank\" data-saferedirecturl=\"https:\/\/www.google.com\/url?q=http:\/\/www.cittadelladiassisi.it\/&amp;source=gmail&amp;ust=1553328790200000&amp;usg=AFQjCNFfMPb_dPp9XQxIrpQWk0VredmLZg\">http:\/\/www.cittadelladiassisi.<wbr \/>it\/<\/a><\/p>\n","protected":false},"excerpt":{"rendered":"<p>UMANITA&#8217; Cittadella \u2022 Assisi 27-30 luglio 2019 L\u2019istanza\u00a0umanistica\u00a0non pu\u00f2 essere intesa come una dissoluzione delle culture in un universalismo omologante, ma come un pungolo interno a ogni cultura: come criterio fondamentale e appello all&#8217;apertura all\u2019altro&#8230;<\/p>\n","protected":false},"author":2,"featured_media":0,"parent":0,"menu_order":0,"comment_status":"open","ping_status":"open","template":"","meta":[],"categories":[],"tags":[],"_links":{"self":[{"href":"https:\/\/www.cittadellaeditrice.com\/munera\/wp-json\/wp\/v2\/pages\/13521"}],"collection":[{"href":"https:\/\/www.cittadellaeditrice.com\/munera\/wp-json\/wp\/v2\/pages"}],"about":[{"href":"https:\/\/www.cittadellaeditrice.com\/munera\/wp-json\/wp\/v2\/types\/page"}],"author":[{"embeddable":true,"href":"https:\/\/www.cittadellaeditrice.com\/munera\/wp-json\/wp\/v2\/users\/2"}],"replies":[{"embeddable":true,"href":"https:\/\/www.cittadellaeditrice.com\/munera\/wp-json\/wp\/v2\/comments?post=13521"}],"version-history":[{"count":27,"href":"https:\/\/www.cittadellaeditrice.com\/munera\/wp-json\/wp\/v2\/pages\/13521\/revisions"}],"predecessor-version":[{"id":13702,"href":"https:\/\/www.cittadellaeditrice.com\/munera\/wp-json\/wp\/v2\/pages\/13521\/revisions\/13702"}],"wp:attachment":[{"href":"https:\/\/www.cittadellaeditrice.com\/munera\/wp-json\/wp\/v2\/media?parent=13521"}],"wp:term":[{"taxonomy":"category","embeddable":true,"href":"https:\/\/www.cittadellaeditrice.com\/munera\/wp-json\/wp\/v2\/categories?post=13521"},{"taxonomy":"post_tag","embeddable":true,"href":"https:\/\/www.cittadellaeditrice.com\/munera\/wp-json\/wp\/v2\/tags?post=13521"}],"curies":[{"name":"wp","href":"https:\/\/api.w.org\/{rel}","templated":true}]}}