{"id":13417,"date":"2019-02-06T10:58:22","date_gmt":"2019-02-06T09:58:22","guid":{"rendered":"http:\/\/www.cittadellaeditrice.com\/munera\/?page_id=13417"},"modified":"2019-02-06T10:58:22","modified_gmt":"2019-02-06T09:58:22","slug":"munera-12019-walter-lesch-lambivalenza-dei-confini-un-dilemma-europeo","status":"publish","type":"page","link":"https:\/\/www.cittadellaeditrice.com\/munera\/tutti-gli-articoli\/munera-12019-walter-lesch-lambivalenza-dei-confini-un-dilemma-europeo\/","title":{"rendered":"Munera 1\/2019 &#8211; Walter Lesch &gt;&gt; L\u2019ambivalenza dei confini: un dilemma europeo"},"content":{"rendered":"<p>Quando si parla di persone in fuga si risvegliano immagini e paure ancestrali. \u00c8 vero, fuga e migrazioni sono state da sempre importanti forze propulsive nella storia dell\u2019umanit\u00e0. D\u2019altra parte, proprio questo fatto turba il bisogno elementare che abbiamo di una vita ordinata, che ci protegga da sorprese spiacevoli. I profughi sono l\u00ec a ricordarci che il mondo \u00e8 stato sconvolto e che non possiamo chiudere gli occhi davanti a ci\u00f2 che succede fuori dalla nostra porta. Questa nuda evidenza risulta particolarmente dura da accettare per quegli abitanti dell\u2019Europa che per decenni hanno vissuto in una situazione geopolitica relativamente stabile, traendo profitto dai vantaggi di un forte mercato interno e dai privilegi di una mobilit\u00e0 incondizionata all\u2019interno dello spazio Schengen.<\/p>\n<p>Non appena lo straniero chiede protezione e il diritto a soggiornare nel nostro Paese, ecco che torniamo a ricordarci dell\u2019esistenza delle frontiere, che credevamo dimenticate insieme a tutta la loro ambivalenza. Chi pu\u00f2 venire da noi, chi ne ha il diritto? Chi pu\u00f2 restare, temporaneamente o per sempre? Da solo o con la famiglia? Domande scomode, perch\u00e9 ci sono valide ragioni morali per dar loro una risposta relativamente generosa. Ma proprio qui iniziano i problemi. C\u2019\u00e8 uno scarto enorme tra l\u2019ideale della libera circolazione e il ripristino dei controlli alla frontiera, tra chi vuole limitare la tendenza maniacale dello Stato a regolare tutto e chi invoca uno Stato forte che ci protegga dalle conseguenze spiacevoli di un\u2019immigrazione incontrollata.<\/p>\n<p>Sul piano del processo di unificazione europea stiamo ritrovando i problemi di controllo che all\u2019epoca degli Stati nazionali erano tipici solo di quegli Stati che vedevano nella difesa militare e poliziesca dei propri confini l\u2019espressione pi\u00f9 evidente della propria sovranit\u00e0. In pi\u00f9, agli occhi dei critici di una rigida politica in materia di profughi, l\u2019Europa unita si \u00e8 costituita come una fortezza inespugnabile che cerca di tenere lontani intrusi indesiderati dal proprio territorio con i suoi confini ben definiti.<\/p>\n<p style=\"text-align: center;\"><a title=\"Acquista\" href=\"javascript:formcompra('2236',1);\"><img alt=\"Acquista l'articolo\" src=\"https:\/\/www.cittadellaeditrice.com\/munera\/wp-content\/uploads\/ico_acquista_digitale.jpg\" width=\"54\" height=\"54\" \/><\/a>\n<br \/><a title=\"Acquista\" href=\"javascript:formcompra('2236','1');\"> per continuare a leggere acquista questo articolo<\/a><\/p><p style=\"text-align:center\"><a href=\"https:\/\/www.cittadellaeditrice.com\/digital\/account\/\">Utente biblioteche abbonate: clicca qui \u00bb<\/a><\/p>","protected":false},"excerpt":{"rendered":"<p>Quando si parla di persone in fuga si risvegliano immagini e paure ancestrali. \u00c8 vero, fuga e migrazioni sono state da sempre importanti forze propulsive nella storia dell\u2019umanit\u00e0. D\u2019altra parte, proprio questo fatto turba il&#8230;<\/p>\n","protected":false},"author":1,"featured_media":0,"parent":2840,"menu_order":0,"comment_status":"open","ping_status":"open","template":"","meta":[],"categories":[196],"tags":[453,33,459,157],"_links":{"self":[{"href":"https:\/\/www.cittadellaeditrice.com\/munera\/wp-json\/wp\/v2\/pages\/13417"}],"collection":[{"href":"https:\/\/www.cittadellaeditrice.com\/munera\/wp-json\/wp\/v2\/pages"}],"about":[{"href":"https:\/\/www.cittadellaeditrice.com\/munera\/wp-json\/wp\/v2\/types\/page"}],"author":[{"embeddable":true,"href":"https:\/\/www.cittadellaeditrice.com\/munera\/wp-json\/wp\/v2\/users\/1"}],"replies":[{"embeddable":true,"href":"https:\/\/www.cittadellaeditrice.com\/munera\/wp-json\/wp\/v2\/comments?post=13417"}],"version-history":[{"count":1,"href":"https:\/\/www.cittadellaeditrice.com\/munera\/wp-json\/wp\/v2\/pages\/13417\/revisions"}],"predecessor-version":[{"id":13418,"href":"https:\/\/www.cittadellaeditrice.com\/munera\/wp-json\/wp\/v2\/pages\/13417\/revisions\/13418"}],"up":[{"embeddable":true,"href":"https:\/\/www.cittadellaeditrice.com\/munera\/wp-json\/wp\/v2\/pages\/2840"}],"wp:attachment":[{"href":"https:\/\/www.cittadellaeditrice.com\/munera\/wp-json\/wp\/v2\/media?parent=13417"}],"wp:term":[{"taxonomy":"category","embeddable":true,"href":"https:\/\/www.cittadellaeditrice.com\/munera\/wp-json\/wp\/v2\/categories?post=13417"},{"taxonomy":"post_tag","embeddable":true,"href":"https:\/\/www.cittadellaeditrice.com\/munera\/wp-json\/wp\/v2\/tags?post=13417"}],"curies":[{"name":"wp","href":"https:\/\/api.w.org\/{rel}","templated":true}]}}