{"id":13413,"date":"2019-02-06T10:55:37","date_gmt":"2019-02-06T09:55:37","guid":{"rendered":"http:\/\/www.cittadellaeditrice.com\/munera\/?page_id=13413"},"modified":"2019-02-06T10:55:37","modified_gmt":"2019-02-06T09:55:37","slug":"munera-12019-pierandrea-amato-1918-cum-finis-una-nota-su-grande-guerra-e-animalita","status":"publish","type":"page","link":"https:\/\/www.cittadellaeditrice.com\/munera\/tutti-gli-articoli\/munera-12019-pierandrea-amato-1918-cum-finis-una-nota-su-grande-guerra-e-animalita\/","title":{"rendered":"Munera 1\/2019 &#8211; Pierandrea Amato &gt;&gt; 1918: cum-finis. Una nota su Grande Guerra e animalit\u00e0"},"content":{"rendered":"<p>Il centenario della Grande guerra, come d\u2019altronde era lecito attendersi, \u00e8 stato innanzitutto l\u2019occasione per dare vita a una serie di ampie ricostruzioni storiche che hanno celebrato l\u2019anniversario inondando gli scaffali delle librerie europee. Abbiamo oggi tra le mani una valanga d\u2019indagini recenti che esplorano qualsiasi aspetto, anche molto locale, delle vicende della Prima guerra mondiale. Tuttavia, almeno ai miei occhi, in questo vortice storiografico dove si trova di tutto, i lavori pi\u00f9 interessanti restano quelli che tentano, ampliando una tradizione iniziata alla fine degli anni Settanta del Novecento, di mettere tra parentesi i dati propriamente storici, militari e geo-politici del conflitto, e s\u2019impegnano ad analizzare la variegata costellazione culturale che la Grande guerra \u00e8 in grado di provocare.\u00a0 Questi studi esplorano attraverso un ventaglio considerevole di piste teoriche sia la rottura epocale che la guerra rappresenta per la traiettoria del progetto moderno sia il peso della sua eredit\u00e0 \u2013 innanzitutto \u201ccategoriale\u201d \u2013 per il secolo successivo, quando il primo conflitto mondiale si rivela uno vero e proprio \u201cspettro\u201d della nostra storia.<\/p>\n<p>Sulla scia di questo genere di lavori intendo adesso individuare alcuni nodi teorici preliminari per allestire un\u2019inchiesta sull\u2019idea di confine, per vedere come esso venga alterato dall\u2019esperienza della Grande guerra. Questa trasformazione \u00e8 visibile oggi perch\u00e9, a un secolo di distanza, il primo conflitto mondiale pu\u00f2 essere considerato, prima di ogni altra cosa, una catastrofe antropologica. Ebbene, quando si manifesta una \u201ccrisi\u201d antropologica, in realt\u00e0, la posta in gioco, lo dico qui molto rapidamente, \u00e8 sempre \u201cun\u201d confine.<\/p>\n<p style=\"text-align: center;\"><a title=\"Acquista\" href=\"javascript:formcompra('2234',1);\"><img alt=\"Acquista l'articolo\" src=\"https:\/\/www.cittadellaeditrice.com\/munera\/wp-content\/uploads\/ico_acquista_digitale.jpg\" width=\"54\" height=\"54\" \/><\/a>\n<br \/><a title=\"Acquista\" href=\"javascript:formcompra('2234','1');\"> per continuare a leggere acquista questo articolo<\/a><\/p><p style=\"text-align:center\"><a href=\"https:\/\/www.cittadellaeditrice.com\/digital\/account\/\">Utente biblioteche abbonate: clicca qui \u00bb<\/a><\/p>","protected":false},"excerpt":{"rendered":"<p>Il centenario della Grande guerra, come d\u2019altronde era lecito attendersi, \u00e8 stato innanzitutto l\u2019occasione per dare vita a una serie di ampie ricostruzioni storiche che hanno celebrato l\u2019anniversario inondando gli scaffali delle librerie europee. Abbiamo&#8230;<\/p>\n","protected":false},"author":1,"featured_media":0,"parent":2840,"menu_order":0,"comment_status":"open","ping_status":"open","template":"","meta":[],"categories":[461],"tags":[453,16,459,462],"_links":{"self":[{"href":"https:\/\/www.cittadellaeditrice.com\/munera\/wp-json\/wp\/v2\/pages\/13413"}],"collection":[{"href":"https:\/\/www.cittadellaeditrice.com\/munera\/wp-json\/wp\/v2\/pages"}],"about":[{"href":"https:\/\/www.cittadellaeditrice.com\/munera\/wp-json\/wp\/v2\/types\/page"}],"author":[{"embeddable":true,"href":"https:\/\/www.cittadellaeditrice.com\/munera\/wp-json\/wp\/v2\/users\/1"}],"replies":[{"embeddable":true,"href":"https:\/\/www.cittadellaeditrice.com\/munera\/wp-json\/wp\/v2\/comments?post=13413"}],"version-history":[{"count":1,"href":"https:\/\/www.cittadellaeditrice.com\/munera\/wp-json\/wp\/v2\/pages\/13413\/revisions"}],"predecessor-version":[{"id":13414,"href":"https:\/\/www.cittadellaeditrice.com\/munera\/wp-json\/wp\/v2\/pages\/13413\/revisions\/13414"}],"up":[{"embeddable":true,"href":"https:\/\/www.cittadellaeditrice.com\/munera\/wp-json\/wp\/v2\/pages\/2840"}],"wp:attachment":[{"href":"https:\/\/www.cittadellaeditrice.com\/munera\/wp-json\/wp\/v2\/media?parent=13413"}],"wp:term":[{"taxonomy":"category","embeddable":true,"href":"https:\/\/www.cittadellaeditrice.com\/munera\/wp-json\/wp\/v2\/categories?post=13413"},{"taxonomy":"post_tag","embeddable":true,"href":"https:\/\/www.cittadellaeditrice.com\/munera\/wp-json\/wp\/v2\/tags?post=13413"}],"curies":[{"name":"wp","href":"https:\/\/api.w.org\/{rel}","templated":true}]}}