{"id":13411,"date":"2019-02-06T10:53:32","date_gmt":"2019-02-06T09:53:32","guid":{"rendered":"http:\/\/www.cittadellaeditrice.com\/munera\/?page_id=13411"},"modified":"2019-02-06T11:39:24","modified_gmt":"2019-02-06T10:39:24","slug":"munera-12019-federico-simonti-cio-che-si-vede-e-cio-che-non-si-vede","status":"publish","type":"page","link":"https:\/\/www.cittadellaeditrice.com\/munera\/tutti-gli-articoli\/munera-12019-federico-simonti-cio-che-si-vede-e-cio-che-non-si-vede\/","title":{"rendered":"Munera 1\/2019 &#8211; Federico Simonti &gt;&gt; Ci\u00f2 che si vede e ci\u00f2 che non si vede"},"content":{"rendered":"<p>\u00abSe le merci non possono attraversare le frontiere, lo faranno gli eserciti\u00bb sosteneva a met\u00e0 Ottocento Fr\u00e9d\u00e9ric Bastiat. Anche un non-liberista come me, non pu\u00f2 che ripartire da questa lapidaria profezia dell&#8217;economista francese per parlare di frontiera. Gi\u00e0 allora, e non senza ironia, Bastiat sosteneva di aver fatto una immense <i>d\u00e9couverte<\/i> (dal titolo di un suo scritto): notava che mentre venivano investite ingenti somme di denaro per costruire la ferrovia che avrebbe consentito di ridurre gli ostacoli naturali e velocizzare gli scambi commerciali tra Parigi e Bruxelles, \u00abora tra questi ostacoli ce n\u2019\u00e8 uno che noi stessi abbiamo posto, e con grandi spese, sono gli uomini imboscati lungo la frontiera, armati fino ai denti e incaricati di opporre difficolt\u00e0 al trasporto delle merci da un paese all&#8217;altro, i doganieri\u00bb.<\/p>\n<p>Una bella doppia \u201cscoperta\u201d quella dell&#8217;economista liberale francese: se, da una parte, il progresso tecnologico lavora da sempre per incrementare gli scambi commerciali tra paesi e di fatto superare ogni tipo di barriera naturale, dall&#8217;altra, le regole imposte dagli Stati nazionali rallentano il movimento delle merci con la presenza di frontiere artificiali. Per di pi\u00f9, sostiene Bastiat, quando sui confini ad avere la meglio sono la chiusura e il filo spinato, presto o tardi, all&#8217;orizzonte si addenseranno, come nuvole nere che annunciano l&#8217;imminente uragano, i cannoni pronti a dichiarare guerra allo straniero al di l\u00e0 della cortina. Infatti, dietro questa dialettica soltanto apparentemente economica tra liberismo e protezionismo, tra il libero scambio delle merci e la difesa dei propri prodotti, si cela un dibattito pi\u00f9 complesso, quello che vede, gli uni di fronte agli altri, i sostenitori di una societ\u00e0 aperta e i difensori di una societ\u00e0 identitaria e di conseguenza chiusa verso l\u2019esterno. Ecco che le frontiere divengono il termometro pi\u00f9 idoneo per misurare lo stato di salute di un paese o di una comunit\u00e0 di paesi: regolare e gestire il flusso umano in entrata o in uscita sapendo bilanciare le esigenze interne \u2013 tra le altre, il diritto alla sicurezza \u2013 con le esigenze di chi ne sta fuori \u2013 per esempio, il diritto di migrare \u2013; oppure rimuovere il problema e cercare di convertire le frontiere in muri invalicabili.<\/p>\n<p style=\"text-align: center;\"><a title=\"Acquista\" href=\"javascript:formcompra('2233',1);\"><img alt=\"Acquista l'articolo\" src=\"https:\/\/www.cittadellaeditrice.com\/munera\/wp-content\/uploads\/ico_acquista_digitale.jpg\" width=\"54\" height=\"54\" \/><\/a>\n<br \/><a title=\"Acquista\" href=\"javascript:formcompra('2233','1');\"> per continuare a leggere acquista questo articolo<\/a><\/p><p style=\"text-align:center\"><a href=\"https:\/\/www.cittadellaeditrice.com\/digital\/account\/\">Utente biblioteche abbonate: clicca qui \u00bb<\/a><\/p>","protected":false},"excerpt":{"rendered":"<p>\u00abSe le merci non possono attraversare le frontiere, lo faranno gli eserciti\u00bb sosteneva a met\u00e0 Ottocento Fr\u00e9d\u00e9ric Bastiat. Anche un non-liberista come me, non pu\u00f2 che ripartire da questa lapidaria profezia dell&#8217;economista francese per parlare&#8230;<\/p>\n","protected":false},"author":1,"featured_media":0,"parent":2840,"menu_order":0,"comment_status":"open","ping_status":"open","template":"","meta":[],"categories":[460],"tags":[453,459,157],"_links":{"self":[{"href":"https:\/\/www.cittadellaeditrice.com\/munera\/wp-json\/wp\/v2\/pages\/13411"}],"collection":[{"href":"https:\/\/www.cittadellaeditrice.com\/munera\/wp-json\/wp\/v2\/pages"}],"about":[{"href":"https:\/\/www.cittadellaeditrice.com\/munera\/wp-json\/wp\/v2\/types\/page"}],"author":[{"embeddable":true,"href":"https:\/\/www.cittadellaeditrice.com\/munera\/wp-json\/wp\/v2\/users\/1"}],"replies":[{"embeddable":true,"href":"https:\/\/www.cittadellaeditrice.com\/munera\/wp-json\/wp\/v2\/comments?post=13411"}],"version-history":[{"count":1,"href":"https:\/\/www.cittadellaeditrice.com\/munera\/wp-json\/wp\/v2\/pages\/13411\/revisions"}],"predecessor-version":[{"id":13412,"href":"https:\/\/www.cittadellaeditrice.com\/munera\/wp-json\/wp\/v2\/pages\/13411\/revisions\/13412"}],"up":[{"embeddable":true,"href":"https:\/\/www.cittadellaeditrice.com\/munera\/wp-json\/wp\/v2\/pages\/2840"}],"wp:attachment":[{"href":"https:\/\/www.cittadellaeditrice.com\/munera\/wp-json\/wp\/v2\/media?parent=13411"}],"wp:term":[{"taxonomy":"category","embeddable":true,"href":"https:\/\/www.cittadellaeditrice.com\/munera\/wp-json\/wp\/v2\/categories?post=13411"},{"taxonomy":"post_tag","embeddable":true,"href":"https:\/\/www.cittadellaeditrice.com\/munera\/wp-json\/wp\/v2\/tags?post=13411"}],"curies":[{"name":"wp","href":"https:\/\/api.w.org\/{rel}","templated":true}]}}