{"id":13407,"date":"2019-02-06T10:49:23","date_gmt":"2019-02-06T09:49:23","guid":{"rendered":"http:\/\/www.cittadellaeditrice.com\/munera\/?page_id=13407"},"modified":"2019-02-06T10:49:23","modified_gmt":"2019-02-06T09:49:23","slug":"munera-12019-clothilde-scaggion-maynooth-irlanda-europa","status":"publish","type":"page","link":"https:\/\/www.cittadellaeditrice.com\/munera\/tutti-gli-articoli\/munera-12019-clothilde-scaggion-maynooth-irlanda-europa\/","title":{"rendered":"Munera 1\/2019 &#8211; Clothilde Scaggion &gt;&gt; Maynooth, Irlanda, Europa"},"content":{"rendered":"<p>A Maynooth, in occasione dell\u2019assemblea generale della Federazione Internazionale delle Universit\u00e0 Cattoliche (FIUC) nel mese di luglio 2018, ho scoperto una piccola citt\u00e0 universitaria a est di Dublino, molto calma in estate, in assenza degli studenti.<\/p>\n<p>Una settimana di inabituale interruzione del mio ritmo quotidiano, per la quale avevo portato con me matite e quaderno dei bozzetti per ogni evenienza. Avrebbe dovuto piovere e invece \u00e8 stato soleggiato tutta la settimana!<\/p>\n<p>Tra silenzio e solitudine, ho cos\u00ec vagabondato per lunghe ore, impregnandomi dei luoghi e dei loro tesori. Lasciandomi toccare dai primi raggi di sole sull\u2019immenso campo da golf, terreno senza barriere, aperto a tutti, ho ritratto qualche istante in un paesaggio curato e rispettato.<\/p>\n<p>Il supporto informatico \u00e8 divenuto talmente presente nel mio lavoro quotidiano che il quaderno dei bozzetti ha perso la sua funzione. Tracciare linee, osservare l\u2019oggetto richiede tempo, il tempo della scrittura del bozzetto. Per me \u00e8 un tempo sospeso, prossimo a quello della preghiera, durante il quale la mia attenzione, concentrata sul soggetto, si sgombra di tutto ci\u00f2 che \u00e8 superfluo. Vivo un abbandono che mi ricentra e mi riequilibra interiormente. Con questa serie di bozzetti ho potuto riconnettermi con il mio immaginario, i miei pensieri e i miei sogni.<\/p>\n<p>Spesso seduta per terra o su un bordo, pennarelli e matite sparsi attorno a me, tutto questo \u00e8 stato pi\u00f9 che un esercizio grafico. \u00c8 un&#8217;esperienza di crescita interiore che il luogo rende concreto.<\/p>\n<p style=\"text-align: center;\"><a title=\"Acquista\" href=\"javascript:formcompra('2231',1);\"><img alt=\"Acquista l'articolo\" src=\"https:\/\/www.cittadellaeditrice.com\/munera\/wp-content\/uploads\/ico_acquista_digitale.jpg\" width=\"54\" height=\"54\" \/><\/a>\n<br \/><a title=\"Acquista\" href=\"javascript:formcompra('2231','1');\"> per continuare a leggere acquista questo articolo<\/a><\/p><p style=\"text-align:center\"><a href=\"https:\/\/www.cittadellaeditrice.com\/digital\/account\/\">Utente biblioteche abbonate: clicca qui \u00bb<\/a><\/p>","protected":false},"excerpt":{"rendered":"<p>A Maynooth, in occasione dell\u2019assemblea generale della Federazione Internazionale delle Universit\u00e0 Cattoliche (FIUC) nel mese di luglio 2018, ho scoperto una piccola citt\u00e0 universitaria a est di Dublino, molto calma in estate, in assenza degli&#8230;<\/p>\n","protected":false},"author":1,"featured_media":0,"parent":2840,"menu_order":0,"comment_status":"open","ping_status":"open","template":"","meta":[],"categories":[456],"tags":[8,33,457],"_links":{"self":[{"href":"https:\/\/www.cittadellaeditrice.com\/munera\/wp-json\/wp\/v2\/pages\/13407"}],"collection":[{"href":"https:\/\/www.cittadellaeditrice.com\/munera\/wp-json\/wp\/v2\/pages"}],"about":[{"href":"https:\/\/www.cittadellaeditrice.com\/munera\/wp-json\/wp\/v2\/types\/page"}],"author":[{"embeddable":true,"href":"https:\/\/www.cittadellaeditrice.com\/munera\/wp-json\/wp\/v2\/users\/1"}],"replies":[{"embeddable":true,"href":"https:\/\/www.cittadellaeditrice.com\/munera\/wp-json\/wp\/v2\/comments?post=13407"}],"version-history":[{"count":2,"href":"https:\/\/www.cittadellaeditrice.com\/munera\/wp-json\/wp\/v2\/pages\/13407\/revisions"}],"predecessor-version":[{"id":13636,"href":"https:\/\/www.cittadellaeditrice.com\/munera\/wp-json\/wp\/v2\/pages\/13407\/revisions\/13636"}],"up":[{"embeddable":true,"href":"https:\/\/www.cittadellaeditrice.com\/munera\/wp-json\/wp\/v2\/pages\/2840"}],"wp:attachment":[{"href":"https:\/\/www.cittadellaeditrice.com\/munera\/wp-json\/wp\/v2\/media?parent=13407"}],"wp:term":[{"taxonomy":"category","embeddable":true,"href":"https:\/\/www.cittadellaeditrice.com\/munera\/wp-json\/wp\/v2\/categories?post=13407"},{"taxonomy":"post_tag","embeddable":true,"href":"https:\/\/www.cittadellaeditrice.com\/munera\/wp-json\/wp\/v2\/tags?post=13407"}],"curies":[{"name":"wp","href":"https:\/\/api.w.org\/{rel}","templated":true}]}}