{"id":13201,"date":"2018-10-03T16:42:43","date_gmt":"2018-10-03T14:42:43","guid":{"rendered":"http:\/\/www.cittadellaeditrice.com\/munera\/?page_id=13201"},"modified":"2018-10-03T16:42:43","modified_gmt":"2018-10-03T14:42:43","slug":"munera-32018-paola-redemagni-breve-storia-del-cimitero-in-italia","status":"publish","type":"page","link":"https:\/\/www.cittadellaeditrice.com\/munera\/tutti-gli-articoli\/munera-32018-paola-redemagni-breve-storia-del-cimitero-in-italia\/","title":{"rendered":"Munera 3\/2018 &#8211; Paola Redemagni &gt;&gt; Breve storia del cimitero in Italia"},"content":{"rendered":"<p>Nel corso degli ultimi anni i cimiteri hanno conosciuto un interesse sempre pi\u00f9 ampio. Vi si scopre un importante elemento di identificazione della comunit\u00e0 e di riconoscimento dei suoi valori: un archivio di memorie storiche, anagrafiche, locali, sociali. Perch\u00e9 ogni cimitero, anche il pi\u00f9 piccolo, anche il pi\u00f9 povero, \u00e8 espressione autentica della cultura di un luogo e rappresenta non soltanto la societ\u00e0 che lo ha costruito ma anche le sue aspirazioni e l\u2019immagine di s\u00e9 che intende consegnare al futuro.<\/p>\n<p>Parlare di cimiteri significa allora parlare degli uomini che li hanno costruiti.<\/p>\n<p>Lo spazio della morte ha subito nel corso dei secoli numerosi cambiamenti che ne hanno modificato l\u2019aspetto e che hanno rispecchiato sempre il contemporaneo mutamento che la societ\u00e0 ha avuto dell\u2019idea della morte.<\/p>\n<p>Ogni soluzione planimetrica, ogni complesso cimiteriale, sono in realt\u00e0 la traduzione architettonica della percezione della morte da parte di una societ\u00e0 e di un ambiente storicamente ben determinati.<\/p>\n<p style=\"text-align: center;\"><a title=\"Acquista\" href=\"javascript:formcompra('1938',1);\"><img alt=\"Acquista l'articolo\" src=\"https:\/\/www.cittadellaeditrice.com\/munera\/wp-content\/uploads\/ico_acquista_digitale.jpg\" width=\"54\" height=\"54\" \/><\/a>\n<br \/><a title=\"Acquista\" href=\"javascript:formcompra('1938','1');\"> per continuare a leggere acquista questo articolo<\/a><\/p><p style=\"text-align:center\"><a href=\"https:\/\/www.cittadellaeditrice.com\/digital\/account\/\">Utente biblioteche abbonate: clicca qui \u00bb<\/a><\/p>","protected":false},"excerpt":{"rendered":"<p>Nel corso degli ultimi anni i cimiteri hanno conosciuto un interesse sempre pi\u00f9 ampio. Vi si scopre un importante elemento di identificazione della comunit\u00e0 e di riconoscimento dei suoi valori: un archivio di memorie storiche,&#8230;<\/p>\n","protected":false},"author":2,"featured_media":0,"parent":2840,"menu_order":0,"comment_status":"open","ping_status":"open","template":"","meta":[],"categories":[442],"tags":[216,432,433,289],"_links":{"self":[{"href":"https:\/\/www.cittadellaeditrice.com\/munera\/wp-json\/wp\/v2\/pages\/13201"}],"collection":[{"href":"https:\/\/www.cittadellaeditrice.com\/munera\/wp-json\/wp\/v2\/pages"}],"about":[{"href":"https:\/\/www.cittadellaeditrice.com\/munera\/wp-json\/wp\/v2\/types\/page"}],"author":[{"embeddable":true,"href":"https:\/\/www.cittadellaeditrice.com\/munera\/wp-json\/wp\/v2\/users\/2"}],"replies":[{"embeddable":true,"href":"https:\/\/www.cittadellaeditrice.com\/munera\/wp-json\/wp\/v2\/comments?post=13201"}],"version-history":[{"count":1,"href":"https:\/\/www.cittadellaeditrice.com\/munera\/wp-json\/wp\/v2\/pages\/13201\/revisions"}],"predecessor-version":[{"id":13202,"href":"https:\/\/www.cittadellaeditrice.com\/munera\/wp-json\/wp\/v2\/pages\/13201\/revisions\/13202"}],"up":[{"embeddable":true,"href":"https:\/\/www.cittadellaeditrice.com\/munera\/wp-json\/wp\/v2\/pages\/2840"}],"wp:attachment":[{"href":"https:\/\/www.cittadellaeditrice.com\/munera\/wp-json\/wp\/v2\/media?parent=13201"}],"wp:term":[{"taxonomy":"category","embeddable":true,"href":"https:\/\/www.cittadellaeditrice.com\/munera\/wp-json\/wp\/v2\/categories?post=13201"},{"taxonomy":"post_tag","embeddable":true,"href":"https:\/\/www.cittadellaeditrice.com\/munera\/wp-json\/wp\/v2\/tags?post=13201"}],"curies":[{"name":"wp","href":"https:\/\/api.w.org\/{rel}","templated":true}]}}