{"id":13199,"date":"2018-10-03T16:41:47","date_gmt":"2018-10-03T14:41:47","guid":{"rendered":"http:\/\/www.cittadellaeditrice.com\/munera\/?page_id=13199"},"modified":"2018-10-03T16:41:47","modified_gmt":"2018-10-03T14:41:47","slug":"munera-32018-maria-antonietta-crippa-architetture-per-la-morte-testamenti-per-la-vita","status":"publish","type":"page","link":"https:\/\/www.cittadellaeditrice.com\/munera\/tutti-gli-articoli\/munera-32018-maria-antonietta-crippa-architetture-per-la-morte-testamenti-per-la-vita\/","title":{"rendered":"Munera 3\/2018 &#8211; Maria Antonietta Crippa &gt;&gt; Architetture per la morte, testamenti per la vita"},"content":{"rendered":"<p>\u00abQuando l\u2019agnello apr\u00ec il settimo sigillo, nel cielo si fece un silenzio di circa mezzora, e vidi i sette angeli che stavano dinanzi a Dio e furono loro date sette trombe\u00bb (Apocalisse 8,1-2): con questo celebre passaggio tratto dal libro dell\u2019Apocalisse si apre Il settimo sigillo, un film dello svedese Ingmar Bergman (1918-2007) uscito nel 1957. La mezzora di silenzio qui citata, quasi una sospensione dell\u2019inesorabile scorrere del tempo verso la morte, \u00e8 per Bergman possibilit\u00e0 d\u2019indagine: \u00abIo voglio sapere. Non credere. Non supporre. Voglio sapere\u00bb, dichiara alla Morte il Cavaliere protagonista del racconto che ci porta nel XIV secolo occidentale, tormentato dalla peste e dai fallimenti in Terra Santa, e che lascia fuori campo il senso cristiano della storia, il cui centro definitivo, nella morte e resurrezione di Ges\u00f9 Cristo, viene rivelato dall\u2019apertura del settimo sigillo.<\/p>\n<p>Nella realt\u00e0, fuori dall\u2019immaginario filmico, la morte incombe senza dilazioni possibili sulla storia di ognuno e di tutti, provocando una dolorosa ma inevitabile resa dei conti in chi ne \u00e8 investito e, almeno in parte, anche in chi ne condivide l\u2019accadere in altri. Essa incombe anche sui contesti abitati, occupando spazi con tumuli, cappelle, cimiteri. Comporta lasciti, eredit\u00e0 di beni o anche di situazioni irrisolte, nei testamenti che sanciscono continuit\u00e0 tra generazioni. La morte, si pu\u00f2 dire, \u00e8 da sempre presente tra i vivi in vari modi, con luoghi, riti, parole, corpi. In architettura, nel disegno dei luoghi abitati, essa ha allo stesso tempo rilevanza civile e religiosa, implica inoltre il contributo di diverse forme d\u2019arte che stimolano l\u2019immaginario collettivo.<\/p>\n<p>Si deve ammettere che non si pu\u00f2 concepire una citt\u00e0 dei vivi senza rispondere, in essa, non solo alla necessit\u00e0 di dar sepoltura ai morti, nel cordoglio, ma anche all\u2019esigenza degli uni di vivere una dinamica continuit\u00e0 di memoria con gli altri, come fondamento di reciproca appartenenza. La comprensione della morte entro l\u2019orizzonte della vita o, specularmente, di una vita che accoglie e rende fruttuoso il dramma della morte, non \u00e8 infatti problema solo individuale e intimo, di coscienza, \u00e8 anche questione di civilt\u00e0.<\/p>\n<p style=\"text-align: center;\"><a title=\"Acquista\" href=\"javascript:formcompra('1937',1);\"><img alt=\"Acquista l'articolo\" src=\"https:\/\/www.cittadellaeditrice.com\/munera\/wp-content\/uploads\/ico_acquista_digitale.jpg\" width=\"54\" height=\"54\" \/><\/a>\n<br \/><a title=\"Acquista\" href=\"javascript:formcompra('1937','1');\"> per continuare a leggere acquista questo articolo<\/a><\/p><p style=\"text-align:center\"><a href=\"https:\/\/www.cittadellaeditrice.com\/digital\/account\/\">Utente biblioteche abbonate: clicca qui \u00bb<\/a><\/p>","protected":false},"excerpt":{"rendered":"<p>\u00abQuando l\u2019agnello apr\u00ec il settimo sigillo, nel cielo si fece un silenzio di circa mezzora, e vidi i sette angeli che stavano dinanzi a Dio e furono loro date sette trombe\u00bb (Apocalisse 8,1-2): con questo&#8230;<\/p>\n","protected":false},"author":2,"featured_media":0,"parent":2840,"menu_order":0,"comment_status":"open","ping_status":"open","template":"","meta":[],"categories":[156],"tags":[216,432,433,289],"_links":{"self":[{"href":"https:\/\/www.cittadellaeditrice.com\/munera\/wp-json\/wp\/v2\/pages\/13199"}],"collection":[{"href":"https:\/\/www.cittadellaeditrice.com\/munera\/wp-json\/wp\/v2\/pages"}],"about":[{"href":"https:\/\/www.cittadellaeditrice.com\/munera\/wp-json\/wp\/v2\/types\/page"}],"author":[{"embeddable":true,"href":"https:\/\/www.cittadellaeditrice.com\/munera\/wp-json\/wp\/v2\/users\/2"}],"replies":[{"embeddable":true,"href":"https:\/\/www.cittadellaeditrice.com\/munera\/wp-json\/wp\/v2\/comments?post=13199"}],"version-history":[{"count":1,"href":"https:\/\/www.cittadellaeditrice.com\/munera\/wp-json\/wp\/v2\/pages\/13199\/revisions"}],"predecessor-version":[{"id":13200,"href":"https:\/\/www.cittadellaeditrice.com\/munera\/wp-json\/wp\/v2\/pages\/13199\/revisions\/13200"}],"up":[{"embeddable":true,"href":"https:\/\/www.cittadellaeditrice.com\/munera\/wp-json\/wp\/v2\/pages\/2840"}],"wp:attachment":[{"href":"https:\/\/www.cittadellaeditrice.com\/munera\/wp-json\/wp\/v2\/media?parent=13199"}],"wp:term":[{"taxonomy":"category","embeddable":true,"href":"https:\/\/www.cittadellaeditrice.com\/munera\/wp-json\/wp\/v2\/categories?post=13199"},{"taxonomy":"post_tag","embeddable":true,"href":"https:\/\/www.cittadellaeditrice.com\/munera\/wp-json\/wp\/v2\/tags?post=13199"}],"curies":[{"name":"wp","href":"https:\/\/api.w.org\/{rel}","templated":true}]}}