{"id":13197,"date":"2018-10-03T16:40:49","date_gmt":"2018-10-03T14:40:49","guid":{"rendered":"http:\/\/www.cittadellaeditrice.com\/munera\/?page_id=13197"},"modified":"2018-10-03T16:40:49","modified_gmt":"2018-10-03T14:40:49","slug":"munera-32018-paolo-benciolini-parlare-della-morte-e-del-morire-riflessioni-sul-fine-vita","status":"publish","type":"page","link":"https:\/\/www.cittadellaeditrice.com\/munera\/tutti-gli-articoli\/munera-32018-paolo-benciolini-parlare-della-morte-e-del-morire-riflessioni-sul-fine-vita\/","title":{"rendered":"Munera 3\/2018 &#8211; Paolo Benciolini &gt;&gt; Parlare della morte e del morire. Riflessioni sul \u201cfine-vita\u201d"},"content":{"rendered":"<p>A subitanea et improvvisa morte, libera nos, Domine. \u00c8 difficile riconoscersi, oggi, nello spirito di questa invocazione che si ritrova nelle Litaniae Sanctorum. Molti, anzi, si augurano proprio il contrario: che il momento della morte possa loro giungere in maniera \u201csubitanea e improvvisa\u201d, un passaggio rapido da una condizione di benessere alla perdita della vita.<\/p>\n<p>Accade invece che il grande e incalzante progresso della medicina e, in particolare, la disponibilit\u00e0 di strumenti terapeutici sempre pi\u00f9 efficaci, nel consentire un rilevante incremento delle aspettative di vita, ha comportato anche, come effetto paradossale, l\u2019aumento e il protrarsi nel tempo delle malattie proprie (anche se non esclusive) dell\u2019et\u00e0 anziana, non necessariamente incompatibili con la sopravvivenza. Al tempo stesso le tecniche di terapia intensiva hanno introdotto possibilit\u00e0 di sopravvivenza fino a pochi decenni fa del tutto impensabili, rendendo tuttavia necessarie forme di assistenza socio-sanitaria particolarmente impegnative e spesso coinvolgenti tutto il nucleo familiare, non solo in relazione al numero crescente di \u201cgrandi anziani\u201d che ne abbisognano, ma anche per persone in et\u00e0 ancora giovanile, vittime di eventi traumatici o di gravi patologie acute.<\/p>\n<p>Chi, da sano, ne \u00e8 diretto testimone, partecipando affettivamente alla spesso lenta, ma non per questo (anzi) meno drammatica vicenda della persona cara, non pu\u00f2 fare a meno di porsi domande che lo riguardano anche personalmente ed \u00e8 perci\u00f2 ampiamente comprensibile il desiderio di augurarsi una diversa e meno dolorosa prospettiva. I sociologi (ma lo possiamo facilmente constatare anche noi) ci dicono che il tema della morte \u00e8 il nuovo tab\u00f9 che caratterizza la nostra societ\u00e0 (dopo la scomparsa di quello del sesso) e che anche le esperienze di malattia che conducono verso la morte vengono vissute come qualcosa di cui non si parla volentieri con gli altri.<\/p>\n<p>Non era cos\u00ec, un tempo.<\/p>\n<p style=\"text-align: center;\"><a title=\"Acquista\" href=\"javascript:formcompra('1936',1);\"><img alt=\"Acquista l'articolo\" src=\"https:\/\/www.cittadellaeditrice.com\/munera\/wp-content\/uploads\/ico_acquista_digitale.jpg\" width=\"54\" height=\"54\" \/><\/a>\n<br \/><a title=\"Acquista\" href=\"javascript:formcompra('1936','1');\"> per continuare a leggere acquista questo articolo<\/a><\/p><p style=\"text-align:center\"><a href=\"https:\/\/www.cittadellaeditrice.com\/digital\/account\/\">Utente biblioteche abbonate: clicca qui \u00bb<\/a><\/p>","protected":false},"excerpt":{"rendered":"<p>A subitanea et improvvisa morte, libera nos, Domine. \u00c8 difficile riconoscersi, oggi, nello spirito di questa invocazione che si ritrova nelle Litaniae Sanctorum. Molti, anzi, si augurano proprio il contrario: che il momento della morte&#8230;<\/p>\n","protected":false},"author":2,"featured_media":0,"parent":2840,"menu_order":0,"comment_status":"open","ping_status":"open","template":"","meta":[],"categories":[438],"tags":[441,440,435,17,434,439,432,433,289],"_links":{"self":[{"href":"https:\/\/www.cittadellaeditrice.com\/munera\/wp-json\/wp\/v2\/pages\/13197"}],"collection":[{"href":"https:\/\/www.cittadellaeditrice.com\/munera\/wp-json\/wp\/v2\/pages"}],"about":[{"href":"https:\/\/www.cittadellaeditrice.com\/munera\/wp-json\/wp\/v2\/types\/page"}],"author":[{"embeddable":true,"href":"https:\/\/www.cittadellaeditrice.com\/munera\/wp-json\/wp\/v2\/users\/2"}],"replies":[{"embeddable":true,"href":"https:\/\/www.cittadellaeditrice.com\/munera\/wp-json\/wp\/v2\/comments?post=13197"}],"version-history":[{"count":1,"href":"https:\/\/www.cittadellaeditrice.com\/munera\/wp-json\/wp\/v2\/pages\/13197\/revisions"}],"predecessor-version":[{"id":13198,"href":"https:\/\/www.cittadellaeditrice.com\/munera\/wp-json\/wp\/v2\/pages\/13197\/revisions\/13198"}],"up":[{"embeddable":true,"href":"https:\/\/www.cittadellaeditrice.com\/munera\/wp-json\/wp\/v2\/pages\/2840"}],"wp:attachment":[{"href":"https:\/\/www.cittadellaeditrice.com\/munera\/wp-json\/wp\/v2\/media?parent=13197"}],"wp:term":[{"taxonomy":"category","embeddable":true,"href":"https:\/\/www.cittadellaeditrice.com\/munera\/wp-json\/wp\/v2\/categories?post=13197"},{"taxonomy":"post_tag","embeddable":true,"href":"https:\/\/www.cittadellaeditrice.com\/munera\/wp-json\/wp\/v2\/tags?post=13197"}],"curies":[{"name":"wp","href":"https:\/\/api.w.org\/{rel}","templated":true}]}}