{"id":13195,"date":"2018-10-03T16:39:27","date_gmt":"2018-10-03T14:39:27","guid":{"rendered":"http:\/\/www.cittadellaeditrice.com\/munera\/?page_id=13195"},"modified":"2018-10-03T16:39:27","modified_gmt":"2018-10-03T14:39:27","slug":"munera-32018-bernard-n-schumacher-e-forse-morta-la-morte","status":"publish","type":"page","link":"https:\/\/www.cittadellaeditrice.com\/munera\/tutti-gli-articoli\/munera-32018-bernard-n-schumacher-e-forse-morta-la-morte\/","title":{"rendered":"Munera 3\/2018 &#8211; Bernard N. Schumacher &gt;&gt; \u00c8 forse morta la morte?"},"content":{"rendered":"<p>\u00abSono nato in un mondo che cominciava a non voler pi\u00f9 sentir parlare della morte e che oggi ha raggiunto i suoi scopi senza comprendere che si \u00e8 di colpo condannato a non sentir pi\u00f9 parlare della grazia\u00bb. Il poeta francese Christian Bobin intuisce che la pretesa contemporanea che l\u2019individuo basti a s\u00e9 stesso, nel contesto di una volont\u00e0 di controllo, rifiutando di lasciarsi toccare dalla sofferenza, dalla malattia, e ancora pi\u00f9 dalla morte, negando in questo modo la sua vulnerabilit\u00e0, implica la perdita della sua capacit\u00e0 di percepire il reale, e s\u00e9 stesso, come una realt\u00e0 donata, gratuita. Che strana affermazione! E se il poeta avesse ragione?<\/p>\n<p>L&#8217;attitudine contemporanea nei confronti della morte, percepita come un affronto e uno scandalo terribili, si caratterizza per la negazione della sua realt\u00e0 e per il tentativo di controllarla. Questa \u00e8 la risposta che propongono due filosofi, Epicuro e Martin Heidegger, il cui il pensiero impregna la cultura occidentale a riguardo della morte: entrambi accettano con una certa umilt\u00e0 i limiti naturali, il fatto di essere mortali, ma si concentrano su come vivere bene il presente. Un&#8217;altra risposta \u00e8 per\u00f2 possibile: non si tratta pi\u00f9 di sottomettersi alla morte, ma di attaccarla frontalmente. Questo \u00e8 ci\u00f2 che propongono i sostenitori del transumanesimo, i quali proclamano che la morte non \u00e8 che un incidente all&#8217;interno del processo del vivente, che essa non \u00e8, in breve, che un difetto organico: si pu\u00f2 guarire dalla morte.<\/p>\n<p style=\"text-align: center;\"><a title=\"Acquista\" href=\"javascript:formcompra('1935',1);\"><img alt=\"Acquista l'articolo\" src=\"https:\/\/www.cittadellaeditrice.com\/munera\/wp-content\/uploads\/ico_acquista_digitale.jpg\" width=\"54\" height=\"54\" \/><\/a>\n<br \/><a title=\"Acquista\" href=\"javascript:formcompra('1935','1');\"> per continuare a leggere acquista questo articolo<\/a><\/p><p style=\"text-align:center\"><a href=\"https:\/\/www.cittadellaeditrice.com\/digital\/account\/\">Utente biblioteche abbonate: clicca qui \u00bb<\/a><\/p>","protected":false},"excerpt":{"rendered":"<p>\u00abSono nato in un mondo che cominciava a non voler pi\u00f9 sentir parlare della morte e che oggi ha raggiunto i suoi scopi senza comprendere che si \u00e8 di colpo condannato a non sentir pi\u00f9&#8230;<\/p>\n","protected":false},"author":2,"featured_media":0,"parent":2840,"menu_order":0,"comment_status":"open","ping_status":"open","template":"","meta":[],"categories":[436],"tags":[435,15,434,432,437,433,289],"_links":{"self":[{"href":"https:\/\/www.cittadellaeditrice.com\/munera\/wp-json\/wp\/v2\/pages\/13195"}],"collection":[{"href":"https:\/\/www.cittadellaeditrice.com\/munera\/wp-json\/wp\/v2\/pages"}],"about":[{"href":"https:\/\/www.cittadellaeditrice.com\/munera\/wp-json\/wp\/v2\/types\/page"}],"author":[{"embeddable":true,"href":"https:\/\/www.cittadellaeditrice.com\/munera\/wp-json\/wp\/v2\/users\/2"}],"replies":[{"embeddable":true,"href":"https:\/\/www.cittadellaeditrice.com\/munera\/wp-json\/wp\/v2\/comments?post=13195"}],"version-history":[{"count":1,"href":"https:\/\/www.cittadellaeditrice.com\/munera\/wp-json\/wp\/v2\/pages\/13195\/revisions"}],"predecessor-version":[{"id":13196,"href":"https:\/\/www.cittadellaeditrice.com\/munera\/wp-json\/wp\/v2\/pages\/13195\/revisions\/13196"}],"up":[{"embeddable":true,"href":"https:\/\/www.cittadellaeditrice.com\/munera\/wp-json\/wp\/v2\/pages\/2840"}],"wp:attachment":[{"href":"https:\/\/www.cittadellaeditrice.com\/munera\/wp-json\/wp\/v2\/media?parent=13195"}],"wp:term":[{"taxonomy":"category","embeddable":true,"href":"https:\/\/www.cittadellaeditrice.com\/munera\/wp-json\/wp\/v2\/categories?post=13195"},{"taxonomy":"post_tag","embeddable":true,"href":"https:\/\/www.cittadellaeditrice.com\/munera\/wp-json\/wp\/v2\/tags?post=13195"}],"curies":[{"name":"wp","href":"https:\/\/api.w.org\/{rel}","templated":true}]}}