{"id":13193,"date":"2018-10-03T16:38:14","date_gmt":"2018-10-03T14:38:14","guid":{"rendered":"http:\/\/www.cittadellaeditrice.com\/munera\/?page_id=13193"},"modified":"2018-10-03T16:38:14","modified_gmt":"2018-10-03T14:38:14","slug":"munera-32018-ghislain-lafont-pensieri-sparsi-sulla-morte-e-sulla-vita","status":"publish","type":"page","link":"https:\/\/www.cittadellaeditrice.com\/munera\/tutti-gli-articoli\/munera-32018-ghislain-lafont-pensieri-sparsi-sulla-morte-e-sulla-vita\/","title":{"rendered":"Munera 3\/2018 &#8211; Ghislain Lafont &gt;&gt; Pensieri sparsi sulla morte e sulla vita"},"content":{"rendered":"<p>Pensare la morte, non \u00e8 forse pensare la vita? O piuttosto: cercare di pensarla, perch\u00e9 ci siamo dentro sin dall&#8217;inizio e non abbiamo, per la vita come per la morte, n\u00e9 definizione n\u00e9 possesso. Non: \u00abPenso, dunque sono\u00bb, ma: \u00abVivo, dunque penso\u00bb. E allora: \u00abMuoio\u00bb, dunque che cosa?<\/p>\n<p style=\"text-align: center;\"><a title=\"Acquista\" href=\"javascript:formcompra('1933',1);\"><img alt=\"Acquista l'articolo\" src=\"https:\/\/www.cittadellaeditrice.com\/munera\/wp-content\/uploads\/ico_acquista_digitale.jpg\" width=\"54\" height=\"54\" \/><\/a>\n<br \/><a title=\"Acquista\" href=\"javascript:formcompra('1933','1');\"> per continuare a leggere acquista questo articolo<\/a><\/p><p style=\"text-align:center\"><a href=\"https:\/\/www.cittadellaeditrice.com\/digital\/account\/\">Utente biblioteche abbonate: clicca qui \u00bb<\/a><\/p>","protected":false},"excerpt":{"rendered":"<p>Pensare la morte, non \u00e8 forse pensare la vita? O piuttosto: cercare di pensarla, perch\u00e9 ci siamo dentro sin dall&#8217;inizio e non abbiamo, per la vita come per la morte, n\u00e9 definizione n\u00e9 possesso. Non:&#8230;<\/p>\n","protected":false},"author":2,"featured_media":0,"parent":2840,"menu_order":0,"comment_status":"open","ping_status":"open","template":"","meta":[],"categories":[52],"tags":[435,434,432,14,433,289],"_links":{"self":[{"href":"https:\/\/www.cittadellaeditrice.com\/munera\/wp-json\/wp\/v2\/pages\/13193"}],"collection":[{"href":"https:\/\/www.cittadellaeditrice.com\/munera\/wp-json\/wp\/v2\/pages"}],"about":[{"href":"https:\/\/www.cittadellaeditrice.com\/munera\/wp-json\/wp\/v2\/types\/page"}],"author":[{"embeddable":true,"href":"https:\/\/www.cittadellaeditrice.com\/munera\/wp-json\/wp\/v2\/users\/2"}],"replies":[{"embeddable":true,"href":"https:\/\/www.cittadellaeditrice.com\/munera\/wp-json\/wp\/v2\/comments?post=13193"}],"version-history":[{"count":1,"href":"https:\/\/www.cittadellaeditrice.com\/munera\/wp-json\/wp\/v2\/pages\/13193\/revisions"}],"predecessor-version":[{"id":13194,"href":"https:\/\/www.cittadellaeditrice.com\/munera\/wp-json\/wp\/v2\/pages\/13193\/revisions\/13194"}],"up":[{"embeddable":true,"href":"https:\/\/www.cittadellaeditrice.com\/munera\/wp-json\/wp\/v2\/pages\/2840"}],"wp:attachment":[{"href":"https:\/\/www.cittadellaeditrice.com\/munera\/wp-json\/wp\/v2\/media?parent=13193"}],"wp:term":[{"taxonomy":"category","embeddable":true,"href":"https:\/\/www.cittadellaeditrice.com\/munera\/wp-json\/wp\/v2\/categories?post=13193"},{"taxonomy":"post_tag","embeddable":true,"href":"https:\/\/www.cittadellaeditrice.com\/munera\/wp-json\/wp\/v2\/tags?post=13193"}],"curies":[{"name":"wp","href":"https:\/\/api.w.org\/{rel}","templated":true}]}}