{"id":12963,"date":"2018-06-13T18:15:17","date_gmt":"2018-06-13T16:15:17","guid":{"rendered":"http:\/\/www.cittadellaeditrice.com\/munera\/?page_id=12963"},"modified":"2018-06-13T18:15:17","modified_gmt":"2018-06-13T16:15:17","slug":"munera-22018-matteo-bergamaschi-il-dispositivo-colpa-sofferenza-da-prometeo-a-masterchef","status":"publish","type":"page","link":"https:\/\/www.cittadellaeditrice.com\/munera\/tutti-gli-articoli\/munera-22018-matteo-bergamaschi-il-dispositivo-colpa-sofferenza-da-prometeo-a-masterchef\/","title":{"rendered":"Munera 2\/2018 &#8211; Matteo Bergamaschi &gt;&gt; Il dispositivo colpa-sofferenza (da Prometeo a Masterchef)"},"content":{"rendered":"<p>Quando sentiamo parlare di \u201ccolpa\u201d ci sembra di discutere di un passato lontano, persino superato: le nostre economie dell\u2019abbondanza, che esaltano l\u2019immagine di un soggetto gioiosamente libero e senza inibizioni, rendono impossibile, ai leader del momento, valutare qualsivoglia manovra che faccia appello al senso di colpa delle masse elettorali. Prospettare poi misure di austerity che vadano a sanare i debiti di un passato eccessivamente spensierato significa optare per una retorica che difficilmente incontra il mood dei telespettatori.<\/p>\n<p>Da sempre l&#8217;uomo riflette sul concetto di colpa e cerca di mostrare attraverso il racconto da dove esso viene. La riflessione su questo concetto affonda le sue radici in un passato arcaico. Ci ricordiamo tutti del buon Prometeo, il cui intervento a favore della stirpe degli uomini ha comportato l\u2019infrazione della norma divina; ecco allora che l\u2019antico titano si \u00e8 meritato una sofferenza attraverso cui scontare la colpa commessa.<\/p>\n<p>Il contesto biblico ha cominciato con il capovolgere una simile logica; se infatti Prometeo, punito dalla \u201cgiustizia\u201d divina, pu\u00f2 fungere da rappresentante della concezione classica, Giobbe rappresenta una visione alternativa: il personaggio del giusto sofferente \u00e8 l\u2019elemento che mette in crisi il dispositivo che lega la sofferenza alla colpa; il fatto di soffrire non si esaurisce nella compensazione per il male commesso, bens\u00ec si d\u00e0 un\u2019eccedenza del patire rispetto alla logica colpevolizzante. \u00c8 su questa scia, cos\u00ec, che si pu\u00f2 accostare l\u2019evento della Passione di Cristo.<\/p>\n<p>Quello che, a un primo sguardo, pare un cimelio di un passato superato (e forse persino oscurantista), a una disamina pi\u00f9 attenta si rivela tuttavia inaspettatamente attuale. La retorica della societ\u00e0 dei consumi e dello spettacolo ama infatti servirsi di una topica che ricorrentemente associa colpevolezza e sofferenza passando per la punizione.<\/p>\n<p style=\"text-align: center;\"><a title=\"Acquista\" href=\"javascript:formcompra('1896',1);\"><img alt=\"Acquista l'articolo\" src=\"https:\/\/www.cittadellaeditrice.com\/munera\/wp-content\/uploads\/ico_acquista_digitale.jpg\" width=\"54\" height=\"54\" \/><\/a>\n<br \/><a title=\"Acquista\" href=\"javascript:formcompra('1896','1');\"> per continuare a leggere acquista questo articolo<\/a><\/p><p style=\"text-align:center\"><a href=\"https:\/\/www.cittadellaeditrice.com\/digital\/account\/\">Utente biblioteche abbonate: clicca qui \u00bb<\/a><\/p>","protected":false},"excerpt":{"rendered":"<p>Quando sentiamo parlare di \u201ccolpa\u201d ci sembra di discutere di un passato lontano, persino superato: le nostre economie dell\u2019abbondanza, che esaltano l\u2019immagine di un soggetto gioiosamente libero e senza inibizioni, rendono impossibile, ai leader del&#8230;<\/p>\n","protected":false},"author":2,"featured_media":0,"parent":2840,"menu_order":0,"comment_status":"open","ping_status":"open","template":"","meta":[],"categories":[412],"tags":[26,413,21,15,5,414],"_links":{"self":[{"href":"https:\/\/www.cittadellaeditrice.com\/munera\/wp-json\/wp\/v2\/pages\/12963"}],"collection":[{"href":"https:\/\/www.cittadellaeditrice.com\/munera\/wp-json\/wp\/v2\/pages"}],"about":[{"href":"https:\/\/www.cittadellaeditrice.com\/munera\/wp-json\/wp\/v2\/types\/page"}],"author":[{"embeddable":true,"href":"https:\/\/www.cittadellaeditrice.com\/munera\/wp-json\/wp\/v2\/users\/2"}],"replies":[{"embeddable":true,"href":"https:\/\/www.cittadellaeditrice.com\/munera\/wp-json\/wp\/v2\/comments?post=12963"}],"version-history":[{"count":1,"href":"https:\/\/www.cittadellaeditrice.com\/munera\/wp-json\/wp\/v2\/pages\/12963\/revisions"}],"predecessor-version":[{"id":12964,"href":"https:\/\/www.cittadellaeditrice.com\/munera\/wp-json\/wp\/v2\/pages\/12963\/revisions\/12964"}],"up":[{"embeddable":true,"href":"https:\/\/www.cittadellaeditrice.com\/munera\/wp-json\/wp\/v2\/pages\/2840"}],"wp:attachment":[{"href":"https:\/\/www.cittadellaeditrice.com\/munera\/wp-json\/wp\/v2\/media?parent=12963"}],"wp:term":[{"taxonomy":"category","embeddable":true,"href":"https:\/\/www.cittadellaeditrice.com\/munera\/wp-json\/wp\/v2\/categories?post=12963"},{"taxonomy":"post_tag","embeddable":true,"href":"https:\/\/www.cittadellaeditrice.com\/munera\/wp-json\/wp\/v2\/tags?post=12963"}],"curies":[{"name":"wp","href":"https:\/\/api.w.org\/{rel}","templated":true}]}}