{"id":12959,"date":"2018-06-13T18:12:06","date_gmt":"2018-06-13T16:12:06","guid":{"rendered":"http:\/\/www.cittadellaeditrice.com\/munera\/?page_id=12959"},"modified":"2018-06-13T18:12:06","modified_gmt":"2018-06-13T16:12:06","slug":"munera-22018-marie-michele-poncet-le-citta-e-le-guerre","status":"publish","type":"page","link":"https:\/\/www.cittadellaeditrice.com\/munera\/tutti-gli-articoli\/munera-22018-marie-michele-poncet-le-citta-e-le-guerre\/","title":{"rendered":"Munera 2\/2018 &#8211; Marie Mich\u00e8le Poncet &gt;&gt; Le citt\u00e0 e le guerre"},"content":{"rendered":"<p>I dipinti che presento non sono frutto n\u00e9 dell\u2019esperienza personale della guerra, n\u00e9 dell\u2019abbondanza di immagini in cui siamo immersi: io non guardo la televisione. Emozioni nascoste e minuscole si sono risvegliate per lo choc delle notizie lette sui giornali.<\/p>\n<p>Due viaggi in Israele-Palestina, alcune letture (V. Grossmann, V. Chalamov, L. Rochman, S. Alexievitch, A. Wat), amicizie profonde con alcune famiglie di Kiev e della Siria: tutto questo si \u00e8 incrociato con passate emozioni, facendo irruzione come dei terremoti, spingendomi davanti alla tela con la necessit\u00e0 di dipingere.<\/p>\n<p style=\"text-align: center;\"><a title=\"Acquista\" href=\"javascript:formcompra('1894',1);\"><img alt=\"Acquista l'articolo\" src=\"https:\/\/www.cittadellaeditrice.com\/munera\/wp-content\/uploads\/ico_acquista_digitale.jpg\" width=\"54\" height=\"54\" \/><\/a>\n<br \/><a title=\"Acquista\" href=\"javascript:formcompra('1894','1');\"> per continuare a leggere acquista questo articolo<\/a><\/p><p style=\"text-align:center\"><a href=\"https:\/\/www.cittadellaeditrice.com\/digital\/account\/\">Utente biblioteche abbonate: clicca qui \u00bb<\/a><\/p>","protected":false},"excerpt":{"rendered":"<p>I dipinti che presento non sono frutto n\u00e9 dell\u2019esperienza personale della guerra, n\u00e9 dell\u2019abbondanza di immagini in cui siamo immersi: io non guardo la televisione. Emozioni nascoste e minuscole si sono risvegliate per lo choc&#8230;<\/p>\n","protected":false},"author":2,"featured_media":0,"parent":2840,"menu_order":0,"comment_status":"open","ping_status":"open","template":"","meta":[],"categories":[410],"tags":[8,392,49],"_links":{"self":[{"href":"https:\/\/www.cittadellaeditrice.com\/munera\/wp-json\/wp\/v2\/pages\/12959"}],"collection":[{"href":"https:\/\/www.cittadellaeditrice.com\/munera\/wp-json\/wp\/v2\/pages"}],"about":[{"href":"https:\/\/www.cittadellaeditrice.com\/munera\/wp-json\/wp\/v2\/types\/page"}],"author":[{"embeddable":true,"href":"https:\/\/www.cittadellaeditrice.com\/munera\/wp-json\/wp\/v2\/users\/2"}],"replies":[{"embeddable":true,"href":"https:\/\/www.cittadellaeditrice.com\/munera\/wp-json\/wp\/v2\/comments?post=12959"}],"version-history":[{"count":1,"href":"https:\/\/www.cittadellaeditrice.com\/munera\/wp-json\/wp\/v2\/pages\/12959\/revisions"}],"predecessor-version":[{"id":12960,"href":"https:\/\/www.cittadellaeditrice.com\/munera\/wp-json\/wp\/v2\/pages\/12959\/revisions\/12960"}],"up":[{"embeddable":true,"href":"https:\/\/www.cittadellaeditrice.com\/munera\/wp-json\/wp\/v2\/pages\/2840"}],"wp:attachment":[{"href":"https:\/\/www.cittadellaeditrice.com\/munera\/wp-json\/wp\/v2\/media?parent=12959"}],"wp:term":[{"taxonomy":"category","embeddable":true,"href":"https:\/\/www.cittadellaeditrice.com\/munera\/wp-json\/wp\/v2\/categories?post=12959"},{"taxonomy":"post_tag","embeddable":true,"href":"https:\/\/www.cittadellaeditrice.com\/munera\/wp-json\/wp\/v2\/tags?post=12959"}],"curies":[{"name":"wp","href":"https:\/\/api.w.org\/{rel}","templated":true}]}}